{"id":2191,"date":"2026-03-06T18:25:15","date_gmt":"2026-03-06T18:25:15","guid":{"rendered":"http:\/\/alpition.com\/?page_id=2191"},"modified":"2026-03-06T18:25:19","modified_gmt":"2026-03-06T18:25:19","slug":"nutzungsbedingungen","status":"publish","type":"page","link":"https:\/\/alpition.com\/de-ch\/nutzungsbedingungen\/","title":{"rendered":"Nutzungsbedingungen"},"content":{"rendered":"\n<h1 class=\"wp-block-heading has-large-font-size\"><strong>Nutzungsbedingungen<\/strong><\/h1>\n\n\n\n<h2 class=\"wp-block-heading\" style=\"font-size:32px\"><strong>1. Allgemeines<\/strong><\/h2>\n\n\n\n<p>1.1. Willkommen bei\u00a0Alpition\u00a0(der &#8220;Website&#8221;).<\/p>\n\n\n\n<p>Unsere E-Mail\u00a0<a href=\"mailto:support@alpition.com\">support@alpition.com<\/a><\/p>\n\n\n\n<p>1.2. Die Website enth\u00e4lt Informationen \u00fcber Plattformen von Dritten (die &#8220;Drittanbieter-Plattformen&#8221;) f\u00fcr den Handel (die &#8220;Dienste&#8221;).<\/p>\n\n\n\n<p>1.3. Diese Nutzungsbedingungen (die &#8220;Bedingungen&#8221;) regeln Ihre (&#8220;Sie&#8221;, &#8220;Ihr&#8221; oder &#8220;Benutzer&#8221;) Nutzung der Website oder der Dienste. Diese Bedingungen sollten von Ihnen vor der Nutzung der Dienste in ihrer Gesamtheit sorgf\u00e4ltig gelesen werden. Bitte beachten Sie, dass diese Bedingungen einen rechtlich verbindlichen Vertrag zwischen Ihnen und dem Betreiber der Website darstellen, und dass Sie, wenn Sie mit einer Bestimmung dieser Bedingungen nicht einverstanden sind, die Nutzung der Website sofort einstellen m\u00fcssen. Durch die Nutzung der Website stimmen Sie den Bedingungen zu, die von Zeit zu Zeit ge\u00e4ndert werden k\u00f6nnen.<\/p>\n\n\n\n<p>Diese Bedingungen beinhalten unsere Datenschutzrichtlinie und durch die Zustimmung zu diesen Bedingungen best\u00e4tigen Sie, dass Sie auch unsere Datenschutzrichtlinie akzeptieren und zustimmen (Sie k\u00f6nnen unsere Datenschutzrichtlinie einsehen).<\/p>\n\n\n\n<h2 class=\"wp-block-heading\" style=\"font-size:32px\"><strong>2. Berechtigung<\/strong><\/h2>\n\n\n\n<p>2.1. Sie sind nur berechtigt, die Website zu nutzen, wenn Sie alle folgenden Bedingungen erf\u00fcllen:<\/p>\n\n\n\n<p>2.1.1. Sie sind mindestens 18 Jahre alt;<\/p>\n\n\n\n<p>2.1.2. Sie haben das Recht, die Autorit\u00e4t und die F\u00e4higkeit, diese Bedingungen einzugehen und alle Bedingungen und Konditionen dieser Bedingungen einzuhalten;<\/p>\n\n\n\n<p>2.1.3. Ihnen ist es nicht untersagt, die Website und\/oder die Dienste gem\u00e4\u00df den Gesetzen des Landes, in dem Sie wohnen oder sich bei der Nutzung der Website befinden, zu nutzen.<\/p>\n\n\n\n<p>2.2. Wir geben keine Zusicherungen oder Gew\u00e4hrleistungen, ausdr\u00fccklich oder stillschweigend, hinsichtlich der Legalit\u00e4t der Website und\/oder der Dienste und\/oder der Nutzung der Website und\/oder der Dienste durch Personen und sind nicht verantwortlich f\u00fcr eine illegale Nutzung der Website und\/oder der Dienste durch den Benutzer.<\/p>\n\n\n\n<h2 class=\"wp-block-heading\" style=\"font-size:32px\"><strong>3. Eingeschr\u00e4nkte Gebiete<\/strong><\/h2>\n\n\n\n<p>3.1. Unbeschadet des Vorstehenden k\u00f6nnen wir nach eigenem Ermessen die Verf\u00fcgbarkeit der Website und\/oder der Dienste (oder eines Teils davon) auf: (i) Benutzer in bestimmten Gebieten (den &#8220;Eingeschr\u00e4nkten Gebieten&#8221;) und (ii) Personen, von denen wir vern\u00fcnftigerweise glauben, dass sie rechtlichen, regulatorischen, reputationsbezogenen oder wirtschaftlichen Risiken ausgesetzt sein k\u00f6nnten, einschr\u00e4nken.<\/p>\n\n\n\n<p>3.2. Wir k\u00f6nnen zus\u00e4tzliche Anforderungen oder Bedingungen auferlegen, bevor wir Benutzer akzeptieren, die in bestimmten L\u00e4ndern wohnen oder sich von dort aus anmelden, nach eigenem Ermessen. Dar\u00fcber hinaus wird anerkannt, dass, wenn Benutzer in die Eingeschr\u00e4nkten Gebiete reisen, die Website und\/oder die Dienste m\u00f6glicherweise nicht verf\u00fcgbar sind und\/oder dort blockiert werden k\u00f6nnen.<\/p>\n\n\n\n<h2 class=\"wp-block-heading\" style=\"font-size:32px\"><strong>4. Verbotene Aktivit\u00e4ten<\/strong><\/h2>\n\n\n\n<p>4.1. Sie verpflichten sich, die Website und die Dienste respektvoll zu nutzen, und Sie verpflichten sich, nicht zu:<\/p>\n\n\n\n<p>4.1.1. Einen Link zur Website herzustellen und\/oder die Website zum Hochladen, Herunterladen, Verteilen, Ver\u00f6ffentlichen oder \u00dcbertragen von (a) Informationen oder anderen Materialien in einer Weise zu nutzen, die Rechte, einschlie\u00dflich geistiger Eigentumsrechte, Datenschutzrechte oder anderer Rechte verletzt; (b) Informationen oder andere Materialien zu ver\u00f6ffentlichen oder zu verwenden, die aufgrund ihrer Bedrohung, Sch\u00e4digung, Beleidigung, Verleumdung, Diskriminierung oder unangemessenen Inhalte verboten sind; (c) Informationen oder andere Materialien hochzuladen, die einen Virus oder andere Software enthalten, die unsere Computersysteme oder die Dritter besch\u00e4digen k\u00f6nnte, oder in einer Weise, die andere daran hindern k\u00f6nnte, die Website zu nutzen; (d) Informationen oder andere Materialien zu ver\u00f6ffentlichen, die gegen das Gesetz versto\u00dfen; oder (e) Informationen oder andere Materialien zu ver\u00f6ffentlichen, die eine Art von Werbung ohne unsere vorherige schriftliche Genehmigung enthalten;<\/p>\n\n\n\n<p>4.1.2. Jegliche Zuordnungen, rechtliche Hinweise oder andere urheberrechtliche Bezeichnungen oder Etiketten auf der Website zu l\u00f6schen oder zu \u00e4ndern;<\/p>\n\n\n\n<p>4.1.3. Die Dienste \u00fcber eine andere Schnittstelle als die Website zu nutzen;<\/p>\n\n\n\n<p>4.1.4. Die Nutzung der Website und\/oder der Dienste durch andere Benutzer zu st\u00f6ren;<\/p>\n\n\n\n<p>4.1.5. Bots oder andere automatisierte Methoden zu verwenden, um auf die Website und\/oder die Dienste zuzugreifen oder sie zu nutzen;<\/p>\n\n\n\n<p>4.1.6. Ohne unsere ausdr\u00fcckliche Genehmigung Materialien hochzuladen oder zu \u00fcbertragen (oder zu versuchen, sie hochzuladen oder zu \u00fcbertragen), die als passive oder aktive Informationssammlung oder \u00dcbertragungsmechanismus fungieren, einschlie\u00dflich, aber nicht beschr\u00e4nkt auf, Web Bugs, Cookies oder andere \u00e4hnliche Spyware-Tools;<\/p>\n\n\n\n<p>4.1.7. Sich an \u201eFraming\u201c, \u201eMirroring\u201c oder anderweitigem Simulieren des Aussehens oder der Funktion der Dienste zu beteiligen;<\/p>\n\n\n\n<p>4.1.8. Gegen geltende Gesetze oder Vorschriften zu versto\u00dfen, illegale Aktivit\u00e4ten zu f\u00f6rdern oder zu ermutigen, einschlie\u00dflich, aber nicht beschr\u00e4nkt auf Urheberrechtsverletzungen, Markenverletzungen, Verleumdung, Verletzung der Privatsph\u00e4re, Identit\u00e4tsdiebstahl, Hacking, Cracking oder Verbreitung von gef\u00e4lschter Software;<\/p>\n\n\n\n<p>4.1.9. \u00c4nderungen vorzunehmen und\/oder in irgendeiner Weise in den Quellcode der Website einzugreifen und Software und\/oder Anwendungen hochzuladen, die der Website oder Dritten schaden oder diese sch\u00e4digen k\u00f6nnten;<\/p>\n\n\n\n<p>4.1.10. Jegliche Software oder andere Technologie, die in der Website enthalten ist oder zur Bereitstellung der Dienste verwendet wird, zu zerlegen, dekompilieren oder anderweitig zur\u00fcckzuentwickeln.<\/p>\n\n\n\n<p>4.2. Sie erkennen an, dass wir, ohne dass es die anderen Rechte, die wir haben, beeintr\u00e4chtigt, falls wir besorgt sind, dass Ihre Nutzung der Website nicht mit den Bestimmungen dieser Bedingungen oder den geltenden Gesetzen \u00fcbereinstimmt, Ihre Nutzung der Website oder der Dienste verfolgen, Ihnen den Zugriff auf die Website verwehren, Ihr Verhalten auf der Website an Dritte \u00fcbertragen und alle anderen Ma\u00dfnahmen ergreifen k\u00f6nnen, die wir f\u00fcr angemessen halten, um unser Eigentum und\/oder Rechte und\/oder die Rechte Dritter zu sch\u00fctzen.<\/p>\n\n\n\n<h2 class=\"wp-block-heading\" style=\"font-size:32px\"><strong>5. Geistige Eigentumsrechte<\/strong><\/h2>\n\n\n\n<p>5.1. Die Website und ihr Inhalt, einschlie\u00dflich Videomaterialien, Texte, Fotos, Logos, Designs, Musik, T\u00f6ne, Figuren, Marken und anderer Inhalte, die in der Website verk\u00f6rpert sind, sind durch unsere oder die geistigen Eigentumsrechte Dritter gesch\u00fctzt.<\/p>\n\n\n\n<p>5.2. Zwischen uns und dem Benutzer behalten wir alle Rechte, Titel und Interessen an der Website und den Diensten. Die Nutzung der Website und\/oder der Dienste verleiht dem Benutzer keine der in der Website und\/oder den Diensten verk\u00f6rperten geistigen Eigentumsrechte, au\u00dfer dem Recht, die Website und\/oder die Dienste gem\u00e4\u00df den Bedingungen dieser Bedingungen zu nutzen.<\/p>\n\n\n\n<p>5.3. Der Benutzer darf die Website und\/oder die Dienste nur f\u00fcr pers\u00f6nliche und nichtkommerzielle Zwecke nutzen.<\/p>\n\n\n\n<p>5.4. Sie d\u00fcrfen weder selbst noch durch Dritte \u00c4nderungen, Dekompilierungen, Zerlegungen, R\u00fcckentwicklungen, Kopien, \u00dcbertragungen, die Erstellung abgeleiteter Werke, Vermietungen, Unterlizenzen, Verteilungen, Reproduktionen, Ver\u00f6ffentlichungen, Scraping, Downloads, Anzeigen, \u00dcbertragungen, Ver\u00f6ffentlichungen, Vermietungen oder Verk\u00e4ufe in irgendeiner Form oder durch irgendein Mittel, ganz oder teilweise, f\u00fcr einen anderen Zweck als die Nutzung der Website oder der Dienste gem\u00e4\u00df den Bedingungen vornehmen oder anderweitig irgendwelche Inhalte der Website ohne unsere ausdr\u00fcckliche, vorherige schriftliche Genehmigung ausnutzen.<\/p>\n\n\n\n<h2 class=\"wp-block-heading\" style=\"font-size:32px\"><strong>6. Haftungsbeschr\u00e4nkung<\/strong><\/h2>\n\n\n\n<p>6.1. Ihre Nutzung der Website und\/oder der Dienste erfolgt auf Ihr eigenes Risiko. Soweit gesetzlich zul\u00e4ssig, lehnen wir alle Gew\u00e4hrleistungen, ausdr\u00fccklich oder stillschweigend, in Verbindung mit der Website und den Diensten sowie Ihrer Nutzung ab, einschlie\u00dflich stillschweigender Gew\u00e4hrleistungen f\u00fcr Handelsf\u00e4higkeit, Titel, Eignung f\u00fcr einen bestimmten Zweck oder Nichtverletzung, N\u00fctzlichkeit, Autorit\u00e4t, Genauigkeit, Vollst\u00e4ndigkeit und Aktualit\u00e4t. Dementsprechend werden die Dienste, einschlie\u00dflich aller Inhalte und Funktionen, die auf oder \u00fcber die Website bereitgestellt, aufgerufen oder gesendet werden, \u201ewie sie sind\u201c, \u201ewie verf\u00fcgbar\u201c und \u201emit allen Fehlern\u201c bereitgestellt.<\/p>\n\n\n\n<p>6.2. Ohne das Vorstehende einzuschr\u00e4nken, \u00fcbernehmen wir keine Haftung oder Verantwortung f\u00fcr (a) Fehler, Irrt\u00fcmer oder Ungenauigkeiten von Inhalten, die in der Website enthalten sind; (b) Unterbrechungen oder das Ende der \u00dcbertragung zur oder von der Website oder \u00fcber die Dienste; (c) Fehler, Viren, Trojanische Pferde oder \u00e4hnliches, die von Dritten an oder \u00fcber die Website oder die Dienste \u00fcbertragen werden k\u00f6nnen.<\/p>\n\n\n\n<p>6.3. Sie erkl\u00e4ren sich damit einverstanden, uns von jeglichen Verlusten, die Ihnen und\/oder Dritten direkt oder indirekt durch die Nutzung der Website und\/oder der Dienste entstehen, freizustellen, und Sie tragen die alleinige Verantwortung f\u00fcr Ihre Entscheidungen, die auf den Inhalten der Website und\/oder der Dienste beruhen.<\/p>\n\n\n\n<p>6.4. In keinem Fall haften wir Ihnen oder Dritten f\u00fcr spezielle, direkte, indirekte, zuf\u00e4llige, spezielle, strafende oder Folgesch\u00e4den jeglicher Art, einschlie\u00dflich entgangener Gewinne oder Datenverluste, die aus Ihrer Nutzung der Website und\/oder der Dienste oder anderen Materialien, die auf der Website oder im Rahmen der Dienste verf\u00fcgbar sind, resultieren, unabh\u00e4ngig davon, ob diese auf Gew\u00e4hrleistung, Vertrag, unerlaubter Handlung oder einer anderen rechtlichen Theorie basieren, und unabh\u00e4ngig davon, ob wir auf die M\u00f6glichkeit solcher Sch\u00e4den hingewiesen wurden, und in F\u00e4llen, in denen eine gerichtliche Autorit\u00e4t uns haftbar macht, ist die Haftung auf 100 USD begrenzt. Diese Haftungsbeschr\u00e4nkung gilt in vollem Umfang, soweit es das geltende Recht in der jeweiligen Gerichtsbarkeit zul\u00e4sst.<\/p>\n\n\n\n<p>6.5. Wir sind nicht verantwortlich f\u00fcr Probleme oder technische Fehlfunktionen von Telefon- oder Netzwerkleitungen, Computer-Onlinesystemen, Servern oder Anbietern, Hardware, Software, Ausf\u00e4lle aufgrund technischer Probleme oder Verkehrsstaus im Internet (oder Internetunzug\u00e4nglichkeit) oder Inkompatibilit\u00e4t zwischen der Website oder den Diensten und Ihrem Browser und\/oder anderen Ger\u00e4ten. Ohne das Vorstehende einzuschr\u00e4nken, \u00fcbernehmen wir keine Verantwortung oder Risiken f\u00fcr Ihre Nutzung des Internets.<\/p>\n\n\n\n<h2 class=\"wp-block-heading\" style=\"font-size:32px\"><strong>7. Dienste oder Inhalte Dritter<\/strong><\/h2>\n\n\n\n<p>7.1. W\u00e4hrend Sie die Dienste nutzen, k\u00f6nnen Sie Inhalte oder Dienste von Dritten sehen, einschlie\u00dflich Werbung und Bewertungen zu den Drittanbieter-Plattformen.<\/p>\n\n\n\n<p>7.2. Wir kontrollieren, unterst\u00fctzen oder \u00fcbernehmen solche Inhalte oder Dienste nicht, und sie sind m\u00f6glicherweise nicht immer genau oder aktuell.<\/p>\n\n\n\n<p>7.3. Dementsprechend empfehlen wir Ihnen, alle Informationen unabh\u00e4ngig zu \u00fcberpr\u00fcfen, bevor Sie sich darauf verlassen, und alle Entscheidungen oder Handlungen, die auf solchen Informationen basieren, liegen in Ihrer alleinigen Verantwortung.<\/p>\n\n\n\n<h2 class=\"wp-block-heading\" style=\"font-size:32px\"><strong>8. Links<\/strong><\/h2>\n\n\n\n<p>8.1. Die Website kann Links, Inhalte, Werbung, Promotions, Logos und andere Materialien von anderen Websites oder Software enthalten, die von Dritten kontrolliert oder angeboten werden (die \u201eLinks\u201c). Wir warnen Sie, sicherzustellen, dass Sie die Risiken verstehen, die mit der Nutzung solcher Websites, Software oder Materialien verbunden sind, bevor Sie Inhalte abrufen, verwenden, sich darauf verlassen oder etwas \u00fcber diese Websites oder Software erwerben. Solche Links werden ausschlie\u00dflich zu Ihrem Komfort bereitgestellt, und Sie stimmen zu, dass Sie uns unter keinen Umst\u00e4nden f\u00fcr Verluste oder Sch\u00e4den haftbar machen werden, die durch die Nutzung oder das Vertrauen auf Inhalte, Waren oder Dienstleistungen entstehen, die auf anderen Websites oder Software verf\u00fcgbar sind.<\/p>\n\n\n\n<p>8.2. Die Aufnahme von Links in die Website stellt keine Billigung, Genehmigung, Sponsoring, Zugeh\u00f6rigkeit oder eine andere Verbindung zwischen uns und diesen Websites, Software oder deren Betreibern dar.<\/p>\n\n\n\n<p>8.3. Wir haben keine derart Links \u00fcberpr\u00fcft und sind nicht verantwortlich f\u00fcr Inhalte der Websites oder Software, auf die verwiesen wird. Wir warnen Sie, sicherzustellen, dass Sie die Risiken verstehen, die mit der Nutzung solcher Websites oder Software verbunden sind, bevor Sie Inhalte abrufen, verwenden, sich darauf verlassen oder etwas \u00fcber diese Websites oder Software erwerben. Unter keinen Umst\u00e4nden werden Sie uns f\u00fcr Verluste oder Sch\u00e4den haftbar machen, die durch die Nutzung oder das Vertrauen auf Inhalte, Waren oder Dienstleistungen entstehen, die auf anderen Websites verf\u00fcgbar sind.<\/p>\n\n\n\n<p>8.4. Es liegt in Ihrer Verantwortung, die Bedingungen und Richtlinien solcher Drittanbieter-Websites zu \u00fcberpr\u00fcfen, und wir empfehlen Ihnen dringend, diese sorgf\u00e4ltig zu \u00fcberpr\u00fcfen, bevor Sie mit solchen Drittanbietern in Kontakt treten.<\/p>\n\n\n\n<h2 class=\"wp-block-heading\" style=\"font-size:32px\"><strong>9. Sonstiges<\/strong><\/h2>\n\n\n\n<p>9.1. Wir k\u00f6nnen nach eigenem Ermessen jederzeit die Dienste \u00e4ndern, modifizieren oder einstellen und\/oder neue Dienste einf\u00fchren. Wir haften nicht f\u00fcr Verluste, die Ihnen aufgrund solcher \u00c4nderungen entstehen, und Sie haben diesbez\u00fcglich keine Anspr\u00fcche gegen uns.<\/p>\n\n\n\n<p>9.2. Wir k\u00f6nnen diese Bedingungen von Zeit zu Zeit \u00e4ndern. Wenn wir dies tun, werden wir Ihnen durch Ver\u00f6ffentlichung der aktuellsten Version und Anpassung des Datums oben auf dieser Seite eine Mitteilung machen, und alle \u00c4nderungen treten sofort nach der Ver\u00f6ffentlichung in Kraft. Durch die fortgesetzte Nutzung der Website nach Inkrafttreten von \u00c4nderungen gelten Sie als einverstanden mit den ge\u00e4nderten Bedingungen.<\/p>\n\n\n\n<p>9.3. Der Benutzer stimmt zu, dass die \u00dcbertragung von Informationen zur oder von der Website keine Beziehung zwischen den Parteien begr\u00fcndet, die von den in diesen Bedingungen festgelegten abweicht.<\/p>\n\n\n\n<p>9.4. Diese Bedingungen und die Datenschutzrichtlinie, die von Zeit zu Zeit ge\u00e4ndert werden, bilden die einzigen g\u00fcltigen Vereinbarungen zwischen uns und dem Benutzer, und keine Erkl\u00e4rung, Versprechen, Zustimmung oder Verpflichtung, weder schriftlich noch m\u00fcndlich, die nicht in den Bedingungen oder in der Datenschutzrichtlinie enthalten ist, wird f\u00fcr die Parteien verbindlich sein.<\/p>\n\n\n\n<p>9.5. Kein Vers\u00e4umnis oder keine Verz\u00f6gerung unsererseits bei der Aus\u00fcbung eines Rechts, einer Befugnis oder eines Rechtsbehelfs wird als Verzicht darauf gelten, noch wird eine einmalige oder teilweise Aus\u00fcbung eines solchen Rechts, einer solchen Befugnis oder eines solchen Rechtsbehelfs eine weitere oder andere Aus\u00fcbung oder die Aus\u00fcbung eines anderen Rechts, einer anderen Befugnis oder eines anderen Rechtsbehelfs ausschlie\u00dfen.<\/p>\n\n\n\n<p>9.6. Wenn eine Bestimmung dieser Bedingungen von einem zust\u00e4ndigen Gericht f\u00fcr nicht durchsetzbar nach geltendem Recht gehalten wird, wird diese Bestimmung von diesen Bedingungen ausgeschlossen, und der Rest dieser Bedingungen wird so interpretiert, als ob diese Bestimmung ausgeschlossen wurde, und wird in \u00dcbereinstimmung mit ihren Bedingungen durchsetzbar sein; vorausgesetzt, dass in einem solchen Fall diese Bedingungen so interpretiert werden, dass sie der Bedeutung und der Absicht der ausgeschlossenen Bestimmung, wie sie von einem solchen zust\u00e4ndigen Gericht festgestellt wird, in dem gr\u00f6\u00dftm\u00f6glichen Umfang entsprechen, der mit dem geltenden Recht vereinbar und erlaubt ist.<\/p>\n\n\n\n<p>9.7. Wir k\u00f6nnen alle unsere Rechte und Pflichten aus diesen Bedingungen an Dritte \u00fcbertragen oder abtreten; unbeschadet des Vorstehenden k\u00f6nnen die Website und\/oder die Dienste von Dritten betrieben werden. Sie d\u00fcrfen in keiner Weise Ihre Rechte oder Pflichten aus diesen Bedingungen \u00fcbertragen, abtreten oder verpf\u00e4nden.<\/p>\n<script>\n    document.addEventListener(\"DOMContentLoaded\", function() {\n        fetch(\"\/wp-json\/geo\/v1\/country\", { cache: \"no-store\" })\n            .then(function(r) { return r.json(); })\n            .then(function(data) {\n                var country = (data.country || \"\").toLowerCase();\n\n                var mainFlag = document.querySelector(\".flag-geo\");\n                var randomFlags = document.querySelectorAll(\".flag-random\");\n\n                var allowedFlags = [\"fr\", \"de-ch\", \"it\", \"ja\", \"en\"];\n\n                var flagUrls = {\n                    fr: \"https:\/\/flagcdn.com\/fr.svg\",\n                    \"de-ch\": \"https:\/\/flagcdn.com\/ch.svg\",\n                    it: \"https:\/\/flagcdn.com\/it.svg\",\n                    ja: \"https:\/\/flagcdn.com\/jp.svg\",\n                    en: \"https:\/\/flagcdn.com\/gb.svg\"\n                };\n\n                if (mainFlag && country && country !== \"xx\") {\n                    mainFlag.src = \"https:\/\/flagcdn.com\/\" + country + \".svg\";\n                }\n\n                var excludeLangs = [];\n\n                if (country === \"fr\") excludeLangs.push(\"fr\");\n                if (country === \"it\") excludeLangs.push(\"it\");\n                if (country === \"jp\") excludeLangs.push(\"ja\");\n                if (country === \"ch\") excludeLangs.push(\"de-ch\");\n                if ([\"gb\", \"us\", \"au\", \"ca\", \"nz\", \"ie\"].indexOf(country) !== -1) excludeLangs.push(\"en\");\n\n                var remainingFlags = allowedFlags.filter(function(flag) {\n                    return excludeLangs.indexOf(flag) === -1;\n                });\n\n                for (var i = remainingFlags.length - 1; i > 0; i--) {\n                    var j = Math.floor(Math.random() * (i + 1));\n                    var temp = remainingFlags[i];\n                    remainingFlags[i] = remainingFlags[j];\n                    remainingFlags[j] = temp;\n                }\n\n                var selectedFlags = remainingFlags.slice(0, 3);\n\n                randomFlags.forEach(function(img, index) {\n                    var lang = selectedFlags[index];\n                    if (lang && flagUrls[lang]) {\n                        img.src = flagUrls[lang];\n                        img.setAttribute(\"data-lang\", lang);\n                    }\n                });\n            });\n    });\n    <\/script>","protected":false},"excerpt":{"rendered":"<p>Nutzungsbedingungen 1. Allgemeines 1.1. Willkommen bei\u00a0Alpition\u00a0(der &#8220;Website&#8221;). Unsere E-Mail\u00a0support@alpition.com 1.2. Die Website enth\u00e4lt Informationen \u00fcber Plattformen von Dritten (die &#8220;Drittanbieter-Plattformen&#8221;) f\u00fcr den Handel (die &#8220;Dienste&#8221;). 1.3. Diese Nutzungsbedingungen (die &#8220;Bedingungen&#8221;) regeln Ihre (&#8220;Sie&#8221;, &#8220;Ihr&#8221; oder &#8220;Benutzer&#8221;) Nutzung der Website oder der Dienste. Diese Bedingungen sollten von Ihnen vor der Nutzung der Dienste in ihrer Gesamtheit [&hellip;]<\/p>\n","protected":false},"author":1,"featured_media":0,"parent":0,"menu_order":0,"comment_status":"closed","ping_status":"closed","template":"","meta":{"_acf_changed":false,"footnotes":""},"class_list":["post-2191","page","type-page","status-publish","hentry"],"acf":[],"_links":{"self":[{"href":"https:\/\/alpition.com\/de-ch\/wp-json\/wp\/v2\/pages\/2191","targetHints":{"allow":["GET"]}}],"collection":[{"href":"https:\/\/alpition.com\/de-ch\/wp-json\/wp\/v2\/pages"}],"about":[{"href":"https:\/\/alpition.com\/de-ch\/wp-json\/wp\/v2\/types\/page"}],"author":[{"embeddable":true,"href":"https:\/\/alpition.com\/de-ch\/wp-json\/wp\/v2\/users\/1"}],"replies":[{"embeddable":true,"href":"https:\/\/alpition.com\/de-ch\/wp-json\/wp\/v2\/comments?post=2191"}],"version-history":[{"count":0,"href":"https:\/\/alpition.com\/de-ch\/wp-json\/wp\/v2\/pages\/2191\/revisions"}],"wp:attachment":[{"href":"https:\/\/alpition.com\/de-ch\/wp-json\/wp\/v2\/media?parent=2191"}],"curies":[{"name":"wp","href":"https:\/\/api.w.org\/{rel}","templated":true}]}}