{"id":2216,"date":"2026-03-06T19:27:11","date_gmt":"2026-03-06T19:27:11","guid":{"rendered":"http:\/\/alpition.com\/?page_id=2216"},"modified":"2026-03-06T19:35:51","modified_gmt":"2026-03-06T19:35:51","slug":"cookie","status":"publish","type":"page","link":"https:\/\/alpition.com\/de-ch\/cookie\/","title":{"rendered":"Cookie"},"content":{"rendered":"\n<h1 class=\"wp-block-heading has-large-font-size\"><strong>Cookie<\/strong><\/h1>\n\n\n<style>\n    .faq__block {\n        padding-bottom: 140px;\n    }\n\n    .faq__wrapper {\n        display: flex;\n        gap: 108px;\n        flex-direction: row;\n    }\n\n    .faq__wrapper--title h2 {\n        font-size: 62px;\n        line-height: 56px;\n        font-weight: 600;\n        max-width: 450px;\n    }\n\n    .faq-accordion .faq__question {\n        font-weight: 600;\n        font-size: 20px;\n        line-height: 24px;\n        letter-spacing: 0.2px;\n        padding: 24px 0;\n        cursor: pointer;\n        border-bottom: 1px solid #70707033;\n        display: flex;\n    }\n\n    .faq-accordion .faq__answer {\n        max-height: 0;\n        overflow: hidden;\n        margin-top: 8px;\n        color: #333;\n        opacity: 0;\n    }\n\n    .faq-accordion.active .faq__answer {\n        max-height: 500px;\n        opacity: 1;\n        color: #707070;\n        line-height: 26px;\n    }\n\n    .faq-accordion .faq__arrow {\n        margin-left: auto;\n    }\n\n    .faq-accordion .faq__arrow svg {\n        color: #707070;\n    }\n\n    .faq-accordion.active .faq__arrow {\n        transform: rotate(180deg);\n    }\n\n    @media(max-width: 991px) {\n        .faq__wrapper {\n            flex-direction: column;\n            gap: 24px;\n        }\n\n        .faq__wrapper--title h2 {\n            font-size: 28px;\n            line-height: 36px;\n        }\n\n        .faq-accordion .faq__question {\n            font-size: 18px;\n            line-height: 24px;\n            padding: 20px 0;\n        }\n\n        .faq__block {\n            padding-bottom: 60px;\n        }\n    }\n<\/style>\n<section class=\"faq__block\">\n    <div class=\"container\">\n        <div class=\"faq__wrapper\">\n            <div class=\"faq__wrapper--title\">\n                            <\/div>\n                            <div class=\"faq-wrapper__row\">\n                                            <div class=\"faq-accordion\">\n                            <div class=\"faq__question\">\n                                <span>Was sind Cookies?<\/span>\n                                <span class=\"faq__arrow\"><svg width=\"24\" height=\"24\" viewBox=\"0 0 24 24\" fill=\"none\" xmlns=\"http:\/\/www.w3.org\/2000\/svg\" class=\"shrink-0 text-bg-control dark:text-bg-controlDark transition\"><path fill-rule=\"evenodd\" clip-rule=\"evenodd\" d=\"M5.79289 9.29289C6.18342 8.90237 6.81658 8.90237 7.20711 9.29289L12 14.0858L16.7929 9.29289C17.1834 8.90237 17.8166 8.90237 18.2071 9.29289C18.5976 9.68342 18.5976 10.3166 18.2071 10.7071L12.7071 16.2071C12.3166 16.5976 11.6834 16.5976 11.2929 16.2071L5.79289 10.7071C5.40237 10.3166 5.40237 9.68342 5.79289 9.29289Z\" fill=\"currentColor\"><\/path><\/svg><\/span>\n                            <\/div>\n                            <div class=\"faq__answer\">\n                                <p><p>Cookies sind kleine Textdateien, die auf Ihrem Computer, Smartphone oder einem anderen Ger\u00e4t gespeichert werden, wenn Sie eine Website besuchen. Diese Dateien enthalten Informationen, die es der Website erm\u00f6glichen, Ihr Ger\u00e4t zu erkennen und bestimmte Informationen \u00fcber Ihren Besuch zu speichern.<br \/>\nCookies helfen Websites, ordnungsgem\u00e4\u00df zu funktionieren, indem sie Benutzereinstellungen, Authentifizierungssitzungen und Browsereinstellungen speichern. Sie erm\u00f6glichen es Websites au\u00dferdem zu verstehen, wie Besucher mit Seiten und Diensten interagieren.<br \/>\nCookies enthalten in der Regel keine Informationen, die eine Person direkt identifizieren. Sie k\u00f6nnen jedoch mit Informationen verkn\u00fcpft sein, die eine Website \u00fcber einen Nutzer speichert, beispielsweise Kontoeinstellungen oder Pr\u00e4ferenzen.<br \/>\nCookies werden im gesamten Internet weit verbreitet eingesetzt und spielen eine wichtige Rolle dabei, dass moderne Websites effizient und sicher funktionieren.<\/p>\n<\/p>\n                            <\/div>\n                        <\/div>\n                                            <div class=\"faq-accordion\">\n                            <div class=\"faq__question\">\n                                <span>Warum verwendet Alpition Cookies?<\/span>\n                                <span class=\"faq__arrow\"><svg width=\"24\" height=\"24\" viewBox=\"0 0 24 24\" fill=\"none\" xmlns=\"http:\/\/www.w3.org\/2000\/svg\" class=\"shrink-0 text-bg-control dark:text-bg-controlDark transition\"><path fill-rule=\"evenodd\" clip-rule=\"evenodd\" d=\"M5.79289 9.29289C6.18342 8.90237 6.81658 8.90237 7.20711 9.29289L12 14.0858L16.7929 9.29289C17.1834 8.90237 17.8166 8.90237 18.2071 9.29289C18.5976 9.68342 18.5976 10.3166 18.2071 10.7071L12.7071 16.2071C12.3166 16.5976 11.6834 16.5976 11.2929 16.2071L5.79289 10.7071C5.40237 10.3166 5.40237 9.68342 5.79289 9.29289Z\" fill=\"currentColor\"><\/path><\/svg><\/span>\n                            <\/div>\n                            <div class=\"faq__answer\">\n                                <p><p>Alpition verwendet Cookies, um sicherzustellen, dass die Website reibungslos funktioniert und um die allgemeine Benutzererfahrung zu verbessern.<\/p>\n<p>Cookies helfen uns dabei:<\/p>\n<ul class=\"wp-block-list list-view\">\n<li>die ordnungsgem\u00e4\u00dfe Funktion wesentlicher Website-Funktionen sicherzustellen<\/li>\n<li>sichere Login-Sitzungen f\u00fcr registrierte Nutzer aufrechtzuerhalten<\/li>\n<li>Benutzereinstellungen wie Sprache und Region zu speichern<\/li>\n<li>zu analysieren, wie Besucher mit unserer Website interagieren<\/li>\n<li>die Leistung und Benutzerfreundlichkeit der Website zu verbessern<\/li>\n<li>verd\u00e4chtige Aktivit\u00e4ten zu erkennen und Sicherheitsma\u00dfnahmen zu verst\u00e4rken<\/li>\n<\/ul>\n<p>Durch das Sammeln aggregierter Informationen \u00fcber die Nutzung der Website helfen uns Cookies zu verstehen, wie unsere Dienste verwendet werden und wo Verbesserungen erforderlich sein k\u00f6nnten.<\/p>\n<\/p>\n                            <\/div>\n                        <\/div>\n                                            <div class=\"faq-accordion\">\n                            <div class=\"faq__question\">\n                                <span>Welche Arten von Cookies werden auf unserer Website verwendet?<\/span>\n                                <span class=\"faq__arrow\"><svg width=\"24\" height=\"24\" viewBox=\"0 0 24 24\" fill=\"none\" xmlns=\"http:\/\/www.w3.org\/2000\/svg\" class=\"shrink-0 text-bg-control dark:text-bg-controlDark transition\"><path fill-rule=\"evenodd\" clip-rule=\"evenodd\" d=\"M5.79289 9.29289C6.18342 8.90237 6.81658 8.90237 7.20711 9.29289L12 14.0858L16.7929 9.29289C17.1834 8.90237 17.8166 8.90237 18.2071 9.29289C18.5976 9.68342 18.5976 10.3166 18.2071 10.7071L12.7071 16.2071C12.3166 16.5976 11.6834 16.5976 11.2929 16.2071L5.79289 10.7071C5.40237 10.3166 5.40237 9.68342 5.79289 9.29289Z\" fill=\"currentColor\"><\/path><\/svg><\/span>\n                            <\/div>\n                            <div class=\"faq__answer\">\n                                <p><p>Unsere Website kann je nach Zweck und Funktionalit\u00e4t verschiedene Kategorien von Cookies verwenden.<\/p>\n<h3>Essenzielle Cookies<\/h3>\n<p>Essenzielle Cookies sind f\u00fcr den grundlegenden Betrieb der Website erforderlich. Ohne diese Cookies k\u00f6nnen bestimmte Funktionen und Dienste nicht ordnungsgem\u00e4\u00df funktionieren.<\/p>\n<p>Diese Cookies erm\u00f6glichen zentrale Funktionen wie:<\/p>\n<ul class=\"wp-block-list list-view\">\n<li>sicheren Login<\/li>\n<li>Sitzungsverwaltung<\/li>\n<li>Navigation zwischen Seiten<\/li>\n<\/ul>\n<p>Da diese Cookies f\u00fcr das Funktionieren der Website erforderlich sind, k\u00f6nnen sie in der Regel nicht \u00fcber die Cookie-Einstellungen deaktiviert werden.<\/p>\n<\/p>\n                            <\/div>\n                        <\/div>\n                                            <div class=\"faq-accordion\">\n                            <div class=\"faq__question\">\n                                <span>Funktionale Cookies<\/span>\n                                <span class=\"faq__arrow\"><svg width=\"24\" height=\"24\" viewBox=\"0 0 24 24\" fill=\"none\" xmlns=\"http:\/\/www.w3.org\/2000\/svg\" class=\"shrink-0 text-bg-control dark:text-bg-controlDark transition\"><path fill-rule=\"evenodd\" clip-rule=\"evenodd\" d=\"M5.79289 9.29289C6.18342 8.90237 6.81658 8.90237 7.20711 9.29289L12 14.0858L16.7929 9.29289C17.1834 8.90237 17.8166 8.90237 18.2071 9.29289C18.5976 9.68342 18.5976 10.3166 18.2071 10.7071L12.7071 16.2071C12.3166 16.5976 11.6834 16.5976 11.2929 16.2071L5.79289 10.7071C5.40237 10.3166 5.40237 9.68342 5.79289 9.29289Z\" fill=\"currentColor\"><\/path><\/svg><\/span>\n                            <\/div>\n                            <div class=\"faq__answer\">\n                                <p><h3>Funktionale Cookies<\/h3>\n<p>Funktionale Cookies erm\u00f6glichen es der Website, die von Nutzern getroffenen Entscheidungen zu speichern und erweiterte Funktionen bereitzustellen.<\/p>\n<p>Diese Cookies k\u00f6nnen beispielsweise folgende Informationen speichern:<\/p>\n<ul class=\"wp-block-list list-view\">\n<li>Spracheinstellungen<\/li>\n<li>regionale Einstellungen<\/li>\n<li>Benutzeroberfl\u00e4chen-Pr\u00e4ferenzen<\/li>\n<\/ul>\n<p>Sie tragen dazu bei, ein personalisierteres Nutzungserlebnis zu schaffen.<\/p>\n<\/p>\n                            <\/div>\n                        <\/div>\n                                            <div class=\"faq-accordion\">\n                            <div class=\"faq__question\">\n                                <span>Analyse-Cookies<\/span>\n                                <span class=\"faq__arrow\"><svg width=\"24\" height=\"24\" viewBox=\"0 0 24 24\" fill=\"none\" xmlns=\"http:\/\/www.w3.org\/2000\/svg\" class=\"shrink-0 text-bg-control dark:text-bg-controlDark transition\"><path fill-rule=\"evenodd\" clip-rule=\"evenodd\" d=\"M5.79289 9.29289C6.18342 8.90237 6.81658 8.90237 7.20711 9.29289L12 14.0858L16.7929 9.29289C17.1834 8.90237 17.8166 8.90237 18.2071 9.29289C18.5976 9.68342 18.5976 10.3166 18.2071 10.7071L12.7071 16.2071C12.3166 16.5976 11.6834 16.5976 11.2929 16.2071L5.79289 10.7071C5.40237 10.3166 5.40237 9.68342 5.79289 9.29289Z\" fill=\"currentColor\"><\/path><\/svg><\/span>\n                            <\/div>\n                            <div class=\"faq__answer\">\n                                <p><h3>Analyse-Cookies<\/h3>\n<p>Analyse-Cookies sammeln Informationen dar\u00fcber, wie Besucher die Website nutzen. Diese Informationen helfen uns, das Nutzerverhalten besser zu verstehen und die Leistung unserer Dienste zu verbessern.<\/p>\n<p>Analyse-Cookies k\u00f6nnen beispielsweise folgende Informationen erfassen:<\/p>\n<ul class=\"wp-block-list list-view\">\n<li>welche Seiten am h\u00e4ufigsten besucht werden<\/li>\n<li>wie lange Nutzer auf bestimmten Seiten bleiben<\/li>\n<li>welche Links angeklickt werden<\/li>\n<li>wie sich Nutzer durch die Website bewegen<\/li>\n<\/ul>\n<p>Die durch Analyse-Cookies gesammelten Daten werden in der Regel aggregiert und anonymisiert.<\/p>\n<\/p>\n                            <\/div>\n                        <\/div>\n                                            <div class=\"faq-accordion\">\n                            <div class=\"faq__question\">\n                                <span>Sicherheits-Cookies<\/span>\n                                <span class=\"faq__arrow\"><svg width=\"24\" height=\"24\" viewBox=\"0 0 24 24\" fill=\"none\" xmlns=\"http:\/\/www.w3.org\/2000\/svg\" class=\"shrink-0 text-bg-control dark:text-bg-controlDark transition\"><path fill-rule=\"evenodd\" clip-rule=\"evenodd\" d=\"M5.79289 9.29289C6.18342 8.90237 6.81658 8.90237 7.20711 9.29289L12 14.0858L16.7929 9.29289C17.1834 8.90237 17.8166 8.90237 18.2071 9.29289C18.5976 9.68342 18.5976 10.3166 18.2071 10.7071L12.7071 16.2071C12.3166 16.5976 11.6834 16.5976 11.2929 16.2071L5.79289 10.7071C5.40237 10.3166 5.40237 9.68342 5.79289 9.29289Z\" fill=\"currentColor\"><\/path><\/svg><\/span>\n                            <\/div>\n                            <div class=\"faq__answer\">\n                                <p><h3>Sicherheits-Cookies<\/h3>\n<p>Sicherheits-Cookies helfen dabei, die Website und Benutzerkonten vor unbefugtem Zugriff oder sch\u00e4dlichen Aktivit\u00e4ten zu sch\u00fctzen.<\/p>\n<p>Sie k\u00f6nnen beispielsweise dabei helfen:<\/p>\n<ul class=\"wp-block-list list-view\">\n<li>ungew\u00f6hnliche Login-Versuche zu erkennen<\/li>\n<li>betr\u00fcgerische Aktivit\u00e4ten zu verhindern<\/li>\n<li>Sicherheitsmechanismen der Plattform zu unterst\u00fctzen<\/li>\n<\/ul>\n<p>Diese Cookies spielen eine wichtige Rolle beim Schutz von Nutzerdaten und der Integrit\u00e4t unserer Dienste.<\/p>\n<\/p>\n                            <\/div>\n                        <\/div>\n                                            <div class=\"faq-accordion\">\n                            <div class=\"faq__question\">\n                                <span>Wie lange werden Cookies gespeichert?<\/span>\n                                <span class=\"faq__arrow\"><svg width=\"24\" height=\"24\" viewBox=\"0 0 24 24\" fill=\"none\" xmlns=\"http:\/\/www.w3.org\/2000\/svg\" class=\"shrink-0 text-bg-control dark:text-bg-controlDark transition\"><path fill-rule=\"evenodd\" clip-rule=\"evenodd\" d=\"M5.79289 9.29289C6.18342 8.90237 6.81658 8.90237 7.20711 9.29289L12 14.0858L16.7929 9.29289C17.1834 8.90237 17.8166 8.90237 18.2071 9.29289C18.5976 9.68342 18.5976 10.3166 18.2071 10.7071L12.7071 16.2071C12.3166 16.5976 11.6834 16.5976 11.2929 16.2071L5.79289 10.7071C5.40237 10.3166 5.40237 9.68342 5.79289 9.29289Z\" fill=\"currentColor\"><\/path><\/svg><\/span>\n                            <\/div>\n                            <div class=\"faq__answer\">\n                                <p><p>Cookies k\u00f6nnen je nach Zweck f\u00fcr unterschiedliche Zeitr\u00e4ume auf Ihrem Ger\u00e4t gespeichert werden.<br \/>\nSession-Cookies sind tempor\u00e4re Cookies, die nur w\u00e4hrend Ihrer Browsersitzung aktiv bleiben. Sie werden automatisch gel\u00f6scht, sobald Sie Ihren Browser schlie\u00dfen.<br \/>\nPersistente Cookies bleiben f\u00fcr einen festgelegten Zeitraum auf Ihrem Ger\u00e4t gespeichert oder bis Sie sie manuell l\u00f6schen. Diese Cookies helfen der Website, Ihre Einstellungen f\u00fcr zuk\u00fcnftige Besuche zu speichern.<br \/>\nDie genaue Speicherdauer h\u00e4ngt vom jeweiligen Cookie und dessen Zweck ab.<\/p>\n<\/p>\n                            <\/div>\n                        <\/div>\n                                            <div class=\"faq-accordion\">\n                            <div class=\"faq__question\">\n                                <span>Was sind Cookies von Drittanbietern?<\/span>\n                                <span class=\"faq__arrow\"><svg width=\"24\" height=\"24\" viewBox=\"0 0 24 24\" fill=\"none\" xmlns=\"http:\/\/www.w3.org\/2000\/svg\" class=\"shrink-0 text-bg-control dark:text-bg-controlDark transition\"><path fill-rule=\"evenodd\" clip-rule=\"evenodd\" d=\"M5.79289 9.29289C6.18342 8.90237 6.81658 8.90237 7.20711 9.29289L12 14.0858L16.7929 9.29289C17.1834 8.90237 17.8166 8.90237 18.2071 9.29289C18.5976 9.68342 18.5976 10.3166 18.2071 10.7071L12.7071 16.2071C12.3166 16.5976 11.6834 16.5976 11.2929 16.2071L5.79289 10.7071C5.40237 10.3166 5.40237 9.68342 5.79289 9.29289Z\" fill=\"currentColor\"><\/path><\/svg><\/span>\n                            <\/div>\n                            <div class=\"faq__answer\">\n                                <p><h3>Cookies von Drittanbietern<\/h3>\n<p>Einige Cookies, die auf unserer Website verwendet werden, k\u00f6nnen von Drittanbietern gesetzt werden. Diese Anbieter unterst\u00fctzen bestimmte Funktionen wie Analysen, \u00dcberwachung der Website-Performance oder Sicherheitssysteme.<\/p>\n<p>Cookies von Drittanbietern k\u00f6nnen beispielsweise verwendet werden, um:<\/p>\n<ul class=\"wp-block-list list-view\">\n<li>Website-Traffic und Nutzungsmuster zu analysieren<\/li>\n<li>die Leistung der Website zu messen<\/li>\n<li>technische Probleme zu erkennen<\/li>\n<li>die Zuverl\u00e4ssigkeit der Dienste zu verbessern<\/li>\n<\/ul>\n<p>Alpition hat keine direkte Kontrolle \u00fcber Cookies, die von Drittanbietern gesetzt werden. Nutzern wird empfohlen, die Datenschutzrichtlinien dieser Anbieter zu \u00fcberpr\u00fcfen, um weitere Informationen zu erhalten.<\/p>\n<\/p>\n                            <\/div>\n                        <\/div>\n                                            <div class=\"faq-accordion\">\n                            <div class=\"faq__question\">\n                                <span>Wie k\u00f6nnen Nutzer Cookies verwalten oder deaktivieren?<\/span>\n                                <span class=\"faq__arrow\"><svg width=\"24\" height=\"24\" viewBox=\"0 0 24 24\" fill=\"none\" xmlns=\"http:\/\/www.w3.org\/2000\/svg\" class=\"shrink-0 text-bg-control dark:text-bg-controlDark transition\"><path fill-rule=\"evenodd\" clip-rule=\"evenodd\" d=\"M5.79289 9.29289C6.18342 8.90237 6.81658 8.90237 7.20711 9.29289L12 14.0858L16.7929 9.29289C17.1834 8.90237 17.8166 8.90237 18.2071 9.29289C18.5976 9.68342 18.5976 10.3166 18.2071 10.7071L12.7071 16.2071C12.3166 16.5976 11.6834 16.5976 11.2929 16.2071L5.79289 10.7071C5.40237 10.3166 5.40237 9.68342 5.79289 9.29289Z\" fill=\"currentColor\"><\/path><\/svg><\/span>\n                            <\/div>\n                            <div class=\"faq__answer\">\n                                <p><h3>Verwaltung von Cookies<\/h3>\n<p>Nutzer k\u00f6nnen steuern, wie Cookies verwendet werden, indem sie ihre Browsereinstellungen anpassen.<\/p>\n<p>Die meisten Webbrowser erm\u00f6glichen es,:<\/p>\n<ul class=\"wp-block-list list-view\">\n<li>gespeicherte Cookies einzusehen<\/li>\n<li>bestehende Cookies zu l\u00f6schen<\/li>\n<li>Cookies von bestimmten Websites zu blockieren<\/li>\n<li>alle Cookies zu blockieren<\/li>\n<\/ul>\n<p>Bitte beachten Sie, dass das Deaktivieren bestimmter Cookies die Funktionalit\u00e4t der Website beeintr\u00e4chtigen und den Zugriff auf einige Funktionen einschr\u00e4nken kann.<\/p>\n<p>Informationen zur Verwaltung von Cookies finden Sie normalerweise im Hilfebereich Ihres Browsers.<\/p>\n<\/p>\n                            <\/div>\n                        <\/div>\n                                            <div class=\"faq-accordion\">\n                            <div class=\"faq__question\">\n                                <span>Rechtsgrundlage f\u00fcr die Verwendung von Cookies<\/span>\n                                <span class=\"faq__arrow\"><svg width=\"24\" height=\"24\" viewBox=\"0 0 24 24\" fill=\"none\" xmlns=\"http:\/\/www.w3.org\/2000\/svg\" class=\"shrink-0 text-bg-control dark:text-bg-controlDark transition\"><path fill-rule=\"evenodd\" clip-rule=\"evenodd\" d=\"M5.79289 9.29289C6.18342 8.90237 6.81658 8.90237 7.20711 9.29289L12 14.0858L16.7929 9.29289C17.1834 8.90237 17.8166 8.90237 18.2071 9.29289C18.5976 9.68342 18.5976 10.3166 18.2071 10.7071L12.7071 16.2071C12.3166 16.5976 11.6834 16.5976 11.2929 16.2071L5.79289 10.7071C5.40237 10.3166 5.40237 9.68342 5.79289 9.29289Z\" fill=\"currentColor\"><\/path><\/svg><\/span>\n                            <\/div>\n                            <div class=\"faq__answer\">\n                                <p><h3>Rechtliche Grundlagen f\u00fcr die Verwendung von Cookies<\/h3>\n<p>Soweit anwendbar, werden Cookies in \u00dcbereinstimmung mit den geltenden Datenschutzvorschriften verwendet, einschlie\u00dflich:<\/p>\n<ul class=\"wp-block-list list-view\">\n<li>der Datenschutz-Grundverordnung (DSGVO \/ GDPR)<\/li>\n<li>des Schweizer Bundesgesetzes \u00fcber den Datenschutz (nDSG)<\/li>\n<\/ul>\n<p>Essenzielle Cookies werden auf Grundlage berechtigter Interessen verwendet, um das ordnungsgem\u00e4\u00dfe Funktionieren und die Sicherheit der Website sicherzustellen.<\/p>\n<p>Andere Arten von Cookies k\u00f6nnen auf Grundlage der Einwilligung der Nutzer verwendet werden, die \u00fcber Cookie-Einstellungen oder Browserpr\u00e4ferenzen verwaltet werden kann.<\/p>\n<\/p>\n                            <\/div>\n                        <\/div>\n                                            <div class=\"faq-accordion\">\n                            <div class=\"faq__question\">\n                                <span>Aktualisierungen dieser Cookie-Richtlinie<\/span>\n                                <span class=\"faq__arrow\"><svg width=\"24\" height=\"24\" viewBox=\"0 0 24 24\" fill=\"none\" xmlns=\"http:\/\/www.w3.org\/2000\/svg\" class=\"shrink-0 text-bg-control dark:text-bg-controlDark transition\"><path fill-rule=\"evenodd\" clip-rule=\"evenodd\" d=\"M5.79289 9.29289C6.18342 8.90237 6.81658 8.90237 7.20711 9.29289L12 14.0858L16.7929 9.29289C17.1834 8.90237 17.8166 8.90237 18.2071 9.29289C18.5976 9.68342 18.5976 10.3166 18.2071 10.7071L12.7071 16.2071C12.3166 16.5976 11.6834 16.5976 11.2929 16.2071L5.79289 10.7071C5.40237 10.3166 5.40237 9.68342 5.79289 9.29289Z\" fill=\"currentColor\"><\/path><\/svg><\/span>\n                            <\/div>\n                            <div class=\"faq__answer\">\n                                <p><p>Alpition kann diese Cookie-Richtlinie von Zeit zu Zeit aktualisieren, um \u00c4nderungen gesetzlicher Anforderungen, technologische Entwicklungen oder Aktualisierungen unserer Dienste zu ber\u00fccksichtigen.<br \/>\nAlle \u00c4nderungen werden auf dieser Seite ver\u00f6ffentlicht.<br \/>\nNutzer werden gebeten, diese Richtlinie regelm\u00e4\u00dfig zu \u00fcberpr\u00fcfen, um dar\u00fcber informiert zu bleiben, wie Cookies auf der Plattform verwendet werden.<\/p>\n<\/p>\n                            <\/div>\n                        <\/div>\n                                            <div class=\"faq-accordion\">\n                            <div class=\"faq__question\">\n                                <span>Kontakt<\/span>\n                                <span class=\"faq__arrow\"><svg width=\"24\" height=\"24\" viewBox=\"0 0 24 24\" fill=\"none\" xmlns=\"http:\/\/www.w3.org\/2000\/svg\" class=\"shrink-0 text-bg-control dark:text-bg-controlDark transition\"><path fill-rule=\"evenodd\" clip-rule=\"evenodd\" d=\"M5.79289 9.29289C6.18342 8.90237 6.81658 8.90237 7.20711 9.29289L12 14.0858L16.7929 9.29289C17.1834 8.90237 17.8166 8.90237 18.2071 9.29289C18.5976 9.68342 18.5976 10.3166 18.2071 10.7071L12.7071 16.2071C12.3166 16.5976 11.6834 16.5976 11.2929 16.2071L5.79289 10.7071C5.40237 10.3166 5.40237 9.68342 5.79289 9.29289Z\" fill=\"currentColor\"><\/path><\/svg><\/span>\n                            <\/div>\n                            <div class=\"faq__answer\">\n                                <p><p>Wenn Sie Fragen zu dieser Cookie-Richtlinie oder zur Verwendung von Cookies auf der Alpition-Website haben, wenden Sie sich bitte an unser Support-Team \u00fcber die auf der Website verf\u00fcgbaren Kontaktm\u00f6glichkeiten.<\/p>\n<\/p>\n                            <\/div>\n                        <\/div>\n                                    <\/div>\n                    <\/div>\n    <\/div>\n<\/section>\n\n<script>\ndocument.addEventListener(\"DOMContentLoaded\", () => {\n    const accordions = document.querySelectorAll(\".faq-accordion\");\n\n    accordions.forEach((accordion) => {\n        const question = accordion.querySelector(\".faq__question\");\n\n        question.addEventListener(\"click\", () => {\n            accordion.classList.toggle(\"active\");\n        });\n    });\n});\n<\/script>\n<script>\n    document.addEventListener(\"DOMContentLoaded\", function() {\n        fetch(\"\/wp-json\/geo\/v1\/country\", { cache: \"no-store\" })\n            .then(function(r) { return r.json(); })\n            .then(function(data) {\n                var country = (data.country || \"\").toLowerCase();\n\n                var mainFlag = document.querySelector(\".flag-geo\");\n                var randomFlags = document.querySelectorAll(\".flag-random\");\n\n                var allowedFlags = [\"fr\", \"de-ch\", \"it\", \"ja\", \"en\"];\n\n                var flagUrls = {\n                    fr: \"https:\/\/flagcdn.com\/fr.svg\",\n                    \"de-ch\": \"https:\/\/flagcdn.com\/ch.svg\",\n                    it: \"https:\/\/flagcdn.com\/it.svg\",\n                    ja: \"https:\/\/flagcdn.com\/jp.svg\",\n                    en: \"https:\/\/flagcdn.com\/gb.svg\"\n                };\n\n                if (mainFlag && country && country !== \"xx\") {\n                    mainFlag.src = \"https:\/\/flagcdn.com\/\" + country + \".svg\";\n                }\n\n                var excludeLangs = [];\n\n                if (country === \"fr\") excludeLangs.push(\"fr\");\n                if (country === \"it\") excludeLangs.push(\"it\");\n                if (country === \"jp\") excludeLangs.push(\"ja\");\n                if (country === \"ch\") excludeLangs.push(\"de-ch\");\n                if ([\"gb\", \"us\", \"au\", \"ca\", \"nz\", \"ie\"].indexOf(country) !== -1) excludeLangs.push(\"en\");\n\n                var remainingFlags = allowedFlags.filter(function(flag) {\n                    return excludeLangs.indexOf(flag) === -1;\n                });\n\n                for (var i = remainingFlags.length - 1; i > 0; i--) {\n                    var j = Math.floor(Math.random() * (i + 1));\n                    var temp = remainingFlags[i];\n                    remainingFlags[i] = remainingFlags[j];\n                    remainingFlags[j] = temp;\n                }\n\n                var selectedFlags = remainingFlags.slice(0, 3);\n\n                randomFlags.forEach(function(img, index) {\n                    var lang = selectedFlags[index];\n                    if (lang && flagUrls[lang]) {\n                        img.src = flagUrls[lang];\n                        img.setAttribute(\"data-lang\", lang);\n                    }\n                });\n            });\n    });\n    <\/script>","protected":false},"excerpt":{"rendered":"<p>Cookie<\/p>\n","protected":false},"author":1,"featured_media":0,"parent":0,"menu_order":0,"comment_status":"closed","ping_status":"closed","template":"","meta":{"_acf_changed":false,"footnotes":""},"class_list":["post-2216","page","type-page","status-publish","hentry"],"acf":[],"_links":{"self":[{"href":"https:\/\/alpition.com\/de-ch\/wp-json\/wp\/v2\/pages\/2216","targetHints":{"allow":["GET"]}}],"collection":[{"href":"https:\/\/alpition.com\/de-ch\/wp-json\/wp\/v2\/pages"}],"about":[{"href":"https:\/\/alpition.com\/de-ch\/wp-json\/wp\/v2\/types\/page"}],"author":[{"embeddable":true,"href":"https:\/\/alpition.com\/de-ch\/wp-json\/wp\/v2\/users\/1"}],"replies":[{"embeddable":true,"href":"https:\/\/alpition.com\/de-ch\/wp-json\/wp\/v2\/comments?post=2216"}],"version-history":[{"count":0,"href":"https:\/\/alpition.com\/de-ch\/wp-json\/wp\/v2\/pages\/2216\/revisions"}],"wp:attachment":[{"href":"https:\/\/alpition.com\/de-ch\/wp-json\/wp\/v2\/media?parent=2216"}],"curies":[{"name":"wp","href":"https:\/\/api.w.org\/{rel}","templated":true}]}}