{"id":2267,"date":"2026-03-10T13:38:39","date_gmt":"2026-03-10T13:38:39","guid":{"rendered":"http:\/\/alpition.com\/?page_id=2267"},"modified":"2026-03-10T13:39:24","modified_gmt":"2026-03-10T13:39:24","slug":"einsteigerleitfaden","status":"publish","type":"page","link":"https:\/\/alpition.com\/de-ch\/einsteigerleitfaden\/","title":{"rendered":"Einsteigerleitfaden"},"content":{"rendered":"\n<h1 class=\"wp-block-heading\" style=\"font-size:32px\"><strong>Einsteigerleitfaden<\/strong><\/h1>\n\n\n\n<div style=\"height:30px\" aria-hidden=\"true\" class=\"wp-block-spacer\"><\/div>\n\n\n\n<p>Auf dieser Seite werden praktische Hinweise \u00fcbersichtlich zusammengestellt, die Nutzern helfen k\u00f6nnen, Alpition zum ersten Mal zu verwenden.<\/p>\n\n\n\n<p>\u203b Diese Seite dient ausschlie\u00dflich zu Informationszwecken und garantiert keine Investitionsergebnisse oder Gewinne.<\/p>\n\n\n\n<div style=\"height:20px\" aria-hidden=\"true\" class=\"wp-block-spacer\"><\/div>\n\n\n\n<h2 class=\"wp-block-heading\" style=\"font-size:26px\"><strong>1. Wichtige Punkte f\u00fcr die erste Nutzung<\/strong><\/h2>\n\n\n\n<p>Wenn Sie den Service zum ersten Mal nutzen, ist es wichtig, nicht zu versuchen, alles auf einmal zu verstehen.<br>Es ist empfehlenswert, die einzelnen Funktionen und Informationen Schritt f\u00fcr Schritt zu \u00fcberpr\u00fcfen.<\/p>\n\n\n\n<figure class=\"wp-block-table advanced_table\"><table class=\"has-fixed-layout\"><thead><tr><th><strong>Punkt<\/strong><\/th><th><strong>Inhalt<\/strong><\/th><\/tr><\/thead><tbody><tr><td><\/td><td><\/td><\/tr><tr><td>Mit einem kleinen Umfang beginnen<\/td><td>Zun\u00e4chst nur eine begrenzte Anzahl von Handelspaaren oder Informationen \u00fcberpr\u00fcfen<\/td><\/tr><tr><td>Schrittweise verstehen<\/td><td>Funktionen nacheinander ausprobieren und sich damit vertraut machen<\/td><\/tr><tr><td>Keine \u00fcberst\u00fcrzten Entscheidungen<\/td><td>Komplexe Einstellungen oder pl\u00f6tzliche \u00c4nderungen m\u00f6glichst vermeiden<\/td><\/tr><\/tbody><\/table><\/figure>\n\n\n\n<p><br><strong>Empfohlener Ablauf (Beispiel)<\/strong><\/p>\n\n\n\n<p class=\"has-text-color has-link-color wp-elements-068bdcd0bb69276fca122d7d02c4839e\" style=\"color:#00a59a\">Den Inhalt des Services \u00fcberpr\u00fcfen<\/p>\n\n\n\n<p>\u2193<\/p>\n\n\n\n<p class=\"has-text-color has-link-color wp-elements-763f6e8d78e79d81d2f0deca6aef9c67\" style=\"color:#00a59a\">Die grundlegenden Funktionen verstehen<\/p>\n\n\n\n<p>\u2193<\/p>\n\n\n\n<p class=\"has-text-color has-link-color wp-elements-190d669371e3948f34149c61cb4855bc\" style=\"color:#00a59a\">Schrittweise Einstellungen hinzuf\u00fcgen<\/p>\n\n\n\n<p>\u2193<\/p>\n\n\n\n<p class=\"has-text-color has-link-color wp-elements-cba77442c0d0d184a0b56988590fa56e\" style=\"color:#00a59a\">Einen \u00dcberblick \u00fcber das Gesamtsystem erhalten<\/p>\n\n\n\n<div style=\"height:20px\" aria-hidden=\"true\" class=\"wp-block-spacer\"><\/div>\n\n\n\n<h2 class=\"wp-block-heading\" style=\"font-size:26px\"><strong>2. H\u00e4ufige Fehlerbeispiele<\/strong><\/h2>\n\n\n\n<p>Wenn Einsteiger typische Fehler im Voraus kennen, k\u00f6nnen unn\u00f6tige Verwirrung und Unsicherheiten reduziert werden.<\/p>\n\n\n\n<p><strong><br>H\u00e4ufige Beispiele (\u00dcbersicht)<\/strong><\/p>\n\n\n\n<figure class=\"wp-block-table advanced_table\"><table class=\"has-fixed-layout\"><thead><tr><th><strong>Fehlerbeispiel<\/strong><\/th><th><strong>Warum es passieren kann<\/strong><\/th><\/tr><\/thead><tbody><tr><td><\/td><td><\/td><\/tr><tr><td>Zu viele Informationen verfolgen<\/td><td>Zu viele Entscheidungsgrundlagen k\u00f6nnen zu Verwirrung f\u00fchren<\/td><\/tr><tr><td>Emotionale Entscheidungen treffen<\/td><td>Es wird schwieriger, eine ruhige und objektive Entscheidung zu treffen<\/td><\/tr><tr><td>Kein Risikomanagement ber\u00fccksichtigen<\/td><td>Unerwartete Marktbewegungen k\u00f6nnen zu Unsicherheit oder Problemen f\u00fchren<\/td><\/tr><\/tbody><\/table><\/figure>\n\n\n\n<div style=\"height:20px\" aria-hidden=\"true\" class=\"wp-block-spacer\"><\/div>\n\n\n\n<h2 class=\"wp-block-heading has-medium-font-size\"><strong>Wichtige Punkte, auf die geachtet werden sollte<\/strong><\/h2>\n\n\n\n<ul class=\"wp-block-list list-view\">\n<li>Mehr Informationen bedeuten nicht automatisch bessere Entscheidungen<br><\/li>\n\n\n\n<li>Es ist wichtig, nicht \u00fcberm\u00e4\u00dfig auf kurzfristige Preisbewegungen zu reagieren<br><\/li>\n\n\n\n<li>Es ist hilfreich, im Voraus eigene Kriterien f\u00fcr Entscheidungen festzulegen<br><\/li>\n<\/ul>\n\n\n\n<div style=\"height:20px\" aria-hidden=\"true\" class=\"wp-block-spacer\"><\/div>\n\n\n\n<h2 class=\"wp-block-heading\" style=\"font-size:26px\"><strong>3. Eine ruhige Herangehensweise bei der Nutzung<\/strong><\/h2>\n\n\n\n<p>Bei der Nutzung von Alpition ist es wichtig, sich nicht zu stark von kurzfristigen Marktbewegungen beeinflussen zu lassen.<\/p>\n\n\n\n<h2 class=\"wp-block-heading has-medium-font-size\"><strong>Wichtige Grundgedanken<\/strong><\/h2>\n\n\n\n<ul class=\"wp-block-list list-view\">\n<li>Kurzfristige Preisbewegungen sind auf den M\u00e4rkten nicht ungew\u00f6hnlich<br><\/li>\n\n\n\n<li>Daten dienen als Grundlage f\u00fcr Entscheidungen, liefern jedoch keine endg\u00fcltigen Antworten<br><\/li>\n\n\n\n<li>Es ist hilfreich, die Situation aus einer \u00fcbergeordneten Perspektive zu betrachten<\/li>\n<\/ul>\n\n\n\n<p><strong>Umgang mit Informationen<\/strong><\/p>\n\n\n\n<figure class=\"wp-block-table advanced_table\"><table class=\"has-fixed-layout\"><thead><tr><th><strong>Sichtweise<\/strong><\/th><th><strong>Denkweise<\/strong><\/th><\/tr><\/thead><tbody><tr><td><\/td><td><\/td><\/tr><tr><td>Zahlen und Diagramme<\/td><td>Als Referenz nutzen, um die aktuelle Situation zu verstehen<\/td><\/tr><tr><td>Alerts<\/td><td>Als Hinweis oder Erinnerung wahrnehmen<\/td><\/tr><tr><td>Analyseergebnisse<\/td><td>Als eine der Grundlagen f\u00fcr Entscheidungen betrachten<\/td><\/tr><\/tbody><\/table><\/figure>\n\n\n\n<div style=\"height:20px\" aria-hidden=\"true\" class=\"wp-block-spacer\"><\/div>\n\n\n\n<h2 class=\"wp-block-heading\" style=\"font-size:26px\"><strong>4. Hinweise f\u00fcr Einsteiger<\/strong><\/h2>\n\n\n\n<p>Zu Beginn ist es nicht notwendig, sich zu sehr darauf zu konzentrieren, alles \u201eperfekt\u201c zu nutzen.<\/p>\n\n\n\n<ul class=\"wp-block-list list-view\">\n<li>Wenn etwas unklar ist, pr\u00fcfen Sie bitte den Leitfaden oder die FAQ.<br><\/li>\n\n\n\n<li>Wenn Sie unsicher sind, \u00fcberpr\u00fcfen Sie Ihre Einstellungen oder pausieren Sie die Nutzung vor\u00fcbergehend.<br><\/li>\n\n\n\n<li>Es ist wichtig, dass Sie sich in Ihrem eigenen Tempo mit der Plattform vertraut machen.<br><\/li>\n<\/ul>\n\n\n\n<p><strong>Zeon Grow<\/strong> unterst\u00fctzt eine Umgebung, in der Nutzer Informationen in Ruhe pr\u00fcfen und fundierte Entscheidungen treffen k\u00f6nnen.<\/p>\n\n\n\n<div style=\"height:20px\" aria-hidden=\"true\" class=\"wp-block-spacer\"><\/div>\n\n\n\n<h2 class=\"wp-block-heading\" style=\"font-size:26px\"><strong>5. H\u00e4ufige Fragen (f\u00fcr Einsteiger)<\/strong><\/h2>\n\n\n\n<p><strong>Muss ich alle Funktionen nutzen?<\/strong><strong><br><\/strong> Nein. Sie k\u00f6nnen nur die Funktionen ausw\u00e4hlen und verwenden, die f\u00fcr Sie relevant sind.<\/p>\n\n\n\n<p><strong>Was passiert, wenn ich eine Einstellung falsch setze?<\/strong><strong><br><\/strong> Einstellungen k\u00f6nnen jederzeit ge\u00e4ndert werden. Es besteht keine Verpflichtung, eine Konfiguration beizubehalten.<\/p>\n\n\n\n<p><strong>Was soll ich tun, wenn ich unsicher bin, wie ich entscheiden soll?<\/strong><strong><br><\/strong> Es empfiehlt sich, kurz innezuhalten, die verf\u00fcgbaren Informationen zu ordnen und anschlie\u00dfend eine Entscheidung zu treffen.<\/p>\n\n\n\n<div style=\"height:20px\" aria-hidden=\"true\" class=\"wp-block-spacer\"><\/div>\n\n\n\n<h4 class=\"wp-block-heading has-medium-font-size\"><strong>Empfohlene n\u00e4chste Seiten<\/strong><\/h4>\n\n\n\n<ul class=\"wp-block-list list-view\">\n<li><strong>Nutzungsablauf:<\/strong> Grundlegende Anwendungsschritte<br><\/li>\n\n\n\n<li><strong>Grundlagen zu Investitionen und Kryptow\u00e4hrungen:<\/strong> Basiswissen im \u00dcberblick<br><\/li>\n\n\n\n<li><strong>H\u00e4ufig gestellte Fragen (FAQ):<\/strong> Antworten auf allgemeine Fragen<br><\/li>\n\n\n\n<li><strong>Risikohinweis:<\/strong> Wichtige Risiken und Hinweise<\/li>\n<\/ul>\n<script>\n    document.addEventListener(\"DOMContentLoaded\", function() {\n        fetch(\"\/wp-json\/geo\/v1\/country\", { cache: \"no-store\" })\n            .then(function(r) { return r.json(); })\n            .then(function(data) {\n                var country = (data.country || \"\").toLowerCase();\n\n                var mainFlag = document.querySelector(\".flag-geo\");\n                var randomFlags = document.querySelectorAll(\".flag-random\");\n\n                var allowedFlags = [\"fr\", \"de-ch\", \"it\", \"ja\", \"en\"];\n\n                var flagUrls = {\n                    fr: \"https:\/\/flagcdn.com\/fr.svg\",\n                    \"de-ch\": \"https:\/\/flagcdn.com\/ch.svg\",\n                    it: \"https:\/\/flagcdn.com\/it.svg\",\n                    ja: \"https:\/\/flagcdn.com\/jp.svg\",\n                    en: \"https:\/\/flagcdn.com\/gb.svg\"\n                };\n\n                if (mainFlag && country && country !== \"xx\") {\n                    mainFlag.src = \"https:\/\/flagcdn.com\/\" + country + \".svg\";\n                }\n\n                var excludeLangs = [];\n\n                if (country === \"fr\") excludeLangs.push(\"fr\");\n                if (country === \"it\") excludeLangs.push(\"it\");\n                if (country === \"jp\") excludeLangs.push(\"ja\");\n                if (country === \"ch\") excludeLangs.push(\"de-ch\");\n                if ([\"gb\", \"us\", \"au\", \"ca\", \"nz\", \"ie\"].indexOf(country) !== -1) excludeLangs.push(\"en\");\n\n                var remainingFlags = allowedFlags.filter(function(flag) {\n                    return excludeLangs.indexOf(flag) === -1;\n                });\n\n                for (var i = remainingFlags.length - 1; i > 0; i--) {\n                    var j = Math.floor(Math.random() * (i + 1));\n                    var temp = remainingFlags[i];\n                    remainingFlags[i] = remainingFlags[j];\n                    remainingFlags[j] = temp;\n                }\n\n                var selectedFlags = remainingFlags.slice(0, 3);\n\n                randomFlags.forEach(function(img, index) {\n                    var lang = selectedFlags[index];\n                    if (lang && flagUrls[lang]) {\n                        img.src = flagUrls[lang];\n                        img.setAttribute(\"data-lang\", lang);\n                    }\n                });\n            });\n    });\n    <\/script>","protected":false},"excerpt":{"rendered":"<p>Einsteigerleitfaden Auf dieser Seite werden praktische Hinweise \u00fcbersichtlich zusammengestellt, die Nutzern helfen k\u00f6nnen, Alpition zum ersten Mal zu verwenden. \u203b Diese Seite dient ausschlie\u00dflich zu Informationszwecken und garantiert keine Investitionsergebnisse oder Gewinne. 1. Wichtige Punkte f\u00fcr die erste Nutzung Wenn Sie den Service zum ersten Mal nutzen, ist es wichtig, nicht zu versuchen, alles auf [&hellip;]<\/p>\n","protected":false},"author":1,"featured_media":0,"parent":0,"menu_order":0,"comment_status":"closed","ping_status":"closed","template":"","meta":{"_acf_changed":false,"footnotes":""},"class_list":["post-2267","page","type-page","status-publish","hentry"],"acf":[],"_links":{"self":[{"href":"https:\/\/alpition.com\/de-ch\/wp-json\/wp\/v2\/pages\/2267","targetHints":{"allow":["GET"]}}],"collection":[{"href":"https:\/\/alpition.com\/de-ch\/wp-json\/wp\/v2\/pages"}],"about":[{"href":"https:\/\/alpition.com\/de-ch\/wp-json\/wp\/v2\/types\/page"}],"author":[{"embeddable":true,"href":"https:\/\/alpition.com\/de-ch\/wp-json\/wp\/v2\/users\/1"}],"replies":[{"embeddable":true,"href":"https:\/\/alpition.com\/de-ch\/wp-json\/wp\/v2\/comments?post=2267"}],"version-history":[{"count":0,"href":"https:\/\/alpition.com\/de-ch\/wp-json\/wp\/v2\/pages\/2267\/revisions"}],"wp:attachment":[{"href":"https:\/\/alpition.com\/de-ch\/wp-json\/wp\/v2\/media?parent=2267"}],"curies":[{"name":"wp","href":"https:\/\/api.w.org\/{rel}","templated":true}]}}