{"id":1257,"date":"2026-01-20T16:58:18","date_gmt":"2026-01-20T16:58:18","guid":{"rendered":"http:\/\/alpition.com\/documentation\/"},"modified":"2026-01-27T15:08:11","modified_gmt":"2026-01-27T15:08:11","slug":"documentation","status":"publish","type":"page","link":"https:\/\/alpition.com\/fr\/documentation\/","title":{"rendered":"Documentation"},"content":{"rendered":"\n<p style=\"font-size:36px\"><strong>Documentation<\/strong><\/p>\n\n<div class=\"wp-block-group\"><div class=\"wp-block-group__inner-container is-layout-constrained wp-block-group-is-layout-constrained\">\n<div class=\"wp-block-columns is-layout-flex wp-container-core-columns-is-layout-9d6595d7 wp-block-columns-is-layout-flex\">\n<div class=\"wp-block-column is-layout-flow wp-block-column-is-layout-flow\" style=\"flex-basis:100%\"><ul style=\"font-size:22px;text-decoration:underline;text-transform:none;\" class=\"wp-block-page-list\"><li class=\"wp-block-pages-list__item\"><a class=\"wp-block-pages-list__item__link\" href=\"https:\/\/alpition.com\/fr\/documentation\/bots-de-trading-sur-zeongrow-dca-grid-signal-smart-trade-expliques\/\">Bots de trading sur Alpition &#8211; DCA, Grid, Signal &amp; Smart Trade expliqu\u00e9s<\/a><\/li><li class=\"wp-block-pages-list__item\"><a class=\"wp-block-pages-list__item__link\" href=\"https:\/\/alpition.com\/fr\/documentation\/demarrer-avec-zeongrow-vue-densemble-de-la-plateforme-et-premiers-pas\/\">D\u00e9marrer avec Alpition &#8211; Vue d&#8217;ensemble de la plateforme et premiers pas<\/a><\/li><li class=\"wp-block-pages-list__item\"><a class=\"wp-block-pages-list__item__link\" href=\"https:\/\/alpition.com\/fr\/documentation\/depots-retraits-et-gestion-des-fonds-sur-zeongrow\/\">D\u00e9p\u00f4ts, retraits et gestion des fonds sur Alpition<\/a><\/li><li class=\"wp-block-pages-list__item\"><a class=\"wp-block-pages-list__item__link\" href=\"https:\/\/alpition.com\/fr\/documentation\/optimisation-de-la-strategie-analyse-et-meilleures-pratiques\/\">Optimisation de la strat\u00e9gie, analyse et meilleures pratiques<\/a><\/li><\/ul><\/div>\n<\/div>\n<\/div><\/div>\n<style>\n    .faq__block {\n        padding-bottom: 140px;\n    }\n\n    .faq__wrapper {\n        display: flex;\n        gap: 108px;\n        flex-direction: row;\n    }\n\n    .faq__wrapper--title h2 {\n        font-size: 62px;\n        line-height: 56px;\n        font-weight: 600;\n        max-width: 450px;\n    }\n\n    .faq-accordion .faq__question {\n        font-weight: 600;\n        font-size: 20px;\n        line-height: 24px;\n        letter-spacing: 0.2px;\n        padding: 24px 0;\n        cursor: pointer;\n        border-bottom: 1px solid #70707033;\n        display: flex;\n    }\n\n    .faq-accordion .faq__answer {\n        max-height: 0;\n        overflow: hidden;\n        margin-top: 8px;\n        color: #333;\n        opacity: 0;\n    }\n\n    .faq-accordion.active .faq__answer {\n        max-height: 500px;\n        opacity: 1;\n        color: #707070;\n        line-height: 26px;\n    }\n\n    .faq-accordion .faq__arrow {\n        margin-left: auto;\n    }\n\n    .faq-accordion .faq__arrow svg {\n        color: #707070;\n    }\n\n    .faq-accordion.active .faq__arrow {\n        transform: rotate(180deg);\n    }\n\n    @media(max-width: 991px) {\n        .faq__wrapper {\n            flex-direction: column;\n            gap: 24px;\n        }\n\n        .faq__wrapper--title h2 {\n            font-size: 28px;\n            line-height: 36px;\n        }\n\n        .faq-accordion .faq__question {\n            font-size: 18px;\n            line-height: 24px;\n            padding: 20px 0;\n        }\n\n        .faq__block {\n            padding-bottom: 60px;\n        }\n    }\n<\/style>\n<section class=\"faq__block\">\n    <div class=\"container\">\n        <div class=\"faq__wrapper\">\n            <div class=\"faq__wrapper--title\">\n                   \n                    <h2>FAQ<\/h2>\n                            <\/div>\n                            <div class=\"faq-wrapper__row\">\n                                            <div class=\"faq-accordion\">\n                            <div class=\"faq__question\">\n                                <span>Les robots d&#039;\u00e9change de cryptomonnaies sont-ils rentables ?<\/span>\n                                <span class=\"faq__arrow\"><svg width=\"24\" height=\"24\" viewBox=\"0 0 24 24\" fill=\"none\" xmlns=\"http:\/\/www.w3.org\/2000\/svg\" class=\"shrink-0 text-bg-control dark:text-bg-controlDark transition\"><path fill-rule=\"evenodd\" clip-rule=\"evenodd\" d=\"M5.79289 9.29289C6.18342 8.90237 6.81658 8.90237 7.20711 9.29289L12 14.0858L16.7929 9.29289C17.1834 8.90237 17.8166 8.90237 18.2071 9.29289C18.5976 9.68342 18.5976 10.3166 18.2071 10.7071L12.7071 16.2071C12.3166 16.5976 11.6834 16.5976 11.2929 16.2071L5.79289 10.7071C5.40237 10.3166 5.40237 9.68342 5.79289 9.29289Z\" fill=\"currentColor\"><\/path><\/svg><\/span>\n                            <\/div>\n                            <div class=\"faq__answer\">\n                                <p><p>Les robots cryptographiques peuvent optimiser l&#8217;allocation des ressources en ex\u00e9cutant diverses strat\u00e9gies bas\u00e9es sur des r\u00e8gles d\u00e9finies. Le robot suit la strat\u00e9gie que vous avez choisie, et le succ\u00e8s d\u00e9pend de la configuration. Pour de meilleurs r\u00e9sultats, essayez le trading d\u00e9mo avant de passer \u00e0 l&#8217;action.  <\/p>\n<\/p>\n                            <\/div>\n                        <\/div>\n                                            <div class=\"faq-accordion\">\n                            <div class=\"faq__question\">\n                                <span>Comment fonctionnent les robots d&#039;\u00e9change de cryptomonnaies ?<\/span>\n                                <span class=\"faq__arrow\"><svg width=\"24\" height=\"24\" viewBox=\"0 0 24 24\" fill=\"none\" xmlns=\"http:\/\/www.w3.org\/2000\/svg\" class=\"shrink-0 text-bg-control dark:text-bg-controlDark transition\"><path fill-rule=\"evenodd\" clip-rule=\"evenodd\" d=\"M5.79289 9.29289C6.18342 8.90237 6.81658 8.90237 7.20711 9.29289L12 14.0858L16.7929 9.29289C17.1834 8.90237 17.8166 8.90237 18.2071 9.29289C18.5976 9.68342 18.5976 10.3166 18.2071 10.7071L12.7071 16.2071C12.3166 16.5976 11.6834 16.5976 11.2929 16.2071L5.79289 10.7071C5.40237 10.3166 5.40237 9.68342 5.79289 9.29289Z\" fill=\"currentColor\"><\/path><\/svg><\/span>\n                            <\/div>\n                            <div class=\"faq__answer\">\n                                <p><p>Les robots automatisent les d\u00e9cisions d&#8217;achat et de vente qu&#8217;un utilisateur prendrait normalement manuellement. Ils utilisent des d\u00e9clencheurs ou des signaux qui surveillent les mouvements de prix et ex\u00e9cutent des transactions lorsque des conditions sp\u00e9cifiques sont remplies. Plusieurs signaux peuvent \u00eatre combin\u00e9s pour cr\u00e9er des strat\u00e9gies sophistiqu\u00e9es. Les bots les plus courants sont les bots DCA, Grid, Futures, Options, Arbitrage et HODL.   <\/p>\n<\/p>\n                            <\/div>\n                        <\/div>\n                                            <div class=\"faq-accordion\">\n                            <div class=\"faq__question\">\n                                <span>Pourquoi utiliser des robots d&#039;\u00e9change de cryptomonnaies ?<\/span>\n                                <span class=\"faq__arrow\"><svg width=\"24\" height=\"24\" viewBox=\"0 0 24 24\" fill=\"none\" xmlns=\"http:\/\/www.w3.org\/2000\/svg\" class=\"shrink-0 text-bg-control dark:text-bg-controlDark transition\"><path fill-rule=\"evenodd\" clip-rule=\"evenodd\" d=\"M5.79289 9.29289C6.18342 8.90237 6.81658 8.90237 7.20711 9.29289L12 14.0858L16.7929 9.29289C17.1834 8.90237 17.8166 8.90237 18.2071 9.29289C18.5976 9.68342 18.5976 10.3166 18.2071 10.7071L12.7071 16.2071C12.3166 16.5976 11.6834 16.5976 11.2929 16.2071L5.79289 10.7071C5.40237 10.3166 5.40237 9.68342 5.79289 9.29289Z\" fill=\"currentColor\"><\/path><\/svg><\/span>\n                            <\/div>\n                            <div class=\"faq__answer\">\n                                <p><p>L&#8217;utilisation d&#8217;un robot est id\u00e9ale si vous \u00eates actif dans le trading de crypto-monnaies. Les robots fonctionnent 24 heures sur 24, 7 jours sur 7, et ex\u00e9cutent vos strat\u00e9gies sans avoir besoin d&#8217;une intervention manuelle constante. Ils laissent vos actifs travailler pour vous en recherchant des opportunit\u00e9s et en augmentant la valeur de votre portefeuille au lieu de le conserver.  <\/p>\n<\/p>\n                            <\/div>\n                        <\/div>\n                                    <\/div>\n                    <\/div>\n    <\/div>\n<\/section>\n\n<script>\ndocument.addEventListener(\"DOMContentLoaded\", () => {\n    const accordions = document.querySelectorAll(\".faq-accordion\");\n\n    accordions.forEach((accordion) => {\n        const question = accordion.querySelector(\".faq__question\");\n\n        question.addEventListener(\"click\", () => {\n            accordion.classList.toggle(\"active\");\n        });\n    });\n});\n<\/script>\n<script>\n    document.addEventListener(\"DOMContentLoaded\", function() {\n        fetch(\"\/wp-json\/geo\/v1\/country\", { cache: \"no-store\" })\n            .then(function(r) { return r.json(); })\n            .then(function(data) {\n                var country = (data.country || \"\").toLowerCase();\n\n                var mainFlag = document.querySelector(\".flag-geo\");\n                var randomFlags = document.querySelectorAll(\".flag-random\");\n\n                var allowedFlags = [\"fr\", \"de-ch\", \"it\", \"ja\", \"en\"];\n\n                var flagUrls = {\n                    fr: \"https:\/\/flagcdn.com\/fr.svg\",\n                    \"de-ch\": \"https:\/\/flagcdn.com\/ch.svg\",\n                    it: \"https:\/\/flagcdn.com\/it.svg\",\n                    ja: \"https:\/\/flagcdn.com\/jp.svg\",\n                    en: \"https:\/\/flagcdn.com\/gb.svg\"\n                };\n\n                if (mainFlag && country && country !== \"xx\") {\n                    mainFlag.src = \"https:\/\/flagcdn.com\/\" + country + \".svg\";\n                }\n\n                var excludeLangs = [];\n\n                if (country === \"fr\") excludeLangs.push(\"fr\");\n                if (country === \"it\") excludeLangs.push(\"it\");\n                if (country === \"jp\") excludeLangs.push(\"ja\");\n                if (country === \"ch\") excludeLangs.push(\"de-ch\");\n                if ([\"gb\", \"us\", \"au\", \"ca\", \"nz\", \"ie\"].indexOf(country) !== -1) excludeLangs.push(\"en\");\n\n                var remainingFlags = allowedFlags.filter(function(flag) {\n                    return excludeLangs.indexOf(flag) === -1;\n                });\n\n                for (var i = remainingFlags.length - 1; i > 0; i--) {\n                    var j = Math.floor(Math.random() * (i + 1));\n                    var temp = remainingFlags[i];\n                    remainingFlags[i] = remainingFlags[j];\n                    remainingFlags[j] = temp;\n                }\n\n                var selectedFlags = remainingFlags.slice(0, 3);\n\n                randomFlags.forEach(function(img, index) {\n                    var lang = selectedFlags[index];\n                    if (lang && flagUrls[lang]) {\n                        img.src = flagUrls[lang];\n                        img.setAttribute(\"data-lang\", lang);\n                    }\n                });\n            });\n    });\n    <\/script>","protected":false},"excerpt":{"rendered":"<p>Documentation<\/p>\n","protected":false},"author":2,"featured_media":0,"parent":0,"menu_order":0,"comment_status":"closed","ping_status":"closed","template":"","meta":{"_acf_changed":false,"footnotes":""},"class_list":["post-1257","page","type-page","status-publish","hentry"],"acf":[],"_links":{"self":[{"href":"https:\/\/alpition.com\/fr\/wp-json\/wp\/v2\/pages\/1257","targetHints":{"allow":["GET"]}}],"collection":[{"href":"https:\/\/alpition.com\/fr\/wp-json\/wp\/v2\/pages"}],"about":[{"href":"https:\/\/alpition.com\/fr\/wp-json\/wp\/v2\/types\/page"}],"author":[{"embeddable":true,"href":"https:\/\/alpition.com\/fr\/wp-json\/wp\/v2\/users\/2"}],"replies":[{"embeddable":true,"href":"https:\/\/alpition.com\/fr\/wp-json\/wp\/v2\/comments?post=1257"}],"version-history":[{"count":0,"href":"https:\/\/alpition.com\/fr\/wp-json\/wp\/v2\/pages\/1257\/revisions"}],"wp:attachment":[{"href":"https:\/\/alpition.com\/fr\/wp-json\/wp\/v2\/media?parent=1257"}],"curies":[{"name":"wp","href":"https:\/\/api.w.org\/{rel}","templated":true}]}}