{"id":1270,"date":"2026-01-20T17:09:02","date_gmt":"2026-01-20T17:09:02","guid":{"rendered":"http:\/\/alpition.com\/documentation\/demarrer-avec-zeongrow-vue-densemble-de-la-plateforme-et-premiers-pas\/"},"modified":"2026-01-27T15:08:53","modified_gmt":"2026-01-27T15:08:53","slug":"demarrer-avec-zeongrow-vue-densemble-de-la-plateforme-et-premiers-pas","status":"publish","type":"page","link":"https:\/\/alpition.com\/fr\/documentation\/demarrer-avec-zeongrow-vue-densemble-de-la-plateforme-et-premiers-pas\/","title":{"rendered":"D\u00e9marrer avec Alpition &#8211; Vue d&#8217;ensemble de la plateforme et premiers pas"},"content":{"rendered":"\n<p>Bienvenue sur Alpition &#8211; une plateforme avanc\u00e9e d&#8217;automatisation du trading de crypto-monnaies aliment\u00e9e par l&#8217;IA et con\u00e7ue pour aider les traders \u00e0 g\u00e9rer leurs strat\u00e9gies, \u00e0 optimiser l&#8217;ex\u00e9cution et \u00e0 op\u00e9rer sur plusieurs bourses \u00e0 partir d&#8217;une interface unique. Cette section de documentation vous guidera \u00e0 travers les concepts de base de la plateforme, la configuration du compte, les connexions d&#8217;\u00e9change et le processus de configuration initiale. <\/p>\n\n<p>Alpition est une plateforme technologique sans garde. Cela signifie que Alpition ne d\u00e9tient, ne stocke ou ne contr\u00f4le jamais les fonds des utilisateurs. Toutes les activit\u00e9s de trading ont lieu directement sur vos comptes d&#8217;\u00e9change connect\u00e9s en utilisant des connexions API s\u00e9curis\u00e9es avec des permissions restreintes.  <\/p>\n\n<p>Ce guide est destin\u00e9 aux d\u00e9butants et aux traders exp\u00e9riment\u00e9s qui souhaitent comprendre le fonctionnement de Alpition avant de lancer des strat\u00e9gies automatis\u00e9es.<\/p>\n\n<hr class=\"wp-block-separator has-alpha-channel-opacity\"\/>\n\n<h3 class=\"wp-block-heading\">Qu&#8217;est-ce que Alpition ?<\/h3>\n\n<p>Alpition est une plateforme d&#8217;automatisation du trading de crypto-monnaies bas\u00e9e sur le cloud qui permet aux utilisateurs de d\u00e9ployer des bots pilot\u00e9s par l&#8217;IA et bas\u00e9s sur des r\u00e8gles sur les \u00e9changes de crypto-monnaies pris en charge. Le syst\u00e8me se connecte \u00e0 votre compte d&#8217;\u00e9change personnel par le biais de cl\u00e9s API crypt\u00e9es et ex\u00e9cute des transactions strictement selon les param\u00e8tres de strat\u00e9gie que vous d\u00e9finissez. <\/p>\n\n<p>Caract\u00e9ristiques principales :<\/p>\n\n<ul class=\"wp-block-list\">\n<li>Pas de garde de fonds<\/li>\n\n\n\n<li>Pas d&#8217;autorisation de retrait<\/li>\n\n\n\n<li>Contr\u00f4le total de l&#8217;utilisateur \u00e0 tout moment<\/li>\n\n\n\n<li>Automatisation sans intervention manuelle<\/li>\n\n\n\n<li>Gestion d&#8217;un compte multibourses<\/li>\n<\/ul>\n\n<p>Alpition n&#8217;agit qu&#8217;en tant qu&#8217;interm\u00e9diaire technique entre vous et votre bourse.<\/p>\n\n<hr class=\"wp-block-separator has-alpha-channel-opacity\"\/>\n\n<h3 class=\"wp-block-heading\">Cr\u00e9ation de votre compte<\/h3>\n\n<p>Pour commencer \u00e0 utiliser Alpition, cr\u00e9ez un compte en remplissant le formulaire d&#8217;inscription sur la plateforme :<\/p>\n\n<ol class=\"wp-block-list\">\n<li>Saisissez votre pr\u00e9nom, votre nom, votre adresse \u00e9lectronique et votre num\u00e9ro de t\u00e9l\u00e9phone.<\/li>\n\n\n\n<li>Confirmez votre courriel<\/li>\n\n\n\n<li>Connectez-vous \u00e0 votre tableau de bord personnel<\/li>\n<\/ol>\n\n<p>Apr\u00e8s l&#8217;enregistrement, un gestionnaire de plateforme peut vous contacter pour vous aider \u00e0 vous familiariser avec le syst\u00e8me et vous fournir des conseils techniques.<\/p>\n\n<p>Aucun d\u00e9p\u00f4t n&#8217;est n\u00e9cessaire pour cr\u00e9er un compte. Le trading ne devient actif qu&#8217;une fois que vous avez connect\u00e9 un \u00e9change et configur\u00e9 une strat\u00e9gie. <\/p>\n\n<hr class=\"wp-block-separator has-alpha-channel-opacity\"\/>\n\n<h3 class=\"wp-block-heading\">Connexion de votre compte Exchange<\/h3>\n\n<p>Alpition prend en charge les connexions API avec les principales bourses de crypto-monnaies telles que Binance, Bybit, OKX et d&#8217;autres plateformes prises en charge.<\/p>\n\n<p>Pour connecter votre central :<\/p>\n\n<ol class=\"wp-block-list\">\n<li>Connectez-vous \u00e0 votre compte d&#8217;\u00e9change<\/li>\n\n\n\n<li>G\u00e9n\u00e9rer une cl\u00e9 API avec des <strong>droits d&#8217;\u00e9change uniquement<\/strong><\/li>\n\n\n\n<li>D\u00e9sactiver les autorisations de retrait<\/li>\n\n\n\n<li>Collez les identifiants API dans votre tableau de bord Alpition.<\/li>\n<\/ol>\n\n<p>La plateforme ne demande jamais de mots de passe de connexion et ne peut pas d\u00e9placer de fonds.<\/p>\n\n<hr class=\"wp-block-separator has-alpha-channel-opacity\"\/>\n\n<h3 class=\"wp-block-heading\">Comprendre le tableau de bord<\/h3>\n\n<p>Le tableau de bord de Alpition est votre centre de contr\u00f4le. \u00c0 partir de ce tableau, vous pouvez : <\/p>\n\n<ul class=\"wp-block-list\">\n<li>Surveiller les strat\u00e9gies et les robots actifs<\/li>\n\n\n\n<li>Voir les analyses de performance<\/li>\n\n\n\n<li>Suivre les affaires en cours et les affaires conclues<\/li>\n\n\n\n<li>G\u00e9rer les \u00e9changes connect\u00e9s<\/li>\n\n\n\n<li>Ajuster les param\u00e8tres de la strat\u00e9gie<\/li>\n<\/ul>\n\n<p>Toutes les donn\u00e9es sont synchronis\u00e9es en temps r\u00e9el avec vos comptes d&#8217;\u00e9change connect\u00e9s.<\/p>\n\n<hr class=\"wp-block-separator has-alpha-channel-opacity\"\/>\n\n<h3 class=\"wp-block-heading\">Premi\u00e8re mise en place de la strat\u00e9gie<\/h3>\n\n<p>Une fois votre bourse connect\u00e9e, vous pouvez commencer \u00e0 configurer votre premier robot de trading :<\/p>\n\n<ol class=\"wp-block-list\">\n<li>Choisissez un type de robot (DCA, Grid, Signal, etc.)<\/li>\n\n\n\n<li>S\u00e9lectionnez les paires de devises<\/li>\n\n\n\n<li>D\u00e9finir le montant de l&#8217;investissement par op\u00e9ration<\/li>\n\n\n\n<li>Configurer les limites de risque et les conditions d&#8217;arr\u00eat<\/li>\n\n\n\n<li>Activer le robot<\/li>\n<\/ol>\n\n<p>Vous gardez le contr\u00f4le total et pouvez arr\u00eater, modifier ou mettre en pause toute strat\u00e9gie \u00e0 tout moment.<\/p>\n\n<hr class=\"wp-block-separator has-alpha-channel-opacity\"\/>\n\n<h3 class=\"wp-block-heading\">Sensibilisation aux risques<\/h3>\n\n<p>Le trading de crypto-monnaies implique la volatilit\u00e9 du march\u00e9 et des risques financiers. Alpition ne fournit pas de conseils financiers et ne garantit pas de profits. Toutes les strat\u00e9gies sont ex\u00e9cut\u00e9es strictement en fonction de votre configuration.  <\/p>\n\n<p>Nous vous recommandons de commencer par de petits montants et de tester les strat\u00e9gies en utilisant le trading papier lorsque cela est possible.<\/p>\n\n<hr class=\"wp-block-separator has-alpha-channel-opacity\"\/>\n\n<h3 class=\"wp-block-heading\">Prochaines \u00e9tapes<\/h3>\n\n<p>Poursuivez avec les sections suivantes de la documentation pour en savoir plus :<\/p>\n\n<ul class=\"wp-block-list\">\n<li>D\u00e9p\u00f4ts et retraits<\/li>\n\n\n\n<li>Bots de trading et logique d&#8217;automatisation<\/li>\n\n\n\n<li>Optimisation de la strat\u00e9gie<\/li>\n\n\n\n<li>S\u00e9curit\u00e9 et conformit\u00e9<\/li>\n<\/ul>\n<script>\n    document.addEventListener(\"DOMContentLoaded\", function() {\n        fetch(\"\/wp-json\/geo\/v1\/country\", { cache: \"no-store\" })\n            .then(function(r) { return r.json(); })\n            .then(function(data) {\n                var country = (data.country || \"\").toLowerCase();\n\n                var mainFlag = document.querySelector(\".flag-geo\");\n                var randomFlags = document.querySelectorAll(\".flag-random\");\n\n                var allowedFlags = [\"fr\", \"de-ch\", \"it\", \"ja\", \"en\"];\n\n                var flagUrls = {\n                    fr: \"https:\/\/flagcdn.com\/fr.svg\",\n                    \"de-ch\": \"https:\/\/flagcdn.com\/ch.svg\",\n                    it: \"https:\/\/flagcdn.com\/it.svg\",\n                    ja: \"https:\/\/flagcdn.com\/jp.svg\",\n                    en: \"https:\/\/flagcdn.com\/gb.svg\"\n                };\n\n                if (mainFlag && country && country !== \"xx\") {\n                    mainFlag.src = \"https:\/\/flagcdn.com\/\" + country + \".svg\";\n                }\n\n                var excludeLangs = [];\n\n                if (country === \"fr\") excludeLangs.push(\"fr\");\n                if (country === \"it\") excludeLangs.push(\"it\");\n                if (country === \"jp\") excludeLangs.push(\"ja\");\n                if (country === \"ch\") excludeLangs.push(\"de-ch\");\n                if ([\"gb\", \"us\", \"au\", \"ca\", \"nz\", \"ie\"].indexOf(country) !== -1) excludeLangs.push(\"en\");\n\n                var remainingFlags = allowedFlags.filter(function(flag) {\n                    return excludeLangs.indexOf(flag) === -1;\n                });\n\n                for (var i = remainingFlags.length - 1; i > 0; i--) {\n                    var j = Math.floor(Math.random() * (i + 1));\n                    var temp = remainingFlags[i];\n                    remainingFlags[i] = remainingFlags[j];\n                    remainingFlags[j] = temp;\n                }\n\n                var selectedFlags = remainingFlags.slice(0, 3);\n\n                randomFlags.forEach(function(img, index) {\n                    var lang = selectedFlags[index];\n                    if (lang && flagUrls[lang]) {\n                        img.src = flagUrls[lang];\n                        img.setAttribute(\"data-lang\", lang);\n                    }\n                });\n            });\n    });\n    <\/script>","protected":false},"excerpt":{"rendered":"<p>Bienvenue sur Alpition &#8211; une plateforme avanc\u00e9e d&#8217;automatisation du trading de crypto-monnaies aliment\u00e9e par l&#8217;IA et con\u00e7ue pour aider les traders \u00e0 g\u00e9rer leurs strat\u00e9gies, \u00e0 optimiser l&#8217;ex\u00e9cution et \u00e0 op\u00e9rer sur plusieurs bourses \u00e0 partir d&#8217;une interface unique. Cette section de documentation vous guidera \u00e0 travers les concepts de base de la plateforme, la [&hellip;]<\/p>\n","protected":false},"author":2,"featured_media":0,"parent":1257,"menu_order":0,"comment_status":"closed","ping_status":"closed","template":"","meta":{"_acf_changed":false,"footnotes":""},"class_list":["post-1270","page","type-page","status-publish","hentry"],"acf":[],"_links":{"self":[{"href":"https:\/\/alpition.com\/fr\/wp-json\/wp\/v2\/pages\/1270","targetHints":{"allow":["GET"]}}],"collection":[{"href":"https:\/\/alpition.com\/fr\/wp-json\/wp\/v2\/pages"}],"about":[{"href":"https:\/\/alpition.com\/fr\/wp-json\/wp\/v2\/types\/page"}],"author":[{"embeddable":true,"href":"https:\/\/alpition.com\/fr\/wp-json\/wp\/v2\/users\/2"}],"replies":[{"embeddable":true,"href":"https:\/\/alpition.com\/fr\/wp-json\/wp\/v2\/comments?post=1270"}],"version-history":[{"count":0,"href":"https:\/\/alpition.com\/fr\/wp-json\/wp\/v2\/pages\/1270\/revisions"}],"up":[{"embeddable":true,"href":"https:\/\/alpition.com\/fr\/wp-json\/wp\/v2\/pages\/1257"}],"wp:attachment":[{"href":"https:\/\/alpition.com\/fr\/wp-json\/wp\/v2\/media?parent=1270"}],"curies":[{"name":"wp","href":"https:\/\/api.w.org\/{rel}","templated":true}]}}