{"id":2572,"date":"2026-03-13T13:13:35","date_gmt":"2026-03-13T13:13:35","guid":{"rendered":"http:\/\/alpition.com\/?page_id=2572"},"modified":"2026-03-13T13:13:39","modified_gmt":"2026-03-13T13:13:39","slug":"reclamations","status":"publish","type":"page","link":"https:\/\/alpition.com\/fr\/reclamations\/","title":{"rendered":"R\u00e9clamations"},"content":{"rendered":"<style>\n\t.section-long-text {\n\t\tmax-width: 1200px;\n\t\tmargin: 32px auto 64px auto;\n\t\tpadding: 0 0;\n\t}\n\n\t.section-long-text__title {\n\t\tfont-size: 32px;\n\t\tfont-weight: 700;\n\t\tcolor: #2f2320;\n\t\tmargin-bottom: 30px;\n\t\tline-height: 1.3;\n\t}\n\n\t.section-long-text__description {\n\t\tfont-size: 18px;\n\t\tline-height: 1.8;\n\t\tcolor: #2f2320;\n\t\tmargin-bottom: 40px;\n\t}\n\n\t.section-long-text__content h2 {\n\t\tfont-size: 28px;\n\t\tfont-weight: 700;\n\t\tcolor: #2f2320;\n\t\tmargin: 20px 0 14px 0;\n\t}\n\n\t.section-long-text__content h3 {\n\t\tfont-size: 26px!important;\n\t\tfont-weight: 600;\n\t\tcolor: #2f2320;\n\t\tmargin: 16px 0 12px 0;\n\t}\n\n\t.section-long-text__content h4 {\n\t\tfont-size: 24px;\n\t\tfont-weight: 600;\n\t\tcolor: #2f2320;\n\t\tmargin: 14px 0 10px 0;\n\t}\n\n\t.section-long-text__content p {\n\t\tfont-size: 16px;\n\t\tline-height: 1.8;\n\t\tcolor: #2f2320;\n\t\tmargin-bottom: 16px;\n\t}\n\n\t.section-long-text__content a {\n\t\tcolor: #00a59a;\n\t\ttext-decoration: underline;\n\t\ttransition: color 0.2s ease;\n\t}\n\n\t.section-long-text__content a:hover {\n\t\tcolor: #008f86;\n\t}\n\n\t.section-long-text__content ul, .section-long-text__content .wp-block-list.list-view {\n\t\tlist-style: none;\n\t\tpadding-left: 0;\n\t\tmargin: 24px 0;\n\t}\n\n\t.section-long-text__content ul li, .section-long-text__content .wp-block-list.list-view li {\n\t\tposition: relative;\n\t\tpadding-left: 20px;\n\t\tmargin-bottom: 10px;\n\t\tcolor: #2f2320;\n\t\tline-height: 1.6;\n\t}\n\n\t.section-long-text__content ul li::before, .section-long-text__content .wp-block-list.list-view li::before {\n\t\tcontent: '';\n\t\tposition: absolute;\n\t\tleft: 0;\n\t\ttop: 0.6em;\n\t\twidth: 8px;\n\t\theight: 8px;\n\t\tbackground-color: #00a59a;\n\t\tborder-radius: 50%;\n\t\tpointer-events: none;\n\t}\n\n\t.section-long-text__content .wp-block-table.advanced_table table {\n\t\twidth: 100%;\n\t\tborder-collapse: separate;\n\t\tborder-spacing: 0;\n\t\tborder-radius: 16px;\n\t\toverflow: hidden;\n\t\tborder: 1px solid rgb(9 110 103 \/ 9%);\n\t\tbackground-image: linear-gradient(to bottom, #e6eff9, #f9f8e7);\n\t}\n\n\t.section-long-text__content .wp-block-table.advanced_table {\n\t\tbox-shadow: 0 4px 20px rgba(9, 110, 103, 0.15);\n\t\tborder-radius: 16px;\n\t\toverflow: hidden;\n\t\tmargin: 30px 0;\n\t}\n\n\t.section-long-text__content .wp-block-table.advanced_table th,\n\t.section-long-text__content .wp-block-table.advanced_table td {\n\t\tborder: none;\n\t}\n\n\t.section-long-text__content .wp-block-table.advanced_table thead th {\n\t\tbackground-color: #00a59a;\n\t\tcolor: #fff;\n\t\tfont-size: 16px;\n\t\tfont-weight: 700;\n\t\ttext-align: left;\n\t\tpadding: 20px 24px;\n\t\tborder-bottom: 1px solid rgb(9 110 103 \/ 15%);\n\t}\n\n\t.section-long-text__content .wp-block-table.advanced_table tbody td {\n\t\tpadding: 18px 24px;\n\t\tfont-size: 15px;\n\t\tcolor: #2f2320;\n\t\tborder-top: 1px solid rgb(9 110 103 \/ 9%);\n\t\tbackground: transparent;\n\t\ttransition: background 0.3s ease;\n\t\tborder-top: none;\n\t}\n\n\t.section-long-text__content .wp-block-table.advanced_table tbody tr + tr td {\n\t\tborder-top: 1px solid rgb(9 110 103 \/ 9%);\n\t}\n\n\t.section-long-text__content .wp-block-table.advanced_table tbody tr:hover td {\n\t\tbackground: rgba(0, 165, 154, 0.05);\n\t}\n\n\t.section-long-text__content .wp-block-table.advanced_table thead th:not(:first-child),\n\t.section-long-text__content .wp-block-table.advanced_table tbody td:not(:first-child) {\n\t\ttext-align: center;\n\t}\n\n\t@media (max-width: 768px) {\n\t\t.section-long-text {\n\t\t\tmargin-top: 24px;\n\t\t\tmargin-bottom: 42px;\n\t\t}\n \t\n        .section-long-text .container {\n           padding: 0;\n        }\n\n\t\t.section-long-text__title {\n\t\t\tfont-size: 26px;\n\t\t}\n\n\t\t.section-long-text__description {\n\t\t\tfont-size: 16px;\n\t\t}\n\n\t\t.section-long-text__content h2 {\n\t\t\tfont-size: 22px;\n\t\t}\n\n\t\t.section-long-text__content h3 {\n\t\t\tfont-size: 20px;\n\t\t}\n\n\t\t.section-long-text__content h4 {\n\t\t\tfont-size: 18px;\n\t\t}\n\n\t\t.section-long-text__content .wp-block-table.advanced_table {\n\t\t\tmargin-top: 40px;\n\t\t}\n\n\t\t.section-long-text__content .wp-block-table.advanced_table thead th {\n\t\t\tfont-size: 14px;\n\t\t\tpadding: 14px 12px;\n\t\t}\n\n\t\t.section-long-text__content .wp-block-table.advanced_table tbody td {\n\t\t\tfont-size: 14px;\n\t\t\tpadding: 14px 12px;\n\t\t}\n\t}\n\n\t@media (max-width: 480px) {\n\t\t.section-long-text__content .wp-block-table.advanced_table thead th {\n\t\t\tfont-size: 12px;\n\t\t\tpadding: 10px 8px;\n\t\t}\n\n\t\t.section-long-text__content .wp-block-table.advanced_table tbody td {\n\t\t\tfont-size: 12px;\n\t\t\tpadding: 10px 8px;\n\t\t}\n\t}\n<\/style>\n\n<section class=\"section-long-text\">\n\t<div class=\"container\">\n\n\t\t\t\t\t<h1 class=\"section-long-text__title\">Proc\u00e9dure de r\u00e9clamation<\/h1>\n\t\t\n\t\t\n\t\t\t\t\t<div class=\"section-long-text__content\">\n\t\t\t\t<h4>Aper\u00e7u<\/h4>\n<p>Alpition s\u2019efforce de fournir \u00e0 ses utilisateurs une plateforme fiable et transparente pour les technologies de trading num\u00e9rique. Toutefois, il peut arriver que des utilisateurs aient des questions, des pr\u00e9occupations ou des r\u00e9clamations concernant l\u2019utilisation de la plateforme ou de ses services.<\/p>\n<p>Cette page d\u00e9crit la proc\u00e9dure de soumission et de traitement des r\u00e9clamations. Notre objectif est d\u2019examiner et de traiter toutes les demandes de mani\u00e8re \u00e9quitable, efficace et transparente.<\/p>\n<h4>Soumission d\u2019une r\u00e9clamation<\/h4>\n<p>Si vous souhaitez soumettre une r\u00e9clamation, vous pouvez contacter notre \u00e9quipe de support.<\/p>\n<p>Veuillez vous assurer que votre demande contient les informations suivantes&nbsp;:<\/p>\n<ul class=\"wp-block-list list-view\">\n<li>votre nom complet<\/li>\n<li>l\u2019adresse e-mail associ\u00e9e \u00e0 votre compte<\/li>\n<li>une description du probl\u00e8me ou de la r\u00e9clamation<\/li>\n<li>les d\u00e9tails pertinents ou des documents justificatifs (le cas \u00e9ch\u00e9ant)<\/li>\n<\/ul>\n<p>Cela nous aidera \u00e0 examiner et traiter votre demande plus rapidement.<\/p>\n<p>Les r\u00e9clamations peuvent \u00eatre soumises via les coordonn\u00e9es suivantes&nbsp;:<\/p>\n<p>\ud83d\udce7 support@alpition.com<\/p>\n<h4>Traitement des r\u00e9clamations<\/h4>\n<p>Apr\u00e8s r\u00e9ception de votre r\u00e9clamation, notre \u00e9quipe l\u2019examinera attentivement.<\/p>\n<p>Le processus comprend g\u00e9n\u00e9ralement les \u00e9tapes suivantes&nbsp;:<\/p>\n<h4>Confirmation de r\u00e9ception<\/h4>\n<p>Vous recevrez une confirmation indiquant que votre r\u00e9clamation a bien \u00e9t\u00e9 re\u00e7ue.<\/p>\n<h4>Examen de la demande<\/h4>\n<p>Notre \u00e9quipe de support ou de conformit\u00e9 analysera les informations fournies et examinera la situation.<\/p>\n<h4>R\u00e9ponse<\/h4>\n<p>Une fois l\u2019examen termin\u00e9, vous recevrez une r\u00e9ponse contenant les r\u00e9sultats de l\u2019analyse ou les \u00e9ventuelles mesures de r\u00e9solution.<\/p>\n<h4>D\u00e9lai de traitement<\/h4>\n<p>Alpition s\u2019efforce de traiter les r\u00e9clamations dans les meilleurs d\u00e9lais.<\/p>\n<p>En g\u00e9n\u00e9ral&nbsp;:<\/p>\n<ul class=\"wp-block-list list-view\">\n<li>une confirmation de r\u00e9ception est envoy\u00e9e dans un d\u00e9lai de 1 \u00e0 3 jours ouvrables<\/li>\n<li>un traitement complet intervient g\u00e9n\u00e9ralement dans un d\u00e9lai de 10 \u00e0 20 jours ouvrables, selon la complexit\u00e9 du cas<\/li>\n<\/ul>\n<p>Dans les cas plus complexes, un d\u00e9lai suppl\u00e9mentaire peut \u00eatre n\u00e9cessaire.<\/p>\n<h4>R\u00e9solution externe des litiges<\/h4>\n<p>Si une r\u00e9clamation ne peut pas \u00eatre r\u00e9solue de mani\u00e8re satisfaisante, les utilisateurs peuvent avoir la possibilit\u00e9 de contacter un organisme ind\u00e9pendant de r\u00e9solution des litiges.<\/p>\n<p>En Suisse, il peut s\u2019agir par exemple du service d\u2019ombudsman suivant&nbsp;:<\/p>\n<p>\u27a1 Swiss Banking Ombudsman<\/p>\n<p>Veuillez noter qu\u2019une r\u00e9clamation doit g\u00e9n\u00e9ralement \u00eatre adress\u00e9e en premier lieu directement \u00e0 la plateforme concern\u00e9e avant de contacter un organisme externe.<\/p>\n<h4>Documentation et transparence<\/h4>\n<p>Toutes les r\u00e9clamations sont document\u00e9es et analys\u00e9es en interne afin d\u2019am\u00e9liorer continuellement la qualit\u00e9 de nos services.<\/p>\n<p>Alpition s\u2019efforce de traiter les r\u00e9clamations de mani\u00e8re \u00e9quitable, transparente et conform\u00e9ment aux exigences r\u00e9glementaires applicables.<\/p>\n<h4>Contact<\/h4>\n<p>Si vous avez des questions concernant cette proc\u00e9dure de r\u00e9clamation, vous pouvez contacter notre \u00e9quipe de support \u00e0 tout moment&nbsp;:<\/p>\n<p>\ud83d\udce7 support@alpition.com<\/p>\n\t\t\t<\/div>\n\t\t\n\t<\/div>\n<\/section>\n<script>\n    document.addEventListener(\"DOMContentLoaded\", function() {\n        fetch(\"\/wp-json\/geo\/v1\/country\", { cache: \"no-store\" })\n            .then(function(r) { return r.json(); })\n            .then(function(data) {\n                var country = (data.country || \"\").toLowerCase();\n\n                var mainFlag = document.querySelector(\".flag-geo\");\n                var randomFlags = document.querySelectorAll(\".flag-random\");\n\n                var allowedFlags = [\"fr\", \"de-ch\", \"it\", \"ja\", \"en\"];\n\n                var flagUrls = {\n                    fr: \"https:\/\/flagcdn.com\/fr.svg\",\n                    \"de-ch\": \"https:\/\/flagcdn.com\/ch.svg\",\n                    it: \"https:\/\/flagcdn.com\/it.svg\",\n                    ja: \"https:\/\/flagcdn.com\/jp.svg\",\n                    en: \"https:\/\/flagcdn.com\/gb.svg\"\n                };\n\n                if (mainFlag && country && country !== \"xx\") {\n                    mainFlag.src = \"https:\/\/flagcdn.com\/\" + country + \".svg\";\n                }\n\n                var excludeLangs = [];\n\n                if (country === \"fr\") excludeLangs.push(\"fr\");\n                if (country === \"it\") excludeLangs.push(\"it\");\n                if (country === \"jp\") excludeLangs.push(\"ja\");\n                if (country === \"ch\") excludeLangs.push(\"de-ch\");\n                if ([\"gb\", \"us\", \"au\", \"ca\", \"nz\", \"ie\"].indexOf(country) !== -1) excludeLangs.push(\"en\");\n\n                var remainingFlags = allowedFlags.filter(function(flag) {\n                    return excludeLangs.indexOf(flag) === -1;\n                });\n\n                for (var i = remainingFlags.length - 1; i > 0; i--) {\n                    var j = Math.floor(Math.random() * (i + 1));\n                    var temp = remainingFlags[i];\n                    remainingFlags[i] = remainingFlags[j];\n                    remainingFlags[j] = temp;\n                }\n\n                var selectedFlags = remainingFlags.slice(0, 3);\n\n                randomFlags.forEach(function(img, index) {\n                    var lang = selectedFlags[index];\n                    if (lang && flagUrls[lang]) {\n                        img.src = flagUrls[lang];\n                        img.setAttribute(\"data-lang\", lang);\n                    }\n                });\n            });\n    });\n    <\/script>","protected":false},"excerpt":{"rendered":"","protected":false},"author":1,"featured_media":0,"parent":0,"menu_order":0,"comment_status":"closed","ping_status":"closed","template":"","meta":{"_acf_changed":false,"footnotes":""},"class_list":["post-2572","page","type-page","status-publish","hentry"],"acf":[],"_links":{"self":[{"href":"https:\/\/alpition.com\/fr\/wp-json\/wp\/v2\/pages\/2572","targetHints":{"allow":["GET"]}}],"collection":[{"href":"https:\/\/alpition.com\/fr\/wp-json\/wp\/v2\/pages"}],"about":[{"href":"https:\/\/alpition.com\/fr\/wp-json\/wp\/v2\/types\/page"}],"author":[{"embeddable":true,"href":"https:\/\/alpition.com\/fr\/wp-json\/wp\/v2\/users\/1"}],"replies":[{"embeddable":true,"href":"https:\/\/alpition.com\/fr\/wp-json\/wp\/v2\/comments?post=2572"}],"version-history":[{"count":0,"href":"https:\/\/alpition.com\/fr\/wp-json\/wp\/v2\/pages\/2572\/revisions"}],"wp:attachment":[{"href":"https:\/\/alpition.com\/fr\/wp-json\/wp\/v2\/media?parent=2572"}],"curies":[{"name":"wp","href":"https:\/\/api.w.org\/{rel}","templated":true}]}}