{"id":2581,"date":"2026-03-13T13:21:38","date_gmt":"2026-03-13T13:21:38","guid":{"rendered":"http:\/\/alpition.com\/?page_id=2581"},"modified":"2026-03-13T13:21:41","modified_gmt":"2026-03-13T13:21:41","slug":"decouvrir-zeongrow","status":"publish","type":"page","link":"https:\/\/alpition.com\/fr\/decouvrir-zeongrow\/","title":{"rendered":"D\u00e9couvrir Alpition"},"content":{"rendered":"<style>\n\t.section-long-text {\n\t\tmax-width: 1200px;\n\t\tmargin: 32px auto 64px auto;\n\t\tpadding: 0 0;\n\t}\n\n\t.section-long-text__title {\n\t\tfont-size: 32px;\n\t\tfont-weight: 700;\n\t\tcolor: #2f2320;\n\t\tmargin-bottom: 30px;\n\t\tline-height: 1.3;\n\t}\n\n\t.section-long-text__description {\n\t\tfont-size: 18px;\n\t\tline-height: 1.8;\n\t\tcolor: #2f2320;\n\t\tmargin-bottom: 40px;\n\t}\n\n\t.section-long-text__content h2 {\n\t\tfont-size: 28px;\n\t\tfont-weight: 700;\n\t\tcolor: #2f2320;\n\t\tmargin: 20px 0 14px 0;\n\t}\n\n\t.section-long-text__content h3 {\n\t\tfont-size: 26px!important;\n\t\tfont-weight: 600;\n\t\tcolor: #2f2320;\n\t\tmargin: 16px 0 12px 0;\n\t}\n\n\t.section-long-text__content h4 {\n\t\tfont-size: 24px;\n\t\tfont-weight: 600;\n\t\tcolor: #2f2320;\n\t\tmargin: 14px 0 10px 0;\n\t}\n\n\t.section-long-text__content p {\n\t\tfont-size: 16px;\n\t\tline-height: 1.8;\n\t\tcolor: #2f2320;\n\t\tmargin-bottom: 16px;\n\t}\n\n\t.section-long-text__content a {\n\t\tcolor: #00a59a;\n\t\ttext-decoration: underline;\n\t\ttransition: color 0.2s ease;\n\t}\n\n\t.section-long-text__content a:hover {\n\t\tcolor: #008f86;\n\t}\n\n\t.section-long-text__content ul, .section-long-text__content .wp-block-list.list-view {\n\t\tlist-style: none;\n\t\tpadding-left: 0;\n\t\tmargin: 24px 0;\n\t}\n\n\t.section-long-text__content ul li, .section-long-text__content .wp-block-list.list-view li {\n\t\tposition: relative;\n\t\tpadding-left: 20px;\n\t\tmargin-bottom: 10px;\n\t\tcolor: #2f2320;\n\t\tline-height: 1.6;\n\t}\n\n\t.section-long-text__content ul li::before, .section-long-text__content .wp-block-list.list-view li::before {\n\t\tcontent: '';\n\t\tposition: absolute;\n\t\tleft: 0;\n\t\ttop: 0.6em;\n\t\twidth: 8px;\n\t\theight: 8px;\n\t\tbackground-color: #00a59a;\n\t\tborder-radius: 50%;\n\t\tpointer-events: none;\n\t}\n\n\t.section-long-text__content .wp-block-table.advanced_table table {\n\t\twidth: 100%;\n\t\tborder-collapse: separate;\n\t\tborder-spacing: 0;\n\t\tborder-radius: 16px;\n\t\toverflow: hidden;\n\t\tborder: 1px solid rgb(9 110 103 \/ 9%);\n\t\tbackground-image: linear-gradient(to bottom, #e6eff9, #f9f8e7);\n\t}\n\n\t.section-long-text__content .wp-block-table.advanced_table {\n\t\tbox-shadow: 0 4px 20px rgba(9, 110, 103, 0.15);\n\t\tborder-radius: 16px;\n\t\toverflow: hidden;\n\t\tmargin: 30px 0;\n\t}\n\n\t.section-long-text__content .wp-block-table.advanced_table th,\n\t.section-long-text__content .wp-block-table.advanced_table td {\n\t\tborder: none;\n\t}\n\n\t.section-long-text__content .wp-block-table.advanced_table thead th {\n\t\tbackground-color: #00a59a;\n\t\tcolor: #fff;\n\t\tfont-size: 16px;\n\t\tfont-weight: 700;\n\t\ttext-align: left;\n\t\tpadding: 20px 24px;\n\t\tborder-bottom: 1px solid rgb(9 110 103 \/ 15%);\n\t}\n\n\t.section-long-text__content .wp-block-table.advanced_table tbody td {\n\t\tpadding: 18px 24px;\n\t\tfont-size: 15px;\n\t\tcolor: #2f2320;\n\t\tborder-top: 1px solid rgb(9 110 103 \/ 9%);\n\t\tbackground: transparent;\n\t\ttransition: background 0.3s ease;\n\t\tborder-top: none;\n\t}\n\n\t.section-long-text__content .wp-block-table.advanced_table tbody tr + tr td {\n\t\tborder-top: 1px solid rgb(9 110 103 \/ 9%);\n\t}\n\n\t.section-long-text__content .wp-block-table.advanced_table tbody tr:hover td {\n\t\tbackground: rgba(0, 165, 154, 0.05);\n\t}\n\n\t.section-long-text__content .wp-block-table.advanced_table thead th:not(:first-child),\n\t.section-long-text__content .wp-block-table.advanced_table tbody td:not(:first-child) {\n\t\ttext-align: center;\n\t}\n\n\t@media (max-width: 768px) {\n\t\t.section-long-text {\n\t\t\tmargin-top: 24px;\n\t\t\tmargin-bottom: 42px;\n\t\t}\n \t\n        .section-long-text .container {\n           padding: 0;\n        }\n\n\t\t.section-long-text__title {\n\t\t\tfont-size: 26px;\n\t\t}\n\n\t\t.section-long-text__description {\n\t\t\tfont-size: 16px;\n\t\t}\n\n\t\t.section-long-text__content h2 {\n\t\t\tfont-size: 22px;\n\t\t}\n\n\t\t.section-long-text__content h3 {\n\t\t\tfont-size: 20px;\n\t\t}\n\n\t\t.section-long-text__content h4 {\n\t\t\tfont-size: 18px;\n\t\t}\n\n\t\t.section-long-text__content .wp-block-table.advanced_table {\n\t\t\tmargin-top: 40px;\n\t\t}\n\n\t\t.section-long-text__content .wp-block-table.advanced_table thead th {\n\t\t\tfont-size: 14px;\n\t\t\tpadding: 14px 12px;\n\t\t}\n\n\t\t.section-long-text__content .wp-block-table.advanced_table tbody td {\n\t\t\tfont-size: 14px;\n\t\t\tpadding: 14px 12px;\n\t\t}\n\t}\n\n\t@media (max-width: 480px) {\n\t\t.section-long-text__content .wp-block-table.advanced_table thead th {\n\t\t\tfont-size: 12px;\n\t\t\tpadding: 10px 8px;\n\t\t}\n\n\t\t.section-long-text__content .wp-block-table.advanced_table tbody td {\n\t\t\tfont-size: 12px;\n\t\t\tpadding: 10px 8px;\n\t\t}\n\t}\n<\/style>\n\n<section class=\"section-long-text\">\n\t<div class=\"container\">\n\n\t\t\t\t\t<h1 class=\"section-long-text__title\">Pour les d\u00e9butants<\/h1>\n\t\t\n\t\t\n\t\t\t\t\t<div class=\"section-long-text__content\">\n\t\t\t\t<h4>\u00c0 propos de Alpition<\/h4>\n<p>Alpition est une plateforme technologique con\u00e7ue pour accompagner la prise de d\u00e9cisions d\u2019investissement, de mani\u00e8re \u00e0 permettre m\u00eame aux utilisateurs sans exp\u00e9rience en cryptomonnaies ou en investissement de consulter les informations de march\u00e9 de fa\u00e7on structur\u00e9e et de les comprendre sereinement.<\/p>\n<p>M\u00eame sans connaissances sp\u00e9cialis\u00e9es approfondies, les utilisateurs peuvent d\u00e9couvrir progressivement les services propos\u00e9s. \u00c0 cette fin, la plateforme met \u00e0 disposition diff\u00e9rents guides et contenus informatifs qui expliquent clairement les concepts de base.<\/p>\n<p>M\u00eame si vous ne savez pas par o\u00f9 commencer, vous pouvez consulter les informations fournies \u00e0 votre propre rythme et approfondir votre compr\u00e9hension \u00e9tape par \u00e9tape.<\/p>\n<h4>Avez-vous ce type de pr\u00e9occupations&nbsp;?<\/h4>\n<p>De nombreuses personnes qui d\u00e9couvrent pour la premi\u00e8re fois les cryptomonnaies ou l\u2019investissement se posent des questions similaires ou ressentent les m\u00eames incertitudes&nbsp;:<\/p>\n<ul class=\"wp-block-list list-view\">\n<li>les investissements et les cryptomonnaies semblent complexes ou risqu\u00e9s<\/li>\n<li>vous ne savez pas exactement par quoi commencer<\/li>\n<li>il existe de nombreux termes sp\u00e9cialis\u00e9s difficiles \u00e0 comprendre<\/li>\n<li>les risques ne sont pas toujours clairement visibles<\/li>\n<\/ul>\n<p>Alpition souhaite offrir aux utilisateurs qui ont de telles incertitudes un environnement dans lequel les informations sont pr\u00e9sent\u00e9es de mani\u00e8re claire, structur\u00e9e et compr\u00e9hensible.<\/p>\n<h4>Ce que propose Alpition<\/h4>\n<p>La plateforme accompagne notamment les utilisateurs gr\u00e2ce aux fonctions suivantes&nbsp;:<\/p>\n<ul class=\"wp-block-list list-view\">\n<li>pr\u00e9sentation structur\u00e9e des donn\u00e9es de march\u00e9 et des informations pertinentes<\/li>\n<li>pr\u00e9sentation claire des informations afin de soutenir la prise de d\u00e9cision<\/li>\n<li>un environnement calme et structur\u00e9, qui n\u2019est pas influenc\u00e9 par les \u00e9motions \u00e0 court terme<\/li>\n<\/ul>\n<p>Cela permet aux utilisateurs d\u2019examiner les informations \u00e9tape par \u00e9tape et de se faire une id\u00e9e claire de la situation actuelle du march\u00e9.<\/p>\n<h4>Principes d\u2019utilisation de la plateforme<\/h4>\n<p>Alpition ne fournit aucun conseil en investissement et ne prend aucune d\u00e9cision d\u2019investissement au nom des utilisateurs.<\/p>\n<p>La plateforme sert exclusivement \u00e0 structurer les informations et \u00e0 soutenir les analyses. Toutes les d\u00e9cisions d\u2019investissement et de trading doivent \u00eatre prises exclusivement par l\u2019utilisateur lui-m\u00eame.<\/p>\n<p>Les utilisateurs assument l\u2019enti\u00e8re responsabilit\u00e9 de leurs d\u00e9cisions et doivent examiner attentivement les risques li\u00e9s aux investissements.<\/p>\n<h4>\u00c9tapes suivantes<\/h4>\n<p>Si vous utilisez la plateforme pour la premi\u00e8re fois, nous vous recommandons \u00e9galement les pages suivantes&nbsp;:<\/p>\n<h4>Comment fonctionne la plateforme<\/h4>\n<p>Informations de base sur la mani\u00e8re dont la plateforme est utilis\u00e9e.<\/p>\n<h4>Notions de base sur l\u2019investissement et les cryptomonnaies<\/h4>\n<p>Introduction aux concepts fondamentaux et aux termes importants.<\/p>\n<h4>Guide pour d\u00e9butants<\/h4>\n<p>Conseils pratiques pour les utilisateurs qui utilisent la plateforme pour la premi\u00e8re fois.<\/p>\n<h4>Questions fr\u00e9quemment pos\u00e9es (FAQ)<\/h4>\n<p>R\u00e9ponses aux questions fr\u00e9quentes concernant l\u2019utilisation de la plateforme.<\/p>\n<p>Sur ces pages, vous pouvez approfondir votre compr\u00e9hension \u00e9tape par \u00e9tape.<\/p>\n\t\t\t<\/div>\n\t\t\n\t<\/div>\n<\/section>\n<script>\n    document.addEventListener(\"DOMContentLoaded\", function() {\n        fetch(\"\/wp-json\/geo\/v1\/country\", { cache: \"no-store\" })\n            .then(function(r) { return r.json(); })\n            .then(function(data) {\n                var country = (data.country || \"\").toLowerCase();\n\n                var mainFlag = document.querySelector(\".flag-geo\");\n                var randomFlags = document.querySelectorAll(\".flag-random\");\n\n                var allowedFlags = [\"fr\", \"de-ch\", \"it\", \"ja\", \"en\"];\n\n                var flagUrls = {\n                    fr: \"https:\/\/flagcdn.com\/fr.svg\",\n                    \"de-ch\": \"https:\/\/flagcdn.com\/ch.svg\",\n                    it: \"https:\/\/flagcdn.com\/it.svg\",\n                    ja: \"https:\/\/flagcdn.com\/jp.svg\",\n                    en: \"https:\/\/flagcdn.com\/gb.svg\"\n                };\n\n                if (mainFlag && country && country !== \"xx\") {\n                    mainFlag.src = \"https:\/\/flagcdn.com\/\" + country + \".svg\";\n                }\n\n                var excludeLangs = [];\n\n                if (country === \"fr\") excludeLangs.push(\"fr\");\n                if (country === \"it\") excludeLangs.push(\"it\");\n                if (country === \"jp\") excludeLangs.push(\"ja\");\n                if (country === \"ch\") excludeLangs.push(\"de-ch\");\n                if ([\"gb\", \"us\", \"au\", \"ca\", \"nz\", \"ie\"].indexOf(country) !== -1) excludeLangs.push(\"en\");\n\n                var remainingFlags = allowedFlags.filter(function(flag) {\n                    return excludeLangs.indexOf(flag) === -1;\n                });\n\n                for (var i = remainingFlags.length - 1; i > 0; i--) {\n                    var j = Math.floor(Math.random() * (i + 1));\n                    var temp = remainingFlags[i];\n                    remainingFlags[i] = remainingFlags[j];\n                    remainingFlags[j] = temp;\n                }\n\n                var selectedFlags = remainingFlags.slice(0, 3);\n\n                randomFlags.forEach(function(img, index) {\n                    var lang = selectedFlags[index];\n                    if (lang && flagUrls[lang]) {\n                        img.src = flagUrls[lang];\n                        img.setAttribute(\"data-lang\", lang);\n                    }\n                });\n            });\n    });\n    <\/script>","protected":false},"excerpt":{"rendered":"","protected":false},"author":1,"featured_media":0,"parent":0,"menu_order":0,"comment_status":"closed","ping_status":"closed","template":"","meta":{"_acf_changed":false,"footnotes":""},"class_list":["post-2581","page","type-page","status-publish","hentry"],"acf":[],"_links":{"self":[{"href":"https:\/\/alpition.com\/fr\/wp-json\/wp\/v2\/pages\/2581","targetHints":{"allow":["GET"]}}],"collection":[{"href":"https:\/\/alpition.com\/fr\/wp-json\/wp\/v2\/pages"}],"about":[{"href":"https:\/\/alpition.com\/fr\/wp-json\/wp\/v2\/types\/page"}],"author":[{"embeddable":true,"href":"https:\/\/alpition.com\/fr\/wp-json\/wp\/v2\/users\/1"}],"replies":[{"embeddable":true,"href":"https:\/\/alpition.com\/fr\/wp-json\/wp\/v2\/comments?post=2581"}],"version-history":[{"count":0,"href":"https:\/\/alpition.com\/fr\/wp-json\/wp\/v2\/pages\/2581\/revisions"}],"wp:attachment":[{"href":"https:\/\/alpition.com\/fr\/wp-json\/wp\/v2\/media?parent=2581"}],"curies":[{"name":"wp","href":"https:\/\/api.w.org\/{rel}","templated":true}]}}