{"id":2583,"date":"2026-03-13T13:23:40","date_gmt":"2026-03-13T13:23:40","guid":{"rendered":"http:\/\/alpition.com\/?page_id=2583"},"modified":"2026-03-13T13:23:42","modified_gmt":"2026-03-13T13:23:42","slug":"premiers-pas","status":"publish","type":"page","link":"https:\/\/alpition.com\/fr\/premiers-pas\/","title":{"rendered":"Premiers pas"},"content":{"rendered":"<style>\n\t.section-long-text {\n\t\tmax-width: 1200px;\n\t\tmargin: 32px auto 64px auto;\n\t\tpadding: 0 0;\n\t}\n\n\t.section-long-text__title {\n\t\tfont-size: 32px;\n\t\tfont-weight: 700;\n\t\tcolor: #2f2320;\n\t\tmargin-bottom: 30px;\n\t\tline-height: 1.3;\n\t}\n\n\t.section-long-text__description {\n\t\tfont-size: 18px;\n\t\tline-height: 1.8;\n\t\tcolor: #2f2320;\n\t\tmargin-bottom: 40px;\n\t}\n\n\t.section-long-text__content h2 {\n\t\tfont-size: 28px;\n\t\tfont-weight: 700;\n\t\tcolor: #2f2320;\n\t\tmargin: 20px 0 14px 0;\n\t}\n\n\t.section-long-text__content h3 {\n\t\tfont-size: 26px!important;\n\t\tfont-weight: 600;\n\t\tcolor: #2f2320;\n\t\tmargin: 16px 0 12px 0;\n\t}\n\n\t.section-long-text__content h4 {\n\t\tfont-size: 24px;\n\t\tfont-weight: 600;\n\t\tcolor: #2f2320;\n\t\tmargin: 14px 0 10px 0;\n\t}\n\n\t.section-long-text__content p {\n\t\tfont-size: 16px;\n\t\tline-height: 1.8;\n\t\tcolor: #2f2320;\n\t\tmargin-bottom: 16px;\n\t}\n\n\t.section-long-text__content a {\n\t\tcolor: #00a59a;\n\t\ttext-decoration: underline;\n\t\ttransition: color 0.2s ease;\n\t}\n\n\t.section-long-text__content a:hover {\n\t\tcolor: #008f86;\n\t}\n\n\t.section-long-text__content ul, .section-long-text__content .wp-block-list.list-view {\n\t\tlist-style: none;\n\t\tpadding-left: 0;\n\t\tmargin: 24px 0;\n\t}\n\n\t.section-long-text__content ul li, .section-long-text__content .wp-block-list.list-view li {\n\t\tposition: relative;\n\t\tpadding-left: 20px;\n\t\tmargin-bottom: 10px;\n\t\tcolor: #2f2320;\n\t\tline-height: 1.6;\n\t}\n\n\t.section-long-text__content ul li::before, .section-long-text__content .wp-block-list.list-view li::before {\n\t\tcontent: '';\n\t\tposition: absolute;\n\t\tleft: 0;\n\t\ttop: 0.6em;\n\t\twidth: 8px;\n\t\theight: 8px;\n\t\tbackground-color: #00a59a;\n\t\tborder-radius: 50%;\n\t\tpointer-events: none;\n\t}\n\n\t.section-long-text__content .wp-block-table.advanced_table table {\n\t\twidth: 100%;\n\t\tborder-collapse: separate;\n\t\tborder-spacing: 0;\n\t\tborder-radius: 16px;\n\t\toverflow: hidden;\n\t\tborder: 1px solid rgb(9 110 103 \/ 9%);\n\t\tbackground-image: linear-gradient(to bottom, #e6eff9, #f9f8e7);\n\t}\n\n\t.section-long-text__content .wp-block-table.advanced_table {\n\t\tbox-shadow: 0 4px 20px rgba(9, 110, 103, 0.15);\n\t\tborder-radius: 16px;\n\t\toverflow: hidden;\n\t\tmargin: 30px 0;\n\t}\n\n\t.section-long-text__content .wp-block-table.advanced_table th,\n\t.section-long-text__content .wp-block-table.advanced_table td {\n\t\tborder: none;\n\t}\n\n\t.section-long-text__content .wp-block-table.advanced_table thead th {\n\t\tbackground-color: #00a59a;\n\t\tcolor: #fff;\n\t\tfont-size: 16px;\n\t\tfont-weight: 700;\n\t\ttext-align: left;\n\t\tpadding: 20px 24px;\n\t\tborder-bottom: 1px solid rgb(9 110 103 \/ 15%);\n\t}\n\n\t.section-long-text__content .wp-block-table.advanced_table tbody td {\n\t\tpadding: 18px 24px;\n\t\tfont-size: 15px;\n\t\tcolor: #2f2320;\n\t\tborder-top: 1px solid rgb(9 110 103 \/ 9%);\n\t\tbackground: transparent;\n\t\ttransition: background 0.3s ease;\n\t\tborder-top: none;\n\t}\n\n\t.section-long-text__content .wp-block-table.advanced_table tbody tr + tr td {\n\t\tborder-top: 1px solid rgb(9 110 103 \/ 9%);\n\t}\n\n\t.section-long-text__content .wp-block-table.advanced_table tbody tr:hover td {\n\t\tbackground: rgba(0, 165, 154, 0.05);\n\t}\n\n\t.section-long-text__content .wp-block-table.advanced_table thead th:not(:first-child),\n\t.section-long-text__content .wp-block-table.advanced_table tbody td:not(:first-child) {\n\t\ttext-align: center;\n\t}\n\n\t@media (max-width: 768px) {\n\t\t.section-long-text {\n\t\t\tmargin-top: 24px;\n\t\t\tmargin-bottom: 42px;\n\t\t}\n \t\n        .section-long-text .container {\n           padding: 0;\n        }\n\n\t\t.section-long-text__title {\n\t\t\tfont-size: 26px;\n\t\t}\n\n\t\t.section-long-text__description {\n\t\t\tfont-size: 16px;\n\t\t}\n\n\t\t.section-long-text__content h2 {\n\t\t\tfont-size: 22px;\n\t\t}\n\n\t\t.section-long-text__content h3 {\n\t\t\tfont-size: 20px;\n\t\t}\n\n\t\t.section-long-text__content h4 {\n\t\t\tfont-size: 18px;\n\t\t}\n\n\t\t.section-long-text__content .wp-block-table.advanced_table {\n\t\t\tmargin-top: 40px;\n\t\t}\n\n\t\t.section-long-text__content .wp-block-table.advanced_table thead th {\n\t\t\tfont-size: 14px;\n\t\t\tpadding: 14px 12px;\n\t\t}\n\n\t\t.section-long-text__content .wp-block-table.advanced_table tbody td {\n\t\t\tfont-size: 14px;\n\t\t\tpadding: 14px 12px;\n\t\t}\n\t}\n\n\t@media (max-width: 480px) {\n\t\t.section-long-text__content .wp-block-table.advanced_table thead th {\n\t\t\tfont-size: 12px;\n\t\t\tpadding: 10px 8px;\n\t\t}\n\n\t\t.section-long-text__content .wp-block-table.advanced_table tbody td {\n\t\t\tfont-size: 12px;\n\t\t\tpadding: 10px 8px;\n\t\t}\n\t}\n<\/style>\n\n<section class=\"section-long-text\">\n\t<div class=\"container\">\n\n\t\t\t\t\t<h1 class=\"section-long-text__title\">Premiers pas<\/h1>\n\t\t\n\t\t\n\t\t\t\t\t<div class=\"section-long-text__content\">\n\t\t\t\t<p>Sur cette page, nous expliquons l\u2019utilisation de base de la plateforme Alpition de mani\u00e8re claire et compr\u00e9hensible, m\u00eame pour les utilisateurs qui utilisent le service pour la premi\u00e8re fois.<\/p>\n<p>Alpition a \u00e9t\u00e9 con\u00e7u de fa\u00e7on \u00e0 ne pas n\u00e9cessiter de connaissances techniques complexes. La plateforme permet de configurer les param\u00e8tres progressivement et de mettre en place le service en plusieurs \u00e9tapes simples.<\/p>\n<p>En suivant le processus ci-dessous, vous pouvez commencer \u00e0 utiliser la plateforme facilement.<\/p>\n<h4>\u00c9tape 1&nbsp;: Cr\u00e9er un compte<\/h4>\n<p>Commencez par cr\u00e9er un compte sur la plateforme Alpition.<\/p>\n<p>L\u2019inscription se fait simplement en saisissant votre adresse e-mail. Apr\u00e8s une inscription r\u00e9ussie, vous acc\u00e9derez \u00e0 la section des param\u00e8tres de base du compte.<\/p>\n<p>Veuillez choisir un mot de passe s\u00e9curis\u00e9 qui ne peut pas \u00eatre facilement devin\u00e9 par des tiers.<\/p>\n<h4>S\u00e9curit\u00e9<\/h4>\n<p>Pour renforcer la s\u00e9curit\u00e9 de votre compte, nous recommandons fortement d\u2019activer l\u2019authentification \u00e0 deux facteurs (2FA).<\/p>\n<p>L\u2019activation de la 2FA peut r\u00e9duire consid\u00e9rablement le risque d\u2019acc\u00e8s non autoris\u00e9, m\u00eame si votre mot de passe devait \u00eatre compromis.<\/p>\n<h4>\u00c9tape 2&nbsp;: Connecter une plateforme d\u2019\u00e9change<\/h4>\n<p>\u00c0 l\u2019\u00e9tape suivante, vous connectez votre compte sur une plateforme d\u2019\u00e9change de cryptomonnaies \u00e0 la plateforme Alpition.<\/p>\n<p>La connexion se fait via une cl\u00e9 API cr\u00e9\u00e9e sur votre plateforme d\u2019\u00e9change.<\/p>\n<p>Nous recommandons de ne pas activer les autorisations de retrait lors de la cr\u00e9ation de la cl\u00e9 API.<\/p>\n<p>M\u00eame apr\u00e8s la connexion, vos actifs restent sur votre propre compte de plateforme d\u2019\u00e9change.<\/p>\n<h4>Pour votre s\u00e9curit\u00e9<\/h4>\n<p>Alpition ne conserve ni ne g\u00e8re les fonds des utilisateurs.<\/p>\n<p>La conservation des actifs ainsi que les retraits sont toujours effectu\u00e9s via la plateforme d\u2019\u00e9change de cryptomonnaies concern\u00e9e.<\/p>\n<h4>\u00c9tape 3&nbsp;: Param\u00e8tres d\u2019analyse et de surveillance<\/h4>\n<p>Une fois la connexion \u00e0 la plateforme d\u2019\u00e9change \u00e9tablie, vous pouvez configurer les param\u00e8tres d\u2019analyse et de surveillance du march\u00e9.<\/p>\n<p>Vous pouvez notamment&nbsp;:<\/p>\n<ul class=\"wp-block-list list-view\">\n<li>s\u00e9lectionner les paires de trading souhait\u00e9es<\/li>\n<li>d\u00e9finir des conditions de prix<\/li>\n<li>configurer des notifications (alertes)<\/li>\n<\/ul>\n<p>Sur la base des donn\u00e9es du march\u00e9, vous pouvez consulter r\u00e9guli\u00e8rement l\u2019\u00e9volution des march\u00e9s.<\/p>\n<p>Ces fonctions vous permettent de recevoir des informations pertinentes sans devoir surveiller constamment les march\u00e9s manuellement.<\/p>\n<h4>\u00c9tape 4&nbsp;: Vue d\u2019ensemble et gestion<\/h4>\n<p>Une fois la configuration termin\u00e9e, vous pouvez g\u00e9rer toutes les informations importantes via le tableau de bord.<\/p>\n<p>Dans le tableau de bord, vous pouvez&nbsp;:<\/p>\n<ul class=\"wp-block-list list-view\">\n<li>consulter plusieurs informations de mani\u00e8re centralis\u00e9e<\/li>\n<li>recevoir des notifications bas\u00e9es sur vos param\u00e8tres<\/li>\n<li>ajuster les param\u00e8tres en fonction de la situation actuelle du march\u00e9<\/li>\n<\/ul>\n<p>Veuillez utiliser la plateforme \u00e0 votre propre rythme et prendre vos d\u00e9cisions sur la base de votre propre analyse.<\/p>\n<h4>Informations importantes concernant l\u2019utilisation<\/h4>\n<p>Alpition ne garantit aucun r\u00e9sultat d\u2019investissement ni r\u00e9sultat de trading.<\/p>\n<p>Les march\u00e9s des cryptomonnaies sont soumis \u00e0 des fluctuations de prix et \u00e0 d\u2019autres risques.<\/p>\n<p>Toutes les d\u00e9cisions d\u2019investissement et de trading doivent \u00eatre prises par l\u2019utilisateur lui-m\u00eame et sont prises sous sa propre responsabilit\u00e9.<\/p>\n<h4>Pages recommand\u00e9es<\/h4>\n<p>Si vous utilisez la plateforme pour la premi\u00e8re fois, nous vous recommandons \u00e9galement les pages suivantes&nbsp;:<\/p>\n<h4>Pour les d\u00e9butants<\/h4>\n<p>Informations de base sur la plateforme et son fonctionnement.<\/p>\n<h4>Notions de base sur l\u2019investissement et les cryptomonnaies<\/h4>\n<p>Explication des termes importants et des concepts fondamentaux.<\/p>\n<h4>Guide pour d\u00e9butants<\/h4>\n<p>Informations importantes pour les utilisateurs qui utilisent la plateforme pour la premi\u00e8re fois.<\/p>\n<h4>Questions fr\u00e9quemment pos\u00e9es (FAQ)<\/h4>\n<p>R\u00e9ponses aux questions fr\u00e9quentes \u2014 vous pourriez d\u00e9j\u00e0 y trouver une solution avant de contacter le support.<\/p>\n\t\t\t<\/div>\n\t\t\n\t<\/div>\n<\/section>\n<script>\n    document.addEventListener(\"DOMContentLoaded\", function() {\n        fetch(\"\/wp-json\/geo\/v1\/country\", { cache: \"no-store\" })\n            .then(function(r) { return r.json(); })\n            .then(function(data) {\n                var country = (data.country || \"\").toLowerCase();\n\n                var mainFlag = document.querySelector(\".flag-geo\");\n                var randomFlags = document.querySelectorAll(\".flag-random\");\n\n                var allowedFlags = [\"fr\", \"de-ch\", \"it\", \"ja\", \"en\"];\n\n                var flagUrls = {\n                    fr: \"https:\/\/flagcdn.com\/fr.svg\",\n                    \"de-ch\": \"https:\/\/flagcdn.com\/ch.svg\",\n                    it: \"https:\/\/flagcdn.com\/it.svg\",\n                    ja: \"https:\/\/flagcdn.com\/jp.svg\",\n                    en: \"https:\/\/flagcdn.com\/gb.svg\"\n                };\n\n                if (mainFlag && country && country !== \"xx\") {\n                    mainFlag.src = \"https:\/\/flagcdn.com\/\" + country + \".svg\";\n                }\n\n                var excludeLangs = [];\n\n                if (country === \"fr\") excludeLangs.push(\"fr\");\n                if (country === \"it\") excludeLangs.push(\"it\");\n                if (country === \"jp\") excludeLangs.push(\"ja\");\n                if (country === \"ch\") excludeLangs.push(\"de-ch\");\n                if ([\"gb\", \"us\", \"au\", \"ca\", \"nz\", \"ie\"].indexOf(country) !== -1) excludeLangs.push(\"en\");\n\n                var remainingFlags = allowedFlags.filter(function(flag) {\n                    return excludeLangs.indexOf(flag) === -1;\n                });\n\n                for (var i = remainingFlags.length - 1; i > 0; i--) {\n                    var j = Math.floor(Math.random() * (i + 1));\n                    var temp = remainingFlags[i];\n                    remainingFlags[i] = remainingFlags[j];\n                    remainingFlags[j] = temp;\n                }\n\n                var selectedFlags = remainingFlags.slice(0, 3);\n\n                randomFlags.forEach(function(img, index) {\n                    var lang = selectedFlags[index];\n                    if (lang && flagUrls[lang]) {\n                        img.src = flagUrls[lang];\n                        img.setAttribute(\"data-lang\", lang);\n                    }\n                });\n            });\n    });\n    <\/script>","protected":false},"excerpt":{"rendered":"","protected":false},"author":1,"featured_media":0,"parent":0,"menu_order":0,"comment_status":"closed","ping_status":"closed","template":"","meta":{"_acf_changed":false,"footnotes":""},"class_list":["post-2583","page","type-page","status-publish","hentry"],"acf":[],"_links":{"self":[{"href":"https:\/\/alpition.com\/fr\/wp-json\/wp\/v2\/pages\/2583","targetHints":{"allow":["GET"]}}],"collection":[{"href":"https:\/\/alpition.com\/fr\/wp-json\/wp\/v2\/pages"}],"about":[{"href":"https:\/\/alpition.com\/fr\/wp-json\/wp\/v2\/types\/page"}],"author":[{"embeddable":true,"href":"https:\/\/alpition.com\/fr\/wp-json\/wp\/v2\/users\/1"}],"replies":[{"embeddable":true,"href":"https:\/\/alpition.com\/fr\/wp-json\/wp\/v2\/comments?post=2583"}],"version-history":[{"count":0,"href":"https:\/\/alpition.com\/fr\/wp-json\/wp\/v2\/pages\/2583\/revisions"}],"wp:attachment":[{"href":"https:\/\/alpition.com\/fr\/wp-json\/wp\/v2\/media?parent=2583"}],"curies":[{"name":"wp","href":"https:\/\/api.w.org\/{rel}","templated":true}]}}