{"id":2585,"date":"2026-03-13T13:28:36","date_gmt":"2026-03-13T13:28:36","guid":{"rendered":"http:\/\/alpition.com\/?page_id=2585"},"modified":"2026-03-13T13:33:34","modified_gmt":"2026-03-13T13:33:34","slug":"bases-des-cryptomonnaies","status":"publish","type":"page","link":"https:\/\/alpition.com\/fr\/bases-des-cryptomonnaies\/","title":{"rendered":"Bases des cryptomonnaies"},"content":{"rendered":"<style>\n\t.section-long-text {\n\t\tmax-width: 1200px;\n\t\tmargin: 32px auto 64px auto;\n\t\tpadding: 0 0;\n\t}\n\n\t.section-long-text__title {\n\t\tfont-size: 32px;\n\t\tfont-weight: 700;\n\t\tcolor: #2f2320;\n\t\tmargin-bottom: 30px;\n\t\tline-height: 1.3;\n\t}\n\n\t.section-long-text__description {\n\t\tfont-size: 18px;\n\t\tline-height: 1.8;\n\t\tcolor: #2f2320;\n\t\tmargin-bottom: 40px;\n\t}\n\n\t.section-long-text__content h2 {\n\t\tfont-size: 28px;\n\t\tfont-weight: 700;\n\t\tcolor: #2f2320;\n\t\tmargin: 20px 0 14px 0;\n\t}\n\n\t.section-long-text__content h3 {\n\t\tfont-size: 26px!important;\n\t\tfont-weight: 600;\n\t\tcolor: #2f2320;\n\t\tmargin: 16px 0 12px 0;\n\t}\n\n\t.section-long-text__content h4 {\n\t\tfont-size: 24px;\n\t\tfont-weight: 600;\n\t\tcolor: #2f2320;\n\t\tmargin: 14px 0 10px 0;\n\t}\n\n\t.section-long-text__content p {\n\t\tfont-size: 16px;\n\t\tline-height: 1.8;\n\t\tcolor: #2f2320;\n\t\tmargin-bottom: 16px;\n\t}\n\n\t.section-long-text__content a {\n\t\tcolor: #00a59a;\n\t\ttext-decoration: underline;\n\t\ttransition: color 0.2s ease;\n\t}\n\n\t.section-long-text__content a:hover {\n\t\tcolor: #008f86;\n\t}\n\n\t.section-long-text__content ul, .section-long-text__content .wp-block-list.list-view {\n\t\tlist-style: none;\n\t\tpadding-left: 0;\n\t\tmargin: 24px 0;\n\t}\n\n\t.section-long-text__content ul li, .section-long-text__content .wp-block-list.list-view li {\n\t\tposition: relative;\n\t\tpadding-left: 20px;\n\t\tmargin-bottom: 10px;\n\t\tcolor: #2f2320;\n\t\tline-height: 1.6;\n\t}\n\n\t.section-long-text__content ul li::before, .section-long-text__content .wp-block-list.list-view li::before {\n\t\tcontent: '';\n\t\tposition: absolute;\n\t\tleft: 0;\n\t\ttop: 0.6em;\n\t\twidth: 8px;\n\t\theight: 8px;\n\t\tbackground-color: #00a59a;\n\t\tborder-radius: 50%;\n\t\tpointer-events: none;\n\t}\n\n\t.section-long-text__content .wp-block-table.advanced_table table {\n\t\twidth: 100%;\n\t\tborder-collapse: separate;\n\t\tborder-spacing: 0;\n\t\tborder-radius: 16px;\n\t\toverflow: hidden;\n\t\tborder: 1px solid rgb(9 110 103 \/ 9%);\n\t\tbackground-image: linear-gradient(to bottom, #e6eff9, #f9f8e7);\n\t}\n\n\t.section-long-text__content .wp-block-table.advanced_table {\n\t\tbox-shadow: 0 4px 20px rgba(9, 110, 103, 0.15);\n\t\tborder-radius: 16px;\n\t\toverflow: hidden;\n\t\tmargin: 30px 0;\n\t}\n\n\t.section-long-text__content .wp-block-table.advanced_table th,\n\t.section-long-text__content .wp-block-table.advanced_table td {\n\t\tborder: none;\n\t}\n\n\t.section-long-text__content .wp-block-table.advanced_table thead th {\n\t\tbackground-color: #00a59a;\n\t\tcolor: #fff;\n\t\tfont-size: 16px;\n\t\tfont-weight: 700;\n\t\ttext-align: left;\n\t\tpadding: 20px 24px;\n\t\tborder-bottom: 1px solid rgb(9 110 103 \/ 15%);\n\t}\n\n\t.section-long-text__content .wp-block-table.advanced_table tbody td {\n\t\tpadding: 18px 24px;\n\t\tfont-size: 15px;\n\t\tcolor: #2f2320;\n\t\tborder-top: 1px solid rgb(9 110 103 \/ 9%);\n\t\tbackground: transparent;\n\t\ttransition: background 0.3s ease;\n\t\tborder-top: none;\n\t}\n\n\t.section-long-text__content .wp-block-table.advanced_table tbody tr + tr td {\n\t\tborder-top: 1px solid rgb(9 110 103 \/ 9%);\n\t}\n\n\t.section-long-text__content .wp-block-table.advanced_table tbody tr:hover td {\n\t\tbackground: rgba(0, 165, 154, 0.05);\n\t}\n\n\t.section-long-text__content .wp-block-table.advanced_table thead th:not(:first-child),\n\t.section-long-text__content .wp-block-table.advanced_table tbody td:not(:first-child) {\n\t\ttext-align: center;\n\t}\n\n\t@media (max-width: 768px) {\n\t\t.section-long-text {\n\t\t\tmargin-top: 24px;\n\t\t\tmargin-bottom: 42px;\n\t\t}\n \t\n        .section-long-text .container {\n           padding: 0;\n        }\n\n\t\t.section-long-text__title {\n\t\t\tfont-size: 26px;\n\t\t}\n\n\t\t.section-long-text__description {\n\t\t\tfont-size: 16px;\n\t\t}\n\n\t\t.section-long-text__content h2 {\n\t\t\tfont-size: 22px;\n\t\t}\n\n\t\t.section-long-text__content h3 {\n\t\t\tfont-size: 20px;\n\t\t}\n\n\t\t.section-long-text__content h4 {\n\t\t\tfont-size: 18px;\n\t\t}\n\n\t\t.section-long-text__content .wp-block-table.advanced_table {\n\t\t\tmargin-top: 40px;\n\t\t}\n\n\t\t.section-long-text__content .wp-block-table.advanced_table thead th {\n\t\t\tfont-size: 14px;\n\t\t\tpadding: 14px 12px;\n\t\t}\n\n\t\t.section-long-text__content .wp-block-table.advanced_table tbody td {\n\t\t\tfont-size: 14px;\n\t\t\tpadding: 14px 12px;\n\t\t}\n\t}\n\n\t@media (max-width: 480px) {\n\t\t.section-long-text__content .wp-block-table.advanced_table thead th {\n\t\t\tfont-size: 12px;\n\t\t\tpadding: 10px 8px;\n\t\t}\n\n\t\t.section-long-text__content .wp-block-table.advanced_table tbody td {\n\t\t\tfont-size: 12px;\n\t\t\tpadding: 10px 8px;\n\t\t}\n\t}\n<\/style>\n\n<section class=\"section-long-text\">\n\t<div class=\"container\">\n\n\t\t\t\t\t<h1 class=\"section-long-text__title\">Notions de base sur l\u2019investissement et les cryptomonnaies<\/h1>\n\t\t\n\t\t\n\t\t\t\t\t<div class=\"section-long-text__content\">\n\t\t\t\t<p>Sur cette page, les concepts de base de l\u2019investissement et des cryptomonnaies sont expliqu\u00e9s pour les personnes qui d\u00e9couvrent ces sujets pour la premi\u00e8re fois.<\/p>\n<p>Les termes techniques sont \u00e9vit\u00e9s autant que possible et seuls les points les plus importants sont pr\u00e9sent\u00e9s de mani\u00e8re concise et claire.<\/p>\n<p>\u203b Cette page est fournie uniquement \u00e0 titre informatif et ne constitue pas une recommandation ou un conseil en investissement.<br \/>\n\u203b Les r\u00e9sultats d\u2019investissement ou les gains ne sont pas garantis.<\/p>\n<h4>1. Que sont les cryptomonnaies&nbsp;?<\/h4>\n<p>Les cryptomonnaies sont une forme d\u2019actifs num\u00e9riques qui peuvent \u00eatre transf\u00e9r\u00e9s via Internet.<\/p>\n<p>Elles ne sont pas g\u00e9r\u00e9es de mani\u00e8re centralis\u00e9e comme un compte bancaire&nbsp;; les donn\u00e9es de transaction sont enregistr\u00e9es et v\u00e9rifi\u00e9es \u00e0 l\u2019aide de syst\u00e8mes technologiques.<\/p>\n<p><strong>Points importants (\u00e0 retenir en premier lieu)<\/strong><\/p>\n<ul class=\"wp-block-list list-view\">\n<li>actifs g\u00e9r\u00e9s sous forme num\u00e9rique (pas de pi\u00e8ces ou de billets physiques)<\/li>\n<li>utilisation fr\u00e9quente de la technologie blockchain<\/li>\n<li>le prix varie en fonction de l\u2019offre et de la demande sur le march\u00e9<\/li>\n<\/ul>\n<h4>Explication simple de quelques termes<\/h4>\n<figure class=\"wp-block-table advanced_table\">\n<table class=\"has-fixed-layout\">\n<thead>\n<tr>\n<th><strong>Terme<\/strong><\/th>\n<th><strong>Explication simple<\/strong><\/th>\n<\/tr>\n<\/thead>\n<tbody>\n<tr>\n<td>Cryptomonnaie<\/td>\n<td>Actif num\u00e9rique g\u00e9r\u00e9 et transf\u00e9r\u00e9 via Internet<\/td>\n<\/tr>\n<tr>\n<td>Blockchain<\/td>\n<td>Syst\u00e8me qui enregistre les donn\u00e9es de transaction de mani\u00e8re li\u00e9e et v\u00e9rifiable par tous<\/td>\n<\/tr>\n<tr>\n<td>Offre et demande<\/td>\n<td>Lorsque de nombreuses personnes souhaitent acheter, le prix augmente&nbsp;; lorsque beaucoup souhaitent vendre, le prix baisse<\/td>\n<\/tr>\n<\/tbody>\n<\/table>\n<\/figure>\n<h4>Fonctionnement \u2013 repr\u00e9sentation simplifi\u00e9e<\/h4>\n<p>Une transaction est effectu\u00e9e<\/p>\n<p>\u2193<\/p>\n<p>Elle est enregistr\u00e9e sous forme de donn\u00e9es (\u00ab&nbsp;bloc&nbsp;\u00bb)<\/p>\n<p>\u2193<\/p>\n<p>Plusieurs participants du r\u00e9seau confirment et partagent cette information<\/p>\n<p>\u2193<\/p>\n<p>L\u2019historique des transactions est stock\u00e9 dans une forme tr\u00e8s difficile \u00e0 modifier<\/p>\n<p>\u203b Le fonctionnement exact et les caract\u00e9ristiques peuvent varier selon la cryptomonnaie.<\/p>\n<h4>2. Pourquoi le prix fluctue-t-il&nbsp;?<\/h4>\n<p>Le prix des cryptomonnaies \u00e9volue \u2014 comme celui des actions ou des devises \u2014 en raison de diff\u00e9rents facteurs.<\/p>\n<p>En g\u00e9n\u00e9ral, il n\u2019existe pas une seule cause expliquant les mouvements de prix. Les variations r\u00e9sultent souvent de la combinaison de plusieurs facteurs.<\/p>\n<figure class=\"wp-block-table advanced_table\">\n<table class=\"has-fixed-layout\">\n<thead>\n<tr>\n<th><strong>Facteur<\/strong><\/th>\n<th><strong>Exemple<\/strong><\/th>\n<th><strong>Impact possible<\/strong><\/th>\n<\/tr>\n<\/thead>\n<tbody>\n<tr>\n<td>Volume de trading<\/td>\n<td>Augmentation des achats ou des ventes<\/td>\n<td>Les fluctuations de prix peuvent devenir plus importantes<\/td>\n<\/tr>\n<tr>\n<td>Actualit\u00e9s du march\u00e9<\/td>\n<td>R\u00e9glementation, \u00e9v\u00e9nements, d\u00e9cisions d\u2019entreprises<\/td>\n<td>Des hausses ou baisses soudaines peuvent se produire<\/td>\n<\/tr>\n<tr>\n<td>Sentiment des investisseurs<\/td>\n<td>Incertitude, attentes<\/td>\n<td>Des situations de \u00ab&nbsp;surachat&nbsp;\u00bb ou de \u00ab&nbsp;survente&nbsp;\u00bb peuvent appara\u00eetre<\/td>\n<\/tr>\n<tr>\n<td>\u00c9volutions mondiales<\/td>\n<td>Taux d\u2019int\u00e9r\u00eat, situation \u00e9conomique, \u00e9v\u00e9nements g\u00e9opolitiques<\/td>\n<td>Les prix peuvent \u00e9voluer en raison de comportements d\u2019\u00e9vitement du risque<\/td>\n<\/tr>\n<\/tbody>\n<\/table>\n<\/figure>\n<h4>Exemple simplifi\u00e9 de mouvement de prix<\/h4>\n<p>Un \u00e9v\u00e9nement ou une information appara\u00eet<\/p>\n<p>\u2193<\/p>\n<p>Davantage de personnes souhaitent acheter ou vendre<\/p>\n<p>\u2193<\/p>\n<p>L\u2019\u00e9quilibre entre l\u2019offre et la demande change<\/p>\n<p>\u2193<\/p>\n<p>Le prix augmente ou diminue<\/p>\n<h4>3. Qu\u2019est-ce que la volatilit\u00e9&nbsp;?<\/h4>\n<p>La volatilit\u00e9 d\u00e9crit l\u2019ampleur des variations de prix d\u2019un actif.<\/p>\n<p>Les cryptomonnaies peuvent pr\u00e9senter une forte volatilit\u00e9, ce qui signifie que les prix peuvent \u00e9voluer fortement en peu de temps.<\/p>\n<p><strong>Points importants concernant la volatilit\u00e9<\/strong><\/p>\n<ul class=\"wp-block-list list-view\">\n<li>concept ou indicateur mesurant l\u2019intensit\u00e9 des mouvements de prix<\/li>\n<li>plus la volatilit\u00e9 est \u00e9lev\u00e9e, plus les variations de prix \u00e0 la hausse ou \u00e0 la baisse sont importantes<\/li>\n<li>des mouvements de prix inattendus peuvent survenir plus fr\u00e9quemment<\/li>\n<\/ul>\n<p>C\u2019est pourquoi une gestion appropri\u00e9e des risques est particuli\u00e8rement importante.<\/p>\n<h4>Comparaison (exemple)<\/h4>\n<figure class=\"wp-block-table advanced_table\">\n<table class=\"has-fixed-layout\">\n<thead>\n<tr>\n<th><strong>Situation<\/strong><\/th>\n<th><strong>Caract\u00e9ristique<\/strong><\/th>\n<th><strong>Ce \u00e0 quoi les utilisateurs doivent pr\u00eater attention<\/strong><\/th>\n<\/tr>\n<\/thead>\n<tbody>\n<tr>\n<td>Faible volatilit\u00e9<\/td>\n<td>Les mouvements de prix sont relativement stables et mod\u00e9r\u00e9s<\/td>\n<td>Observer le march\u00e9 de mani\u00e8re raisonnable<\/td>\n<\/tr>\n<tr>\n<td>Forte volatilit\u00e9<\/td>\n<td>Le prix peut augmenter ou diminuer fortement en peu de temps<\/td>\n<td>Examiner attentivement les param\u00e8tres, la gestion des risques et les informations du march\u00e9<\/td>\n<\/tr>\n<\/tbody>\n<\/table>\n<\/figure>\n<h4>4. Que signifie la gestion des risques&nbsp;? (explication simple)<\/h4>\n<p>La gestion des risques ne signifie pas \u00e9viter totalement les pertes.<\/p>\n<p>Elle consiste plut\u00f4t \u00e0 se pr\u00e9parer \u00e0 l\u2019avance afin de rester calme m\u00eame en cas de mouvements de march\u00e9 inattendus.<\/p>\n<p><strong>Principes de base pour les d\u00e9butants (exemples)<\/strong><\/p>\n<ul class=\"wp-block-list list-view\">\n<li>\u00e9viter de prendre des d\u00e9cisions importantes de mani\u00e8re pr\u00e9cipit\u00e9e<\/li>\n<li>supposer que les mouvements de prix peuvent \u00eatre importants<\/li>\n<li>utiliser les informations comme rep\u00e8res et les analyser de mani\u00e8re structur\u00e9e<\/li>\n<li>en cas d\u2019incertitude, v\u00e9rifier les param\u00e8tres ou suspendre temporairement l\u2019utilisation<\/li>\n<\/ul>\n<h4>Ce qui est possible avec Alpition (fonctions de base)<\/h4>\n<p>Avec Alpition, les fonctions suivantes peuvent \u00eatre utilis\u00e9es pour mieux comprendre les informations du march\u00e9&nbsp;:<\/p>\n<ul class=\"wp-block-list list-view\">\n<li>s\u00e9lectionner des paires de trading et consulter les informations de mani\u00e8re structur\u00e9e<\/li>\n<li>utiliser des conditions de prix et des alertes pour d\u00e9tecter les changements<\/li>\n<li>g\u00e9rer la situation du march\u00e9 de mani\u00e8re claire via le tableau de bord<\/li>\n<\/ul>\n<p>\u203b Alpition ne prend aucune d\u00e9cision d\u2019investissement.<\/p>\n\t\t\t<\/div>\n\t\t\n\t<\/div>\n<\/section>\n\n\n\n<div class=\"wp-block-group faq-full-width\"><div class=\"wp-block-group__inner-container is-layout-constrained wp-block-group-is-layout-constrained\"><style>\n    .faq__block {\n        padding-bottom: 140px;\n    }\n\n    .faq__wrapper {\n        display: flex;\n        gap: 108px;\n        flex-direction: row;\n    }\n\n    .faq__wrapper--title h2 {\n        font-size: 62px;\n        line-height: 56px;\n        font-weight: 600;\n        max-width: 450px;\n    }\n\n    .faq-accordion .faq__question {\n        font-weight: 600;\n        font-size: 20px;\n        line-height: 24px;\n        letter-spacing: 0.2px;\n        padding: 24px 0;\n        cursor: pointer;\n        border-bottom: 1px solid #70707033;\n        display: flex;\n    }\n\n    .faq-accordion .faq__answer {\n        max-height: 0;\n        overflow: hidden;\n        margin-top: 8px;\n        color: #333;\n        opacity: 0;\n    }\n\n    .faq-accordion.active .faq__answer {\n        max-height: 500px;\n        opacity: 1;\n        color: #707070;\n        line-height: 26px;\n    }\n\n    .faq-accordion .faq__arrow {\n        margin-left: auto;\n    }\n\n    .faq-accordion .faq__arrow svg {\n        color: #707070;\n    }\n\n    .faq-accordion.active .faq__arrow {\n        transform: rotate(180deg);\n    }\n\n    @media(max-width: 991px) {\n        .faq__wrapper {\n            flex-direction: column;\n            gap: 24px;\n        }\n\n        .faq__wrapper--title h2 {\n            font-size: 28px;\n            line-height: 36px;\n        }\n\n        .faq-accordion .faq__question {\n            font-size: 18px;\n            line-height: 24px;\n            padding: 20px 0;\n        }\n\n        .faq__block {\n            padding-bottom: 60px;\n        }\n    }\n<\/style>\n<section class=\"faq__block\">\n    <div class=\"container\">\n        <div class=\"faq__wrapper\">\n            <div class=\"faq__wrapper--title\">\n                   \n                    <h2>5. Questions fr\u00e9quemment pos\u00e9es (bases)<\/h2>\n                            <\/div>\n                            <div class=\"faq-wrapper__row\">\n                                            <div class=\"faq-accordion\">\n                            <div class=\"faq__question\">\n                                <span>Les cryptomonnaies \u00e9voluent-elles toujours fortement?<\/span>\n                                <span class=\"faq__arrow\"><svg width=\"24\" height=\"24\" viewBox=\"0 0 24 24\" fill=\"none\" xmlns=\"http:\/\/www.w3.org\/2000\/svg\" class=\"shrink-0 text-bg-control dark:text-bg-controlDark transition\"><path fill-rule=\"evenodd\" clip-rule=\"evenodd\" d=\"M5.79289 9.29289C6.18342 8.90237 6.81658 8.90237 7.20711 9.29289L12 14.0858L16.7929 9.29289C17.1834 8.90237 17.8166 8.90237 18.2071 9.29289C18.5976 9.68342 18.5976 10.3166 18.2071 10.7071L12.7071 16.2071C12.3166 16.5976 11.6834 16.5976 11.2929 16.2071L5.79289 10.7071C5.40237 10.3166 5.40237 9.68342 5.79289 9.29289Z\" fill=\"currentColor\"><\/path><\/svg><\/span>\n                            <\/div>\n                            <div class=\"faq__answer\">\n                                <p><p>Non. Les prix ne varient pas toujours fortement, mais ils peuvent changer soudainement en fonction de la situation du march\u00e9.<\/p>\n<\/p>\n                            <\/div>\n                        <\/div>\n                                            <div class=\"faq-accordion\">\n                            <div class=\"faq__question\">\n                                <span>Que peut-il se passer lorsque la volatilit\u00e9 est \u00e9lev\u00e9e?<\/span>\n                                <span class=\"faq__arrow\"><svg width=\"24\" height=\"24\" viewBox=\"0 0 24 24\" fill=\"none\" xmlns=\"http:\/\/www.w3.org\/2000\/svg\" class=\"shrink-0 text-bg-control dark:text-bg-controlDark transition\"><path fill-rule=\"evenodd\" clip-rule=\"evenodd\" d=\"M5.79289 9.29289C6.18342 8.90237 6.81658 8.90237 7.20711 9.29289L12 14.0858L16.7929 9.29289C17.1834 8.90237 17.8166 8.90237 18.2071 9.29289C18.5976 9.68342 18.5976 10.3166 18.2071 10.7071L12.7071 16.2071C12.3166 16.5976 11.6834 16.5976 11.2929 16.2071L5.79289 10.7071C5.40237 10.3166 5.40237 9.68342 5.79289 9.29289Z\" fill=\"currentColor\"><\/path><\/svg><\/span>\n                            <\/div>\n                            <div class=\"faq__answer\">\n                                <p><p>Le prix peut \u00e9voluer plus rapidement que pr\u00e9vu, ce qui peut rendre les d\u00e9cisions plus difficiles.<\/p>\n<\/p>\n                            <\/div>\n                        <\/div>\n                                            <div class=\"faq-accordion\">\n                            <div class=\"faq__question\">\n                                <span>Par quoi faut-il commencer?<\/span>\n                                <span class=\"faq__arrow\"><svg width=\"24\" height=\"24\" viewBox=\"0 0 24 24\" fill=\"none\" xmlns=\"http:\/\/www.w3.org\/2000\/svg\" class=\"shrink-0 text-bg-control dark:text-bg-controlDark transition\"><path fill-rule=\"evenodd\" clip-rule=\"evenodd\" d=\"M5.79289 9.29289C6.18342 8.90237 6.81658 8.90237 7.20711 9.29289L12 14.0858L16.7929 9.29289C17.1834 8.90237 17.8166 8.90237 18.2071 9.29289C18.5976 9.68342 18.5976 10.3166 18.2071 10.7071L12.7071 16.2071C12.3166 16.5976 11.6834 16.5976 11.2929 16.2071L5.79289 10.7071C5.40237 10.3166 5.40237 9.68342 5.79289 9.29289Z\" fill=\"currentColor\"><\/path><\/svg><\/span>\n                            <\/div>\n                            <div class=\"faq__answer\">\n                                <p><p>Il est utile de commencer par comprendre ces trois points&nbsp;:<\/p>\n<ul class=\"wp-block-list list-view\">\n<li>ce que sont les cryptomonnaies<\/li>\n<li>pourquoi les prix changent<\/li>\n<li>ce que signifie la volatilit\u00e9<\/li>\n<\/ul>\n<\/p>\n                            <\/div>\n                        <\/div>\n                                    <\/div>\n                    <\/div>\n    <\/div>\n<\/section>\n\n<script>\ndocument.addEventListener(\"DOMContentLoaded\", () => {\n    const accordions = document.querySelectorAll(\".faq-accordion\");\n\n    accordions.forEach((accordion) => {\n        const question = accordion.querySelector(\".faq__question\");\n\n        question.addEventListener(\"click\", () => {\n            accordion.classList.toggle(\"active\");\n        });\n    });\n});\n<\/script>\n<\/div><\/div>\n\n\n\n<h2 class=\"wp-block-heading\" style=\"font-size:28px\"><strong>Pages recommand\u00e9es<\/strong><\/h2>\n\n\n\n<p><strong>Premiers pas<br><\/strong>Guide de base pour l\u2019utilisation de Alpition.<\/p>\n\n\n\n<p><strong>Guide pour d\u00e9butants<br><\/strong>Informations importantes pour la premi\u00e8re utilisation.<\/p>\n\n\n\n<p><strong>Questions fr\u00e9quemment pos\u00e9es (FAQ)<br><\/strong>R\u00e9ponses aux questions fr\u00e9quentes.<strong><br><\/strong>Avertissement sur les risques. Informations importantes sur les risques et les conditions d\u2019utilisation de la plateforme.<\/p>\n<script>\n    document.addEventListener(\"DOMContentLoaded\", function() {\n        fetch(\"\/wp-json\/geo\/v1\/country\", { cache: \"no-store\" })\n            .then(function(r) { return r.json(); })\n            .then(function(data) {\n                var country = (data.country || \"\").toLowerCase();\n\n                var mainFlag = document.querySelector(\".flag-geo\");\n                var randomFlags = document.querySelectorAll(\".flag-random\");\n\n                var allowedFlags = [\"fr\", \"de-ch\", \"it\", \"ja\", \"en\"];\n\n                var flagUrls = {\n                    fr: \"https:\/\/flagcdn.com\/fr.svg\",\n                    \"de-ch\": \"https:\/\/flagcdn.com\/ch.svg\",\n                    it: \"https:\/\/flagcdn.com\/it.svg\",\n                    ja: \"https:\/\/flagcdn.com\/jp.svg\",\n                    en: \"https:\/\/flagcdn.com\/gb.svg\"\n                };\n\n                if (mainFlag && country && country !== \"xx\") {\n                    mainFlag.src = \"https:\/\/flagcdn.com\/\" + country + \".svg\";\n                }\n\n                var excludeLangs = [];\n\n                if (country === \"fr\") excludeLangs.push(\"fr\");\n                if (country === \"it\") excludeLangs.push(\"it\");\n                if (country === \"jp\") excludeLangs.push(\"ja\");\n                if (country === \"ch\") excludeLangs.push(\"de-ch\");\n                if ([\"gb\", \"us\", \"au\", \"ca\", \"nz\", \"ie\"].indexOf(country) !== -1) excludeLangs.push(\"en\");\n\n                var remainingFlags = allowedFlags.filter(function(flag) {\n                    return excludeLangs.indexOf(flag) === -1;\n                });\n\n                for (var i = remainingFlags.length - 1; i > 0; i--) {\n                    var j = Math.floor(Math.random() * (i + 1));\n                    var temp = remainingFlags[i];\n                    remainingFlags[i] = remainingFlags[j];\n                    remainingFlags[j] = temp;\n                }\n\n                var selectedFlags = remainingFlags.slice(0, 3);\n\n                randomFlags.forEach(function(img, index) {\n                    var lang = selectedFlags[index];\n                    if (lang && flagUrls[lang]) {\n                        img.src = flagUrls[lang];\n                        img.setAttribute(\"data-lang\", lang);\n                    }\n                });\n            });\n    });\n    <\/script>","protected":false},"excerpt":{"rendered":"<p>Pages recommand\u00e9es Premiers pasGuide de base pour l\u2019utilisation de Alpition. Guide pour d\u00e9butantsInformations importantes pour la premi\u00e8re utilisation. Questions fr\u00e9quemment pos\u00e9es (FAQ)R\u00e9ponses aux questions fr\u00e9quentes.Avertissement sur les risques. Informations importantes sur les risques et les conditions d\u2019utilisation de la plateforme.<\/p>\n","protected":false},"author":1,"featured_media":0,"parent":0,"menu_order":0,"comment_status":"closed","ping_status":"closed","template":"","meta":{"_acf_changed":false,"footnotes":""},"class_list":["post-2585","page","type-page","status-publish","hentry"],"acf":[],"_links":{"self":[{"href":"https:\/\/alpition.com\/fr\/wp-json\/wp\/v2\/pages\/2585","targetHints":{"allow":["GET"]}}],"collection":[{"href":"https:\/\/alpition.com\/fr\/wp-json\/wp\/v2\/pages"}],"about":[{"href":"https:\/\/alpition.com\/fr\/wp-json\/wp\/v2\/types\/page"}],"author":[{"embeddable":true,"href":"https:\/\/alpition.com\/fr\/wp-json\/wp\/v2\/users\/1"}],"replies":[{"embeddable":true,"href":"https:\/\/alpition.com\/fr\/wp-json\/wp\/v2\/comments?post=2585"}],"version-history":[{"count":0,"href":"https:\/\/alpition.com\/fr\/wp-json\/wp\/v2\/pages\/2585\/revisions"}],"wp:attachment":[{"href":"https:\/\/alpition.com\/fr\/wp-json\/wp\/v2\/media?parent=2585"}],"curies":[{"name":"wp","href":"https:\/\/api.w.org\/{rel}","templated":true}]}}