{"id":2589,"date":"2026-03-13T13:35:44","date_gmt":"2026-03-13T13:35:44","guid":{"rendered":"http:\/\/alpition.com\/?page_id=2589"},"modified":"2026-03-13T13:35:46","modified_gmt":"2026-03-13T13:35:46","slug":"guide-pratique-pour-debutants","status":"publish","type":"page","link":"https:\/\/alpition.com\/fr\/guide-pratique-pour-debutants\/","title":{"rendered":"Guide pratique pour d\u00e9butants"},"content":{"rendered":"<style>\n\t.section-long-text {\n\t\tmax-width: 1200px;\n\t\tmargin: 32px auto 64px auto;\n\t\tpadding: 0 0;\n\t}\n\n\t.section-long-text__title {\n\t\tfont-size: 32px;\n\t\tfont-weight: 700;\n\t\tcolor: #2f2320;\n\t\tmargin-bottom: 30px;\n\t\tline-height: 1.3;\n\t}\n\n\t.section-long-text__description {\n\t\tfont-size: 18px;\n\t\tline-height: 1.8;\n\t\tcolor: #2f2320;\n\t\tmargin-bottom: 40px;\n\t}\n\n\t.section-long-text__content h2 {\n\t\tfont-size: 28px;\n\t\tfont-weight: 700;\n\t\tcolor: #2f2320;\n\t\tmargin: 20px 0 14px 0;\n\t}\n\n\t.section-long-text__content h3 {\n\t\tfont-size: 26px!important;\n\t\tfont-weight: 600;\n\t\tcolor: #2f2320;\n\t\tmargin: 16px 0 12px 0;\n\t}\n\n\t.section-long-text__content h4 {\n\t\tfont-size: 24px;\n\t\tfont-weight: 600;\n\t\tcolor: #2f2320;\n\t\tmargin: 14px 0 10px 0;\n\t}\n\n\t.section-long-text__content p {\n\t\tfont-size: 16px;\n\t\tline-height: 1.8;\n\t\tcolor: #2f2320;\n\t\tmargin-bottom: 16px;\n\t}\n\n\t.section-long-text__content a {\n\t\tcolor: #00a59a;\n\t\ttext-decoration: underline;\n\t\ttransition: color 0.2s ease;\n\t}\n\n\t.section-long-text__content a:hover {\n\t\tcolor: #008f86;\n\t}\n\n\t.section-long-text__content ul, .section-long-text__content .wp-block-list.list-view {\n\t\tlist-style: none;\n\t\tpadding-left: 0;\n\t\tmargin: 24px 0;\n\t}\n\n\t.section-long-text__content ul li, .section-long-text__content .wp-block-list.list-view li {\n\t\tposition: relative;\n\t\tpadding-left: 20px;\n\t\tmargin-bottom: 10px;\n\t\tcolor: #2f2320;\n\t\tline-height: 1.6;\n\t}\n\n\t.section-long-text__content ul li::before, .section-long-text__content .wp-block-list.list-view li::before {\n\t\tcontent: '';\n\t\tposition: absolute;\n\t\tleft: 0;\n\t\ttop: 0.6em;\n\t\twidth: 8px;\n\t\theight: 8px;\n\t\tbackground-color: #00a59a;\n\t\tborder-radius: 50%;\n\t\tpointer-events: none;\n\t}\n\n\t.section-long-text__content .wp-block-table.advanced_table table {\n\t\twidth: 100%;\n\t\tborder-collapse: separate;\n\t\tborder-spacing: 0;\n\t\tborder-radius: 16px;\n\t\toverflow: hidden;\n\t\tborder: 1px solid rgb(9 110 103 \/ 9%);\n\t\tbackground-image: linear-gradient(to bottom, #e6eff9, #f9f8e7);\n\t}\n\n\t.section-long-text__content .wp-block-table.advanced_table {\n\t\tbox-shadow: 0 4px 20px rgba(9, 110, 103, 0.15);\n\t\tborder-radius: 16px;\n\t\toverflow: hidden;\n\t\tmargin: 30px 0;\n\t}\n\n\t.section-long-text__content .wp-block-table.advanced_table th,\n\t.section-long-text__content .wp-block-table.advanced_table td {\n\t\tborder: none;\n\t}\n\n\t.section-long-text__content .wp-block-table.advanced_table thead th {\n\t\tbackground-color: #00a59a;\n\t\tcolor: #fff;\n\t\tfont-size: 16px;\n\t\tfont-weight: 700;\n\t\ttext-align: left;\n\t\tpadding: 20px 24px;\n\t\tborder-bottom: 1px solid rgb(9 110 103 \/ 15%);\n\t}\n\n\t.section-long-text__content .wp-block-table.advanced_table tbody td {\n\t\tpadding: 18px 24px;\n\t\tfont-size: 15px;\n\t\tcolor: #2f2320;\n\t\tborder-top: 1px solid rgb(9 110 103 \/ 9%);\n\t\tbackground: transparent;\n\t\ttransition: background 0.3s ease;\n\t\tborder-top: none;\n\t}\n\n\t.section-long-text__content .wp-block-table.advanced_table tbody tr + tr td {\n\t\tborder-top: 1px solid rgb(9 110 103 \/ 9%);\n\t}\n\n\t.section-long-text__content .wp-block-table.advanced_table tbody tr:hover td {\n\t\tbackground: rgba(0, 165, 154, 0.05);\n\t}\n\n\t.section-long-text__content .wp-block-table.advanced_table thead th:not(:first-child),\n\t.section-long-text__content .wp-block-table.advanced_table tbody td:not(:first-child) {\n\t\ttext-align: center;\n\t}\n\n\t@media (max-width: 768px) {\n\t\t.section-long-text {\n\t\t\tmargin-top: 24px;\n\t\t\tmargin-bottom: 42px;\n\t\t}\n \t\n        .section-long-text .container {\n           padding: 0;\n        }\n\n\t\t.section-long-text__title {\n\t\t\tfont-size: 26px;\n\t\t}\n\n\t\t.section-long-text__description {\n\t\t\tfont-size: 16px;\n\t\t}\n\n\t\t.section-long-text__content h2 {\n\t\t\tfont-size: 22px;\n\t\t}\n\n\t\t.section-long-text__content h3 {\n\t\t\tfont-size: 20px;\n\t\t}\n\n\t\t.section-long-text__content h4 {\n\t\t\tfont-size: 18px;\n\t\t}\n\n\t\t.section-long-text__content .wp-block-table.advanced_table {\n\t\t\tmargin-top: 40px;\n\t\t}\n\n\t\t.section-long-text__content .wp-block-table.advanced_table thead th {\n\t\t\tfont-size: 14px;\n\t\t\tpadding: 14px 12px;\n\t\t}\n\n\t\t.section-long-text__content .wp-block-table.advanced_table tbody td {\n\t\t\tfont-size: 14px;\n\t\t\tpadding: 14px 12px;\n\t\t}\n\t}\n\n\t@media (max-width: 480px) {\n\t\t.section-long-text__content .wp-block-table.advanced_table thead th {\n\t\t\tfont-size: 12px;\n\t\t\tpadding: 10px 8px;\n\t\t}\n\n\t\t.section-long-text__content .wp-block-table.advanced_table tbody td {\n\t\t\tfont-size: 12px;\n\t\t\tpadding: 10px 8px;\n\t\t}\n\t}\n<\/style>\n\n<section class=\"section-long-text\">\n\t<div class=\"container\">\n\n\t\t\t\t\t<h1 class=\"section-long-text__title\">Guide pour d\u00e9butants<\/h1>\n\t\t\n\t\t\n\t\t\t\t\t<div class=\"section-long-text__content\">\n\t\t\t\t<p>Sur cette page, des conseils pratiques sont pr\u00e9sent\u00e9s de mani\u00e8re claire afin d\u2019aider les utilisateurs \u00e0 utiliser Alpition pour la premi\u00e8re fois.<\/p>\n<p>\u203b Cette page est fournie uniquement \u00e0 titre informatif et ne garantit aucun r\u00e9sultat d\u2019investissement ni aucun gain.<\/p>\n<h4>1. Points importants pour la premi\u00e8re utilisation<\/h4>\n<p>Lorsque vous utilisez le service pour la premi\u00e8re fois, il est important de ne pas essayer de tout comprendre en m\u00eame temps.<\/p>\n<p>Il est recommand\u00e9 d\u2019examiner les diff\u00e9rentes fonctions et informations \u00e9tape par \u00e9tape.<\/p>\n<figure class=\"wp-block-table advanced_table\">\n<table class=\"has-fixed-layout\">\n<thead>\n<tr>\n<th><strong>Point<\/strong><\/th>\n<th><strong>Contenu<\/strong><\/th>\n<\/tr>\n<\/thead>\n<tbody>\n<tr>\n<td>Commencer \u00e0 petite \u00e9chelle<\/td>\n<td>Au d\u00e9but, v\u00e9rifier seulement un nombre limit\u00e9 de paires de trading ou d\u2019informations<\/td>\n<\/tr>\n<tr>\n<td>Comprendre progressivement<\/td>\n<td>Essayer les fonctions l\u2019une apr\u00e8s l\u2019autre et se familiariser avec celles-ci<\/td>\n<\/tr>\n<tr>\n<td>\u00c9viter les d\u00e9cisions pr\u00e9cipit\u00e9es<\/td>\n<td>\u00c9viter autant que possible les param\u00e8tres complexes ou les modifications soudaines<\/td>\n<\/tr>\n<\/tbody>\n<\/table>\n<\/figure>\n<p><strong>Processus recommand\u00e9 (exemple)<\/strong><\/p>\n<p>Examiner le contenu du service<\/p>\n<p>\u2193<\/p>\n<p>Comprendre les fonctions de base<\/p>\n<p>\u2193<\/p>\n<p>Ajouter progressivement des param\u00e8tres<\/p>\n<p>\u2193<\/p>\n<p>Obtenir une vue d\u2019ensemble du syst\u00e8me<\/p>\n<h4>2. Exemples d\u2019erreurs fr\u00e9quentes<\/h4>\n<p>Lorsque les d\u00e9butants connaissent \u00e0 l\u2019avance certaines erreurs typiques, cela peut aider \u00e0 r\u00e9duire la confusion ou les incertitudes inutiles.<\/p>\n<p><strong>Exemples fr\u00e9quents (aper\u00e7u)<\/strong><\/p>\n<figure class=\"wp-block-table advanced_table\">\n<table class=\"has-fixed-layout\">\n<thead>\n<tr>\n<th><strong>Exemple d\u2019erreur<\/strong><\/th>\n<th><strong>Pourquoi cela peut se produire<\/strong><\/th>\n<\/tr>\n<\/thead>\n<tbody>\n<tr>\n<td>Suivre trop d\u2019informations<\/td>\n<td>Trop de sources de d\u00e9cision peuvent provoquer de la confusion<\/td>\n<\/tr>\n<tr>\n<td>Prendre des d\u00e9cisions \u00e9motionnelles<\/td>\n<td>Il devient plus difficile de prendre une d\u00e9cision calme et objective<\/td>\n<\/tr>\n<tr>\n<td>Ignorer la gestion des risques<\/td>\n<td>Les mouvements de march\u00e9 inattendus peuvent cr\u00e9er de l\u2019incertitude ou des probl\u00e8mes<\/td>\n<\/tr>\n<\/tbody>\n<\/table>\n<\/figure>\n<p><strong>Points importants \u00e0 garder \u00e0 l\u2019esprit<\/strong><\/p>\n<ul class=\"wp-block-list list-view\">\n<li>plus d\u2019informations ne signifie pas automatiquement de meilleures d\u00e9cisions<\/li>\n<li>il est important de ne pas r\u00e9agir de mani\u00e8re excessive aux mouvements de prix \u00e0 court terme<\/li>\n<li>il est utile de d\u00e9finir \u00e0 l\u2019avance ses propres crit\u00e8res de d\u00e9cision<\/li>\n<\/ul>\n<h4>3. Une approche calme lors de l\u2019utilisation<\/h4>\n<p>Lors de l\u2019utilisation de Alpition, il est important de ne pas se laisser trop influencer par les mouvements de march\u00e9 \u00e0 court terme.<\/p>\n<p><strong>Principes importants<\/strong><\/p>\n<ul class=\"wp-block-list list-view\">\n<li>les mouvements de prix \u00e0 court terme ne sont pas inhabituels sur les march\u00e9s<\/li>\n<li>les donn\u00e9es servent de base pour les d\u00e9cisions, mais ne donnent pas de r\u00e9ponses d\u00e9finitives<\/li>\n<li>il est utile d\u2019observer la situation avec une perspective globale<\/li>\n<\/ul>\n<p><strong>Utilisation des informations<\/strong><\/p>\n<figure class=\"wp-block-table advanced_table\">\n<table class=\"has-fixed-layout\">\n<thead>\n<tr>\n<th><strong>Perspective<\/strong><\/th>\n<th><strong>Approche<\/strong><\/th>\n<\/tr>\n<\/thead>\n<tbody>\n<tr>\n<td>Chiffres et graphiques<\/td>\n<td>Les utiliser comme r\u00e9f\u00e9rence pour comprendre la situation actuelle<\/td>\n<\/tr>\n<tr>\n<td>Alertes<\/td>\n<td>Les consid\u00e9rer comme des indications ou des rappels<\/td>\n<\/tr>\n<tr>\n<td>R\u00e9sultats d\u2019analyse<\/td>\n<td>Les consid\u00e9rer comme l\u2019une des bases pour prendre une d\u00e9cision<\/td>\n<\/tr>\n<\/tbody>\n<\/table>\n<\/figure>\n<h4>4. Conseils pour les d\u00e9butants<\/h4>\n<p>Au d\u00e9but, il n\u2019est pas n\u00e9cessaire de chercher \u00e0 utiliser toutes les fonctions de mani\u00e8re \u00ab parfaite \u00bb.<\/p>\n<ul class=\"wp-block-list list-view\">\n<li>si quelque chose n\u2019est pas clair, veuillez consulter le guide ou la FAQ<\/li>\n<li>si vous avez des doutes, v\u00e9rifiez vos param\u00e8tres ou mettez temporairement l\u2019utilisation en pause<\/li>\n<li>il est important de vous familiariser avec la plateforme \u00e0 votre propre rythme<\/li>\n<\/ul>\n<p>Alpition soutient un environnement dans lequel les utilisateurs peuvent examiner les informations calmement et prendre des d\u00e9cisions r\u00e9fl\u00e9chies.<\/p>\n<h4>5. Questions fr\u00e9quentes (pour d\u00e9butants)<\/h4>\n<p><strong>Dois-je utiliser toutes les fonctions&nbsp;?<\/strong><\/p>\n<p>Non. Vous pouvez choisir et utiliser uniquement les fonctions qui sont pertinentes pour vous.<\/p>\n<p><strong>Que se passe-t-il si je configure un param\u00e8tre de mani\u00e8re incorrecte&nbsp;?<\/strong><\/p>\n<p>Les param\u00e8tres peuvent \u00eatre modifi\u00e9s \u00e0 tout moment. Il n\u2019y a aucune obligation de conserver une configuration.<\/p>\n<p><strong>Que faire si je ne suis pas s\u00fbr de la d\u00e9cision \u00e0 prendre&nbsp;?<\/strong><\/p>\n<p>Il est recommand\u00e9 de faire une pause, d\u2019organiser les informations disponibles, puis de prendre une d\u00e9cision.<\/p>\n<h4>Pages recommand\u00e9es<\/h4>\n<p><strong>Processus d\u2019utilisation&nbsp;: \u00e9tapes de base<\/strong><br \/>\nGuide des \u00e9tapes principales pour utiliser la plateforme.<\/p>\n<p><strong>Notions de base sur l\u2019investissement et les cryptomonnaies<\/strong><br \/>\nVue d\u2019ensemble des connaissances fondamentales.<\/p>\n<p><strong>Questions fr\u00e9quemment pos\u00e9es (FAQ)<\/strong><br \/>\nR\u00e9ponses aux questions g\u00e9n\u00e9rales.<\/p>\n<p><strong>Avertissement sur les risques<\/strong><br \/>\nInformations importantes sur les risques et les avertissements.<\/p>\n\t\t\t<\/div>\n\t\t\n\t<\/div>\n<\/section>\n<script>\n    document.addEventListener(\"DOMContentLoaded\", function() {\n        fetch(\"\/wp-json\/geo\/v1\/country\", { cache: \"no-store\" })\n            .then(function(r) { return r.json(); })\n            .then(function(data) {\n                var country = (data.country || \"\").toLowerCase();\n\n                var mainFlag = document.querySelector(\".flag-geo\");\n                var randomFlags = document.querySelectorAll(\".flag-random\");\n\n                var allowedFlags = [\"fr\", \"de-ch\", \"it\", \"ja\", \"en\"];\n\n                var flagUrls = {\n                    fr: \"https:\/\/flagcdn.com\/fr.svg\",\n                    \"de-ch\": \"https:\/\/flagcdn.com\/ch.svg\",\n                    it: \"https:\/\/flagcdn.com\/it.svg\",\n                    ja: \"https:\/\/flagcdn.com\/jp.svg\",\n                    en: \"https:\/\/flagcdn.com\/gb.svg\"\n                };\n\n                if (mainFlag && country && country !== \"xx\") {\n                    mainFlag.src = \"https:\/\/flagcdn.com\/\" + country + \".svg\";\n                }\n\n                var excludeLangs = [];\n\n                if (country === \"fr\") excludeLangs.push(\"fr\");\n                if (country === \"it\") excludeLangs.push(\"it\");\n                if (country === \"jp\") excludeLangs.push(\"ja\");\n                if (country === \"ch\") excludeLangs.push(\"de-ch\");\n                if ([\"gb\", \"us\", \"au\", \"ca\", \"nz\", \"ie\"].indexOf(country) !== -1) excludeLangs.push(\"en\");\n\n                var remainingFlags = allowedFlags.filter(function(flag) {\n                    return excludeLangs.indexOf(flag) === -1;\n                });\n\n                for (var i = remainingFlags.length - 1; i > 0; i--) {\n                    var j = Math.floor(Math.random() * (i + 1));\n                    var temp = remainingFlags[i];\n                    remainingFlags[i] = remainingFlags[j];\n                    remainingFlags[j] = temp;\n                }\n\n                var selectedFlags = remainingFlags.slice(0, 3);\n\n                randomFlags.forEach(function(img, index) {\n                    var lang = selectedFlags[index];\n                    if (lang && flagUrls[lang]) {\n                        img.src = flagUrls[lang];\n                        img.setAttribute(\"data-lang\", lang);\n                    }\n                });\n            });\n    });\n    <\/script>","protected":false},"excerpt":{"rendered":"","protected":false},"author":1,"featured_media":0,"parent":0,"menu_order":0,"comment_status":"closed","ping_status":"closed","template":"","meta":{"_acf_changed":false,"footnotes":""},"class_list":["post-2589","page","type-page","status-publish","hentry"],"acf":[],"_links":{"self":[{"href":"https:\/\/alpition.com\/fr\/wp-json\/wp\/v2\/pages\/2589","targetHints":{"allow":["GET"]}}],"collection":[{"href":"https:\/\/alpition.com\/fr\/wp-json\/wp\/v2\/pages"}],"about":[{"href":"https:\/\/alpition.com\/fr\/wp-json\/wp\/v2\/types\/page"}],"author":[{"embeddable":true,"href":"https:\/\/alpition.com\/fr\/wp-json\/wp\/v2\/users\/1"}],"replies":[{"embeddable":true,"href":"https:\/\/alpition.com\/fr\/wp-json\/wp\/v2\/comments?post=2589"}],"version-history":[{"count":0,"href":"https:\/\/alpition.com\/fr\/wp-json\/wp\/v2\/pages\/2589\/revisions"}],"wp:attachment":[{"href":"https:\/\/alpition.com\/fr\/wp-json\/wp\/v2\/media?parent=2589"}],"curies":[{"name":"wp","href":"https:\/\/api.w.org\/{rel}","templated":true}]}}