{"id":2771,"date":"2026-03-25T16:19:38","date_gmt":"2026-03-25T16:19:38","guid":{"rendered":"http:\/\/alpition.com\/?page_id=2771"},"modified":"2026-03-25T16:24:12","modified_gmt":"2026-03-25T16:24:12","slug":"fondamenti-delle-criptovalute","status":"publish","type":"page","link":"https:\/\/alpition.com\/it\/fondamenti-delle-criptovalute\/","title":{"rendered":"Fondamenti delle criptovalute"},"content":{"rendered":"<style>\n\t.section-long-text {\n\t\tmax-width: 1200px;\n\t\tmargin: 32px auto 64px auto;\n\t\tpadding: 0 0;\n\t}\n\n\t.section-long-text__title {\n\t\tfont-size: 32px;\n\t\tfont-weight: 700;\n\t\tcolor: #2f2320;\n\t\tmargin-bottom: 30px;\n\t\tline-height: 1.3;\n\t}\n\n\t.section-long-text__description {\n\t\tfont-size: 18px;\n\t\tline-height: 1.8;\n\t\tcolor: #2f2320;\n\t\tmargin-bottom: 40px;\n\t}\n\n\t.section-long-text__content h2 {\n\t\tfont-size: 28px;\n\t\tfont-weight: 700;\n\t\tcolor: #2f2320;\n\t\tmargin: 20px 0 14px 0;\n\t}\n\n\t.section-long-text__content h3 {\n\t\tfont-size: 26px!important;\n\t\tfont-weight: 600;\n\t\tcolor: #2f2320;\n\t\tmargin: 16px 0 12px 0;\n\t}\n\n\t.section-long-text__content h4 {\n\t\tfont-size: 24px;\n\t\tfont-weight: 600;\n\t\tcolor: #2f2320;\n\t\tmargin: 14px 0 10px 0;\n\t}\n\n\t.section-long-text__content p {\n\t\tfont-size: 16px;\n\t\tline-height: 1.8;\n\t\tcolor: #2f2320;\n\t\tmargin-bottom: 16px;\n\t}\n\n\t.section-long-text__content a {\n\t\tcolor: #00a59a;\n\t\ttext-decoration: underline;\n\t\ttransition: color 0.2s ease;\n\t}\n\n\t.section-long-text__content a:hover {\n\t\tcolor: #008f86;\n\t}\n\n\t.section-long-text__content ul, .section-long-text__content .wp-block-list.list-view {\n\t\tlist-style: none;\n\t\tpadding-left: 0;\n\t\tmargin: 24px 0;\n\t}\n\n\t.section-long-text__content ul li, .section-long-text__content .wp-block-list.list-view li {\n\t\tposition: relative;\n\t\tpadding-left: 20px;\n\t\tmargin-bottom: 10px;\n\t\tcolor: #2f2320;\n\t\tline-height: 1.6;\n\t}\n\n\t.section-long-text__content ul li::before, .section-long-text__content .wp-block-list.list-view li::before {\n\t\tcontent: '';\n\t\tposition: absolute;\n\t\tleft: 0;\n\t\ttop: 0.6em;\n\t\twidth: 8px;\n\t\theight: 8px;\n\t\tbackground-color: #00a59a;\n\t\tborder-radius: 50%;\n\t\tpointer-events: none;\n\t}\n\n\t.section-long-text__content .wp-block-table.advanced_table table {\n\t\twidth: 100%;\n\t\tborder-collapse: separate;\n\t\tborder-spacing: 0;\n\t\tborder-radius: 16px;\n\t\toverflow: hidden;\n\t\tborder: 1px solid rgb(9 110 103 \/ 9%);\n\t\tbackground-image: linear-gradient(to bottom, #e6eff9, #f9f8e7);\n\t}\n\n\t.section-long-text__content .wp-block-table.advanced_table {\n\t\tbox-shadow: 0 4px 20px rgba(9, 110, 103, 0.15);\n\t\tborder-radius: 16px;\n\t\toverflow: hidden;\n\t\tmargin: 30px 0;\n\t}\n\n\t.section-long-text__content .wp-block-table.advanced_table th,\n\t.section-long-text__content .wp-block-table.advanced_table td {\n\t\tborder: none;\n\t}\n\n\t.section-long-text__content .wp-block-table.advanced_table thead th {\n\t\tbackground-color: #00a59a;\n\t\tcolor: #fff;\n\t\tfont-size: 16px;\n\t\tfont-weight: 700;\n\t\ttext-align: left;\n\t\tpadding: 20px 24px;\n\t\tborder-bottom: 1px solid rgb(9 110 103 \/ 15%);\n\t}\n\n\t.section-long-text__content .wp-block-table.advanced_table tbody td {\n\t\tpadding: 18px 24px;\n\t\tfont-size: 15px;\n\t\tcolor: #2f2320;\n\t\tborder-top: 1px solid rgb(9 110 103 \/ 9%);\n\t\tbackground: transparent;\n\t\ttransition: background 0.3s ease;\n\t\tborder-top: none;\n\t}\n\n\t.section-long-text__content .wp-block-table.advanced_table tbody tr + tr td {\n\t\tborder-top: 1px solid rgb(9 110 103 \/ 9%);\n\t}\n\n\t.section-long-text__content .wp-block-table.advanced_table tbody tr:hover td {\n\t\tbackground: rgba(0, 165, 154, 0.05);\n\t}\n\n\t.section-long-text__content .wp-block-table.advanced_table thead th:not(:first-child),\n\t.section-long-text__content .wp-block-table.advanced_table tbody td:not(:first-child) {\n\t\ttext-align: center;\n\t}\n\n\t@media (max-width: 768px) {\n\t\t.section-long-text {\n\t\t\tmargin-top: 24px;\n\t\t\tmargin-bottom: 42px;\n\t\t}\n \t\n        .section-long-text .container {\n           padding: 0;\n        }\n\n\t\t.section-long-text__title {\n\t\t\tfont-size: 26px;\n\t\t}\n\n\t\t.section-long-text__description {\n\t\t\tfont-size: 16px;\n\t\t}\n\n\t\t.section-long-text__content h2 {\n\t\t\tfont-size: 22px;\n\t\t}\n\n\t\t.section-long-text__content h3 {\n\t\t\tfont-size: 20px;\n\t\t}\n\n\t\t.section-long-text__content h4 {\n\t\t\tfont-size: 18px;\n\t\t}\n\n\t\t.section-long-text__content .wp-block-table.advanced_table {\n\t\t\tmargin-top: 40px;\n\t\t}\n\n\t\t.section-long-text__content .wp-block-table.advanced_table thead th {\n\t\t\tfont-size: 14px;\n\t\t\tpadding: 14px 12px;\n\t\t}\n\n\t\t.section-long-text__content .wp-block-table.advanced_table tbody td {\n\t\t\tfont-size: 14px;\n\t\t\tpadding: 14px 12px;\n\t\t}\n\t}\n\n\t@media (max-width: 480px) {\n\t\t.section-long-text__content .wp-block-table.advanced_table thead th {\n\t\t\tfont-size: 12px;\n\t\t\tpadding: 10px 8px;\n\t\t}\n\n\t\t.section-long-text__content .wp-block-table.advanced_table tbody td {\n\t\t\tfont-size: 12px;\n\t\t\tpadding: 10px 8px;\n\t\t}\n\t}\n<\/style>\n\n<section class=\"section-long-text\">\n\t<div class=\"container\">\n\n\t\t\t\t\t<h1 class=\"section-long-text__title\">Fondamenti delle criptovalute<\/h1>\n\t\t\n\t\t\n\t\t\t\t\t<div class=\"section-long-text__content\">\n\t\t\t\t<p>In questa pagina, i concetti di base degli investimenti e delle criptovalute sono spiegati per le persone che scoprono questi argomenti per la prima volta.<\/p>\n<p>I termini tecnici sono evitati il pi\u00f9 possibile e vengono presentati in modo conciso e chiaro solo i punti pi\u00f9 importanti.<\/p>\n<p>\u203b Questa pagina \u00e8 fornita esclusivamente a scopo informativo e non costituisce una raccomandazione o una consulenza di investimento.<br \/>\n\u203b I risultati degli investimenti o i guadagni non sono garantiti.<\/p>\n<h4>1. Che cosa sono le criptovalute&nbsp;?<\/h4>\n<p>Le criptovalute sono una forma di asset digitali che possono essere trasferiti tramite Internet.<\/p>\n<p>Non sono gestite in modo centralizzato come un conto bancario&nbsp;; i dati delle transazioni vengono registrati e verificati tramite sistemi tecnologici.<\/p>\n<p><strong>Punti importanti (da ricordare prima di tutto)<\/strong><\/p>\n<ul class=\"wp-block-list list-view\">\n<li>asset gestiti in forma digitale (nessuna moneta o banconota fisica)<\/li>\n<li>uso frequente della tecnologia blockchain<\/li>\n<li>il prezzo varia in base alla domanda e all\u2019offerta sul mercato<\/li>\n<\/ul>\n<h4>Spiegazione semplice di alcuni termini<\/h4>\n<figure class=\"wp-block-table advanced_table\">\n<table class=\"has-fixed-layout\">\n<thead>\n<tr>\n<th><strong>Termine<\/strong><\/th>\n<th><strong>Spiegazione semplice<\/strong><\/th>\n<\/tr>\n<\/thead>\n<tbody>\n<tr>\n<td>Criptovaluta<\/td>\n<td>Asset digitale gestito e trasferito tramite Internet<\/td>\n<\/tr>\n<tr>\n<td>Blockchain<\/td>\n<td>Sistema che registra i dati delle transazioni in modo collegato e verificabile da tutti<\/td>\n<\/tr>\n<tr>\n<td>Domanda e offerta<\/td>\n<td>Quando molte persone vogliono acquistare, il prezzo aumenta&nbsp;; quando molti vogliono vendere, il prezzo diminuisce<\/td>\n<\/tr>\n<\/tbody>\n<\/table>\n<\/figure>\n<h4>Funzionamento \u2013 rappresentazione semplificata<\/h4>\n<p>Viene effettuata una transazione<\/p>\n<p>\u2193<\/p>\n<p>Viene registrata sotto forma di dati (\u00ab&nbsp;blocco&nbsp;\u00bb)<\/p>\n<p>\u2193<\/p>\n<p>Pi\u00f9 partecipanti della rete confermano e condividono queste informazioni<\/p>\n<p>\u2193<\/p>\n<p>La cronologia delle transazioni viene conservata in una forma molto difficile da modificare<\/p>\n<p>\u203b Il funzionamento esatto e le caratteristiche possono variare a seconda della criptovaluta.<\/p>\n<h4>2. Perch\u00e9 il prezzo fluttua&nbsp;?<\/h4>\n<p>Il prezzo delle criptovalute varia \u2014 come quello delle azioni o delle valute \u2014 a causa di diversi fattori.<\/p>\n<p>In generale, non esiste una sola causa che spieghi i movimenti di prezzo. Le variazioni sono spesso il risultato della combinazione di pi\u00f9 fattori.<\/p>\n<figure class=\"wp-block-table advanced_table\">\n<table class=\"has-fixed-layout\">\n<thead>\n<tr>\n<th><strong>Fattore<\/strong><\/th>\n<th><strong>Esempio<\/strong><\/th>\n<th><strong>Possibile impatto<\/strong><\/th>\n<\/tr>\n<\/thead>\n<tbody>\n<tr>\n<td>Volume di trading<\/td>\n<td>Aumento degli acquisti o delle vendite<\/td>\n<td>Le variazioni di prezzo possono diventare pi\u00f9 marcate<\/td>\n<\/tr>\n<tr>\n<td>Notizie di mercato<\/td>\n<td>Regolamentazioni, eventi, decisioni aziendali<\/td>\n<td>Possono verificarsi aumenti o diminuzioni improvvise<\/td>\n<\/tr>\n<tr>\n<td>Sentimento degli investitori<\/td>\n<td>Incertezza, aspettative<\/td>\n<td>Possono emergere situazioni di \u00ab&nbsp;ipercomprato&nbsp;\u00bb o \u00ab&nbsp;ipervenduto&nbsp;\u00bb<\/td>\n<\/tr>\n<tr>\n<td>Sviluppi globali<\/td>\n<td>Tassi di interesse, situazione economica, eventi geopolitici<\/td>\n<td>I prezzi possono variare a causa di comportamenti di avversione al rischio<\/td>\n<\/tr>\n<\/tbody>\n<\/table>\n<\/figure>\n<h4>Esempio semplificato di movimento del prezzo<\/h4>\n<p>Si verifica un evento o appare un\u2019informazione<\/p>\n<p>\u2193<\/p>\n<p>Pi\u00f9 persone desiderano acquistare o vendere<\/p>\n<p>\u2193<\/p>\n<p>L\u2019equilibrio tra domanda e offerta cambia<\/p>\n<p>\u2193<\/p>\n<p>Il prezzo aumenta o diminuisce<\/p>\n<h4>3. Che cos\u2019\u00e8 la volatilit\u00e0&nbsp;?<\/h4>\n<p>La volatilit\u00e0 descrive l\u2019ampiezza delle variazioni di prezzo di un asset.<\/p>\n<p>Le criptovalute possono presentare un\u2019elevata volatilit\u00e0, il che significa che i prezzi possono variare significativamente in poco tempo.<\/p>\n<p><strong>Punti importanti sulla volatilit\u00e0<\/strong><\/p>\n<ul class=\"wp-block-list list-view\">\n<li>concetto o indicatore che misura l\u2019intensit\u00e0 dei movimenti di prezzo<\/li>\n<li>maggiore \u00e8 la volatilit\u00e0, maggiori sono le variazioni di prezzo sia al rialzo che al ribasso<\/li>\n<li>i movimenti di prezzo inattesi possono verificarsi pi\u00f9 frequentemente<\/li>\n<\/ul>\n<p>Per questo motivo, una corretta gestione del rischio \u00e8 particolarmente importante.<\/p>\n<h4>Confronto (esempio)<\/h4>\n<figure class=\"wp-block-table advanced_table\">\n<table class=\"has-fixed-layout\">\n<thead>\n<tr>\n<th><strong>Situazione<\/strong><\/th>\n<th><strong>Caratteristica<\/strong><\/th>\n<th><strong>A cosa devono prestare attenzione gli utenti<\/strong><\/th>\n<\/tr>\n<\/thead>\n<tbody>\n<tr>\n<td>Bassa volatilit\u00e0<\/td>\n<td>I movimenti di prezzo sono relativamente stabili e moderati<\/td>\n<td>Osservare il mercato in modo equilibrato<\/td>\n<\/tr>\n<tr>\n<td>Alta volatilit\u00e0<\/td>\n<td>Il prezzo pu\u00f2 aumentare o diminuire significativamente in poco tempo<\/td>\n<td>Esaminare attentamente i parametri, la gestione del rischio e le informazioni di mercato<\/td>\n<\/tr>\n<\/tbody>\n<\/table>\n<\/figure>\n<h4>4. Cosa significa gestione del rischio&nbsp;? (spiegazione semplice)<\/h4>\n<p>La gestione del rischio non significa evitare completamente le perdite.<\/p>\n<p>Si tratta piuttosto di prepararsi in anticipo per mantenere la calma anche in caso di movimenti di mercato inattesi.<\/p>\n<p><strong>Principi di base per principianti (esempi)<\/strong><\/p>\n<ul class=\"wp-block-list list-view\">\n<li>evitare di prendere decisioni importanti in modo impulsivo<\/li>\n<li>considerare che i movimenti di prezzo possono essere significativi<\/li>\n<li>utilizzare le informazioni come riferimento e analizzarle in modo strutturato<\/li>\n<li>in caso di incertezza, verificare i parametri o sospendere temporaneamente l\u2019utilizzo<\/li>\n<\/ul>\n<h4>Cosa \u00e8 possibile fare con Alpition (funzioni di base)<\/h4>\n<p>Con Alpition, \u00e8 possibile utilizzare le seguenti funzioni per comprendere meglio le informazioni di mercato&nbsp;:<\/p>\n<ul class=\"wp-block-list list-view\">\n<li>selezionare le coppie di trading e consultare le informazioni in modo strutturato<\/li>\n<li>utilizzare condizioni di prezzo e notifiche per individuare i cambiamenti<\/li>\n<li>gestire la situazione del mercato in modo chiaro tramite la dashboard<\/li>\n<\/ul>\n<p>\u203b Alpition non prende alcuna decisione di investimento.<\/p>\n\t\t\t<\/div>\n\t\t\n\t<\/div>\n<\/section>\n\n\n\n<div class=\"wp-block-group faq-full-width\"><div class=\"wp-block-group__inner-container is-layout-constrained wp-block-group-is-layout-constrained\"><style>\n    .faq__block {\n        padding-bottom: 140px;\n    }\n\n    .faq__wrapper {\n        display: flex;\n        gap: 108px;\n        flex-direction: row;\n    }\n\n    .faq__wrapper--title h2 {\n        font-size: 62px;\n        line-height: 56px;\n        font-weight: 600;\n        max-width: 450px;\n    }\n\n    .faq-accordion .faq__question {\n        font-weight: 600;\n        font-size: 20px;\n        line-height: 24px;\n        letter-spacing: 0.2px;\n        padding: 24px 0;\n        cursor: pointer;\n        border-bottom: 1px solid #70707033;\n        display: flex;\n    }\n\n    .faq-accordion .faq__answer {\n        max-height: 0;\n        overflow: hidden;\n        margin-top: 8px;\n        color: #333;\n        opacity: 0;\n    }\n\n    .faq-accordion.active .faq__answer {\n        max-height: 500px;\n        opacity: 1;\n        color: #707070;\n        line-height: 26px;\n    }\n\n    .faq-accordion .faq__arrow {\n        margin-left: auto;\n    }\n\n    .faq-accordion .faq__arrow svg {\n        color: #707070;\n    }\n\n    .faq-accordion.active .faq__arrow {\n        transform: rotate(180deg);\n    }\n\n    @media(max-width: 991px) {\n        .faq__wrapper {\n            flex-direction: column;\n            gap: 24px;\n        }\n\n        .faq__wrapper--title h2 {\n            font-size: 28px;\n            line-height: 36px;\n        }\n\n        .faq-accordion .faq__question {\n            font-size: 18px;\n            line-height: 24px;\n            padding: 20px 0;\n        }\n\n        .faq__block {\n            padding-bottom: 60px;\n        }\n    }\n<\/style>\n<section class=\"faq__block\">\n    <div class=\"container\">\n        <div class=\"faq__wrapper\">\n            <div class=\"faq__wrapper--title\">\n                   \n                    <h2>5. Domande frequenti (basi)<\/h2>\n                            <\/div>\n                            <div class=\"faq-wrapper__row\">\n                                            <div class=\"faq-accordion\">\n                            <div class=\"faq__question\">\n                                <span>Le criptovalute sono sempre molto volatili?<\/span>\n                                <span class=\"faq__arrow\"><svg width=\"24\" height=\"24\" viewBox=\"0 0 24 24\" fill=\"none\" xmlns=\"http:\/\/www.w3.org\/2000\/svg\" class=\"shrink-0 text-bg-control dark:text-bg-controlDark transition\"><path fill-rule=\"evenodd\" clip-rule=\"evenodd\" d=\"M5.79289 9.29289C6.18342 8.90237 6.81658 8.90237 7.20711 9.29289L12 14.0858L16.7929 9.29289C17.1834 8.90237 17.8166 8.90237 18.2071 9.29289C18.5976 9.68342 18.5976 10.3166 18.2071 10.7071L12.7071 16.2071C12.3166 16.5976 11.6834 16.5976 11.2929 16.2071L5.79289 10.7071C5.40237 10.3166 5.40237 9.68342 5.79289 9.29289Z\" fill=\"currentColor\"><\/path><\/svg><\/span>\n                            <\/div>\n                            <div class=\"faq__answer\">\n                                <p><p>No. I prezzi non variano sempre in modo significativo, ma possono cambiare improvvisamente a seconda della situazione del mercato.<\/p>\n<\/p>\n                            <\/div>\n                        <\/div>\n                                            <div class=\"faq-accordion\">\n                            <div class=\"faq__question\">\n                                <span>Cosa pu\u00f2 succedere quando la volatilit\u00e0 \u00e8 elevata?<\/span>\n                                <span class=\"faq__arrow\"><svg width=\"24\" height=\"24\" viewBox=\"0 0 24 24\" fill=\"none\" xmlns=\"http:\/\/www.w3.org\/2000\/svg\" class=\"shrink-0 text-bg-control dark:text-bg-controlDark transition\"><path fill-rule=\"evenodd\" clip-rule=\"evenodd\" d=\"M5.79289 9.29289C6.18342 8.90237 6.81658 8.90237 7.20711 9.29289L12 14.0858L16.7929 9.29289C17.1834 8.90237 17.8166 8.90237 18.2071 9.29289C18.5976 9.68342 18.5976 10.3166 18.2071 10.7071L12.7071 16.2071C12.3166 16.5976 11.6834 16.5976 11.2929 16.2071L5.79289 10.7071C5.40237 10.3166 5.40237 9.68342 5.79289 9.29289Z\" fill=\"currentColor\"><\/path><\/svg><\/span>\n                            <\/div>\n                            <div class=\"faq__answer\">\n                                <p><p>Il prezzo pu\u00f2 evolvere pi\u00f9 rapidamente del previsto, il che pu\u00f2 rendere le decisioni pi\u00f9 difficili.<\/p>\n<\/p>\n                            <\/div>\n                        <\/div>\n                                            <div class=\"faq-accordion\">\n                            <div class=\"faq__question\">\n                                <span>Da dove iniziare?<\/span>\n                                <span class=\"faq__arrow\"><svg width=\"24\" height=\"24\" viewBox=\"0 0 24 24\" fill=\"none\" xmlns=\"http:\/\/www.w3.org\/2000\/svg\" class=\"shrink-0 text-bg-control dark:text-bg-controlDark transition\"><path fill-rule=\"evenodd\" clip-rule=\"evenodd\" d=\"M5.79289 9.29289C6.18342 8.90237 6.81658 8.90237 7.20711 9.29289L12 14.0858L16.7929 9.29289C17.1834 8.90237 17.8166 8.90237 18.2071 9.29289C18.5976 9.68342 18.5976 10.3166 18.2071 10.7071L12.7071 16.2071C12.3166 16.5976 11.6834 16.5976 11.2929 16.2071L5.79289 10.7071C5.40237 10.3166 5.40237 9.68342 5.79289 9.29289Z\" fill=\"currentColor\"><\/path><\/svg><\/span>\n                            <\/div>\n                            <div class=\"faq__answer\">\n                                <p><p>\u00c8 utile iniziare comprendendo questi tre punti:<\/p>\n<ul class=\"wp-block-list list-view\">\n<li>che cosa sono le criptovalute<\/li>\n<li>perch\u00e9 i prezzi cambiano<\/li>\n<li>che cosa significa la volatilit\u00e0<\/li>\n<\/ul>\n<\/p>\n                            <\/div>\n                        <\/div>\n                                    <\/div>\n                    <\/div>\n    <\/div>\n<\/section>\n\n<script>\ndocument.addEventListener(\"DOMContentLoaded\", () => {\n    const accordions = document.querySelectorAll(\".faq-accordion\");\n\n    accordions.forEach((accordion) => {\n        const question = accordion.querySelector(\".faq__question\");\n\n        question.addEventListener(\"click\", () => {\n            accordion.classList.toggle(\"active\");\n        });\n    });\n});\n<\/script>\n\n\n\n<h2 class=\"wp-block-heading\" style=\"font-size:24px\"><strong>Pagine consigliate<\/strong><\/h2>\n<\/div><\/div>\n\n\n\n<p><strong>Primi passi  <\/strong><br>Guida di base per l\u2019utilizzo di Alpition.<\/p>\n\n\n\n<p><strong>Guida per principianti <\/strong><br>Informazioni importanti per il primo utilizzo.<\/p>\n\n\n\n<p><strong>Domande frequenti (FAQ) <\/strong><br>Risposte alle domande pi\u00f9 frequenti. <br>Avvertenza sui rischi. Informazioni importanti sui rischi e sulle condizioni di utilizzo della piattaforma.<\/p>\n\n\n\n<p><\/p>\n<script>\n    document.addEventListener(\"DOMContentLoaded\", function() {\n        fetch(\"\/wp-json\/geo\/v1\/country\", { cache: \"no-store\" })\n            .then(function(r) { return r.json(); })\n            .then(function(data) {\n                var country = (data.country || \"\").toLowerCase();\n\n                var mainFlag = document.querySelector(\".flag-geo\");\n                var randomFlags = document.querySelectorAll(\".flag-random\");\n\n                var allowedFlags = [\"fr\", \"de-ch\", \"it\", \"ja\", \"en\"];\n\n                var flagUrls = {\n                    fr: \"https:\/\/flagcdn.com\/fr.svg\",\n                    \"de-ch\": \"https:\/\/flagcdn.com\/ch.svg\",\n                    it: \"https:\/\/flagcdn.com\/it.svg\",\n                    ja: \"https:\/\/flagcdn.com\/jp.svg\",\n                    en: \"https:\/\/flagcdn.com\/gb.svg\"\n                };\n\n                if (mainFlag && country && country !== \"xx\") {\n                    mainFlag.src = \"https:\/\/flagcdn.com\/\" + country + \".svg\";\n                }\n\n                var excludeLangs = [];\n\n                if (country === \"fr\") excludeLangs.push(\"fr\");\n                if (country === \"it\") excludeLangs.push(\"it\");\n                if (country === \"jp\") excludeLangs.push(\"ja\");\n                if (country === \"ch\") excludeLangs.push(\"de-ch\");\n                if ([\"gb\", \"us\", \"au\", \"ca\", \"nz\", \"ie\"].indexOf(country) !== -1) excludeLangs.push(\"en\");\n\n                var remainingFlags = allowedFlags.filter(function(flag) {\n                    return excludeLangs.indexOf(flag) === -1;\n                });\n\n                for (var i = remainingFlags.length - 1; i > 0; i--) {\n                    var j = Math.floor(Math.random() * (i + 1));\n                    var temp = remainingFlags[i];\n                    remainingFlags[i] = remainingFlags[j];\n                    remainingFlags[j] = temp;\n                }\n\n                var selectedFlags = remainingFlags.slice(0, 3);\n\n                randomFlags.forEach(function(img, index) {\n                    var lang = selectedFlags[index];\n                    if (lang && flagUrls[lang]) {\n                        img.src = flagUrls[lang];\n                        img.setAttribute(\"data-lang\", lang);\n                    }\n                });\n            });\n    });\n    <\/script>","protected":false},"excerpt":{"rendered":"<p>Pagine consigliate Primi passi Guida di base per l\u2019utilizzo di Alpition. Guida per principianti Informazioni importanti per il primo utilizzo. Domande frequenti (FAQ) Risposte alle domande pi\u00f9 frequenti. Avvertenza sui rischi. Informazioni importanti sui rischi e sulle condizioni di utilizzo della piattaforma.<\/p>\n","protected":false},"author":1,"featured_media":0,"parent":0,"menu_order":0,"comment_status":"closed","ping_status":"closed","template":"","meta":{"_acf_changed":false,"footnotes":""},"class_list":["post-2771","page","type-page","status-publish","hentry"],"acf":[],"_links":{"self":[{"href":"https:\/\/alpition.com\/it\/wp-json\/wp\/v2\/pages\/2771","targetHints":{"allow":["GET"]}}],"collection":[{"href":"https:\/\/alpition.com\/it\/wp-json\/wp\/v2\/pages"}],"about":[{"href":"https:\/\/alpition.com\/it\/wp-json\/wp\/v2\/types\/page"}],"author":[{"embeddable":true,"href":"https:\/\/alpition.com\/it\/wp-json\/wp\/v2\/users\/1"}],"replies":[{"embeddable":true,"href":"https:\/\/alpition.com\/it\/wp-json\/wp\/v2\/comments?post=2771"}],"version-history":[{"count":0,"href":"https:\/\/alpition.com\/it\/wp-json\/wp\/v2\/pages\/2771\/revisions"}],"wp:attachment":[{"href":"https:\/\/alpition.com\/it\/wp-json\/wp\/v2\/media?parent=2771"}],"curies":[{"name":"wp","href":"https:\/\/api.w.org\/{rel}","templated":true}]}}